{"id":1042,"date":"2025-01-09T22:20:34","date_gmt":"2025-01-09T21:20:34","guid":{"rendered":"https:\/\/www.praxis-ilsegassner.li\/?page_id=1042"},"modified":"2025-01-09T22:40:47","modified_gmt":"2025-01-09T21:40:47","slug":"seminare","status":"publish","type":"page","link":"https:\/\/www.praxis-ilsegassner.li\/?page_id=1042","title":{"rendered":"Seminare"},"content":{"rendered":"\t\t<div data-elementor-type=\"wp-page\" data-elementor-id=\"1042\" class=\"elementor elementor-1042\">\n\t\t\t\t\t\t<section class=\"elementor-section elementor-top-section elementor-element elementor-element-cf8122f elementor-section-boxed elementor-section-height-default elementor-section-height-default\" data-id=\"cf8122f\" data-element_type=\"section\">\n\t\t\t\t\t\t\t<div class=\"elementor-background-overlay\"><\/div>\n\t\t\t\t\t\t\t<div class=\"elementor-container elementor-column-gap-default\">\n\t\t\t\t\t<div class=\"elementor-column elementor-col-100 elementor-top-column elementor-element elementor-element-9728c11\" data-id=\"9728c11\" data-element_type=\"column\">\n\t\t\t<div class=\"elementor-widget-wrap elementor-element-populated\">\n\t\t\t\t\t\t<div class=\"elementor-element elementor-element-bc949f4 elementor-widget elementor-widget-spacer\" data-id=\"bc949f4\" data-element_type=\"widget\" data-widget_type=\"spacer.default\">\n\t\t\t\t<div class=\"elementor-widget-container\">\n\t\t\t\t\t\t\t<div class=\"elementor-spacer\">\n\t\t\t<div class=\"elementor-spacer-inner\"><\/div>\n\t\t<\/div>\n\t\t\t\t\t\t<\/div>\n\t\t\t\t<\/div>\n\t\t\t\t<div class=\"elementor-element elementor-element-ad002d2 elementor-widget elementor-widget-heading\" data-id=\"ad002d2\" data-element_type=\"widget\" data-widget_type=\"heading.default\">\n\t\t\t\t<div class=\"elementor-widget-container\">\n\t\t\t\t\t<h2 class=\"elementor-heading-title elementor-size-default\">Seminare<\/h2>\t\t\t\t<\/div>\n\t\t\t\t<\/div>\n\t\t\t\t<div class=\"elementor-element elementor-element-744a6d6 elementor-widget elementor-widget-text-editor\" data-id=\"744a6d6\" data-element_type=\"widget\" data-widget_type=\"text-editor.default\">\n\t\t\t\t<div class=\"elementor-widget-container\">\n\t\t\t\t\t\t\t\t\t<h3><span style=\"font-weight: 400;\">Das Gegenteil von Burnout<\/span><\/h3><p><span style=\"font-weight: 400;\">F\u00fchlst du dich von den Anforderungen des modernen Lebens \u00fcberw\u00e4ltigt, in dem Stress und Ersch\u00f6pfung den Alltag zu beherrschen scheinen? K\u00e4mpfst du darum, inmitten des Chaos u dir selbst zu finden?<\/span><\/p><p><span style=\"font-weight: 400;\">Stell dir vor, du betrittst einen Raum, in dem du dich geerdet, erm\u00e4chigt und unterst\u00fctzt f\u00fchlst.<\/span><\/p><p><span style=\"font-weight: 400;\">Unser Workshop zeigt dir den Weg zu einem Leben voller Ausgeglichenheit, Widerstandskraft und Vitalit\u00e4t. In nur zwei Tagen wirst du dich auf eine Reise der Selbstfindung und Selbsterm\u00e4chtigung begeben.<\/span><\/p><p><span style=\"font-weight: 400;\">Wir verbinden traditionell japanische Praktiken und Weisheiten mit modernen Techniken, um K\u00f6rper, Geist und Seele in Einklang zu bringen und unsere Kraft zu sp\u00fcren. Durch intensives Erleben und praktisches Lernen gewinnen wir wertvolle Einsichten, wie wir mit den Herausforderungen des Lebens fliessen k\u00f6nnen, anstatt uns ihnen zu widersetzen, und wir in jeder Situation ein Gef\u00fchl von Ruhe und Zentriertheit entwickeln k\u00f6nnen.<\/span><\/p><p><span style=\"font-weight: 400;\">In diesem Workshop geht es nicht um eine vor\u00fcbergehende L\u00f6sung, sondern darum, dich mit praktischen Werkzeugen, individuellen Strategien und einem neuen Sinn f\u00fcr deine Ziele auszustatten, damit du die H\u00f6hen und Tiefen des Lebens mit Anmut und Widerstandskraft meistern kannst.<\/span><\/p><p><span style=\"font-weight: 400;\">Mache den ersten Schritt in eine bessere, ausgeglichenere Zukunft und nimm an unserem Workshop \u00abDas Gegenteil von Burnout\u00bb teil. Die Pl\u00e4tze sind begrenzt, also melde dich noch heute an und begib dich auf eine Reise, auf der du Freude, Vitalit\u00e4t und Wohlbefinden wiederentdeckst!<\/span><\/p>\t\t\t\t\t\t\t\t<\/div>\n\t\t\t\t<\/div>\n\t\t\t\t<section class=\"elementor-section elementor-inner-section elementor-element elementor-element-d73bd4b elementor-section-boxed elementor-section-height-default elementor-section-height-default\" data-id=\"d73bd4b\" data-element_type=\"section\">\n\t\t\t\t\t\t<div class=\"elementor-container elementor-column-gap-default\">\n\t\t\t\t\t<div class=\"elementor-column elementor-col-50 elementor-inner-column elementor-element elementor-element-61efeb2\" data-id=\"61efeb2\" data-element_type=\"column\">\n\t\t\t<div class=\"elementor-widget-wrap elementor-element-populated\">\n\t\t\t\t\t\t<div class=\"elementor-element elementor-element-2e9c70f elementor-widget elementor-widget-text-editor\" data-id=\"2e9c70f\" data-element_type=\"widget\" data-widget_type=\"text-editor.default\">\n\t\t\t\t<div class=\"elementor-widget-container\">\n\t\t\t\t\t\t\t\t\t<p><span style=\"font-weight: 400;\">14.6.25\u00a0 <\/span><\/p><p><span style=\"font-weight: 400;\">15.6.25\u00a0<\/span><\/p><p>Kosten<\/p><p>Leitung<\/p><p>Anmeldung<\/p>\t\t\t\t\t\t\t\t<\/div>\n\t\t\t\t<\/div>\n\t\t\t\t\t<\/div>\n\t\t<\/div>\n\t\t\t\t<div class=\"elementor-column elementor-col-50 elementor-inner-column elementor-element elementor-element-31369d0\" data-id=\"31369d0\" data-element_type=\"column\">\n\t\t\t<div class=\"elementor-widget-wrap elementor-element-populated\">\n\t\t\t\t\t\t<div class=\"elementor-element elementor-element-1a1ef00 elementor-widget elementor-widget-text-editor\" data-id=\"1a1ef00\" data-element_type=\"widget\" data-widget_type=\"text-editor.default\">\n\t\t\t\t<div class=\"elementor-widget-container\">\n\t\t\t\t\t\t\t\t\t<p>10.00 bis 17.00 Uhr<\/p><p>09.00 bis 13.00 Uhr<\/p><p>CHF 210<\/p><p><span style=\"font-weight: 400;\">Radu Robutu, Aikido Shihan, Shin-Shin-Toitsu-Do Lehrer, Kamae Coach<\/span><\/p><p>praxis@ilsegassner.li +423 233 29 60<\/p>\t\t\t\t\t\t\t\t<\/div>\n\t\t\t\t<\/div>\n\t\t\t\t\t<\/div>\n\t\t<\/div>\n\t\t\t\t\t<\/div>\n\t\t<\/section>\n\t\t\t\t\t<\/div>\n\t\t<\/div>\n\t\t\t\t\t<\/div>\n\t\t<\/section>\n\t\t\t\t<section class=\"elementor-section elementor-top-section elementor-element elementor-element-f40aa92 elementor-section-boxed elementor-section-height-default elementor-section-height-default\" data-id=\"f40aa92\" data-element_type=\"section\">\n\t\t\t\t\t\t<div class=\"elementor-container elementor-column-gap-default\">\n\t\t\t\t\t<div class=\"elementor-column elementor-col-100 elementor-top-column elementor-element elementor-element-67045c8\" data-id=\"67045c8\" data-element_type=\"column\">\n\t\t\t<div class=\"elementor-widget-wrap elementor-element-populated\">\n\t\t\t\t\t\t<div class=\"elementor-element elementor-element-a0d39b6 elementor-widget elementor-widget-text-editor\" data-id=\"a0d39b6\" data-element_type=\"widget\" data-widget_type=\"text-editor.default\">\n\t\t\t\t<div class=\"elementor-widget-container\">\n\t\t\t\t\t\t\t\t\t<p><a href=\"http:\/\/www.praxis-ilsegassner.li\/?page_id=521\">zur\u00fcck zur \u00dcbersicht<\/a><\/p>\t\t\t\t\t\t\t\t<\/div>\n\t\t\t\t<\/div>\n\t\t\t\t<div class=\"elementor-element elementor-element-8103c84 elementor-widget-divider--view-line elementor-widget elementor-widget-divider\" data-id=\"8103c84\" data-element_type=\"widget\" data-widget_type=\"divider.default\">\n\t\t\t\t<div class=\"elementor-widget-container\">\n\t\t\t\t\t\t\t<div class=\"elementor-divider\">\n\t\t\t<span class=\"elementor-divider-separator\">\n\t\t\t\t\t\t<\/span>\n\t\t<\/div>\n\t\t\t\t\t\t<\/div>\n\t\t\t\t<\/div>\n\t\t\t\t\t<\/div>\n\t\t<\/div>\n\t\t\t\t\t<\/div>\n\t\t<\/section>\n\t\t\t\t<section class=\"elementor-section elementor-top-section elementor-element elementor-element-15ff29f elementor-section-boxed elementor-section-height-default elementor-section-height-default\" data-id=\"15ff29f\" data-element_type=\"section\">\n\t\t\t\t\t\t<div class=\"elementor-container elementor-column-gap-default\">\n\t\t\t\t\t<div class=\"elementor-column elementor-col-100 elementor-top-column elementor-element elementor-element-72730df\" data-id=\"72730df\" data-element_type=\"column\">\n\t\t\t<div class=\"elementor-widget-wrap elementor-element-populated\">\n\t\t\t\t\t\t<div class=\"elementor-element elementor-element-fc90d60 elementor-widget__width-initial elementor-widget elementor-widget-text-editor\" data-id=\"fc90d60\" data-element_type=\"widget\" data-widget_type=\"text-editor.default\">\n\t\t\t\t<div class=\"elementor-widget-container\">\n\t\t\t\t\t\t\t\t\t<p>Naturheilpraxis Ilse Gassner-Gst\u00f6hl<br \/>Bahnstrasse 54<br \/>9494 Schaan<\/p><p>praxis@ilsegassner.li<br \/>+423 233 29 60<\/p>\t\t\t\t\t\t\t\t<\/div>\n\t\t\t\t<\/div>\n\t\t\t\t\t<\/div>\n\t\t<\/div>\n\t\t\t\t\t<\/div>\n\t\t<\/section>\n\t\t\t\t<\/div>\n\t\t","protected":false},"excerpt":{"rendered":"<p>Seminare Das Gegenteil von Burnout F\u00fchlst du dich von den Anforderungen des modernen Lebens \u00fcberw\u00e4ltigt, in dem Stress und Ersch\u00f6pfung den Alltag zu beherrschen scheinen? K\u00e4mpfst du darum, inmitten des Chaos u dir selbst zu finden? Stell dir vor, du betrittst einen Raum, in dem du dich geerdet, erm\u00e4chigt und unterst\u00fctzt f\u00fchlst. Unser Workshop zeigt [&hellip;]<\/p>\n","protected":false},"author":1,"featured_media":0,"parent":0,"menu_order":0,"comment_status":"closed","ping_status":"closed","template":"elementor_header_footer","meta":{"footnotes":""},"class_list":["post-1042","page","type-page","status-publish","hentry"],"yoast_head":"<!-- This site is optimized with the Yoast SEO plugin v27.4 - https:\/\/yoast.com\/product\/yoast-seo-wordpress\/ -->\n<title>Praxisbeschreibung<\/title>\n<meta name=\"description\" content=\"Die ganze Praxis ist ca. 200 m2 gross und beinhaltet nebst Empfang, Warteraum, Labor und f\u00fcnf Behandlungsr\u00e4umen auch einen Seminarraum mit 50 m2, in dem wir vorwiegend hauseigene Seminare durchf\u00fchren (verlangen Sie unser Seminarprogramm).\" \/>\n<meta name=\"robots\" content=\"index, follow, max-snippet:-1, max-image-preview:large, max-video-preview:-1\" \/>\n<link rel=\"canonical\" href=\"https:\/\/www.praxis-ilsegassner.li\/?page_id=1042\" \/>\n<meta property=\"og:locale\" content=\"de_DE\" \/>\n<meta property=\"og:type\" content=\"article\" \/>\n<meta property=\"og:title\" content=\"Praxisbeschreibung\" \/>\n<meta property=\"og:description\" content=\"Die ganze Praxis ist ca. 200 m2 gross und beinhaltet nebst Empfang, Warteraum, Labor und f\u00fcnf Behandlungsr\u00e4umen auch einen Seminarraum mit 50 m2, in dem wir vorwiegend hauseigene Seminare durchf\u00fchren (verlangen Sie unser Seminarprogramm).\" \/>\n<meta property=\"og:url\" content=\"https:\/\/www.praxis-ilsegassner.li\/?page_id=1042\" \/>\n<meta property=\"og:site_name\" content=\"Naturheilpraxis Ilse Gassner\" \/>\n<meta property=\"article:modified_time\" content=\"2025-01-09T21:40:47+00:00\" \/>\n<meta name=\"twitter:card\" content=\"summary_large_image\" \/>\n<meta name=\"twitter:label1\" content=\"Gesch\u00e4tzte Lesezeit\" \/>\n\t<meta name=\"twitter:data1\" content=\"2\u00a0Minuten\" \/>\n<script type=\"application\/ld+json\" class=\"yoast-schema-graph\">{\"@context\":\"https:\\\/\\\/schema.org\",\"@graph\":[{\"@type\":\"WebPage\",\"@id\":\"https:\\\/\\\/www.praxis-ilsegassner.li\\\/?page_id=1042\",\"url\":\"https:\\\/\\\/www.praxis-ilsegassner.li\\\/?page_id=1042\",\"name\":\"Praxisbeschreibung\",\"isPartOf\":{\"@id\":\"https:\\\/\\\/www.praxis-ilsegassner.li\\\/#website\"},\"datePublished\":\"2025-01-09T21:20:34+00:00\",\"dateModified\":\"2025-01-09T21:40:47+00:00\",\"description\":\"Die ganze Praxis ist ca. 200 m2 gross und beinhaltet nebst Empfang, Warteraum, Labor und f\u00fcnf Behandlungsr\u00e4umen auch einen Seminarraum mit 50 m2, in dem wir vorwiegend hauseigene Seminare durchf\u00fchren (verlangen Sie unser Seminarprogramm).\",\"breadcrumb\":{\"@id\":\"https:\\\/\\\/www.praxis-ilsegassner.li\\\/?page_id=1042#breadcrumb\"},\"inLanguage\":\"de\",\"potentialAction\":[{\"@type\":\"ReadAction\",\"target\":[\"https:\\\/\\\/www.praxis-ilsegassner.li\\\/?page_id=1042\"]}]},{\"@type\":\"BreadcrumbList\",\"@id\":\"https:\\\/\\\/www.praxis-ilsegassner.li\\\/?page_id=1042#breadcrumb\",\"itemListElement\":[{\"@type\":\"ListItem\",\"position\":1,\"name\":\"Startseite\",\"item\":\"https:\\\/\\\/www.praxis-ilsegassner.li\\\/\"},{\"@type\":\"ListItem\",\"position\":2,\"name\":\"Seminare\"}]},{\"@type\":\"WebSite\",\"@id\":\"https:\\\/\\\/www.praxis-ilsegassner.li\\\/#website\",\"url\":\"https:\\\/\\\/www.praxis-ilsegassner.li\\\/\",\"name\":\"Naturheilpraxis Ilse Gassner\",\"description\":\"Gesundheit hat viele Facetten\",\"publisher\":{\"@id\":\"https:\\\/\\\/www.praxis-ilsegassner.li\\\/#organization\"},\"potentialAction\":[{\"@type\":\"SearchAction\",\"target\":{\"@type\":\"EntryPoint\",\"urlTemplate\":\"https:\\\/\\\/www.praxis-ilsegassner.li\\\/?s={search_term_string}\"},\"query-input\":{\"@type\":\"PropertyValueSpecification\",\"valueRequired\":true,\"valueName\":\"search_term_string\"}}],\"inLanguage\":\"de\"},{\"@type\":\"Organization\",\"@id\":\"https:\\\/\\\/www.praxis-ilsegassner.li\\\/#organization\",\"name\":\"Naturheilpraxis Ilse Gassner\",\"url\":\"https:\\\/\\\/www.praxis-ilsegassner.li\\\/\",\"logo\":{\"@type\":\"ImageObject\",\"inLanguage\":\"de\",\"@id\":\"https:\\\/\\\/www.praxis-ilsegassner.li\\\/#\\\/schema\\\/logo\\\/image\\\/\",\"url\":\"https:\\\/\\\/www.praxis-ilsegassner.li\\\/wp-content\\\/uploads\\\/2021\\\/04\\\/O-Praxislogo_Gassner_Gst_hl.jpg\",\"contentUrl\":\"https:\\\/\\\/www.praxis-ilsegassner.li\\\/wp-content\\\/uploads\\\/2021\\\/04\\\/O-Praxislogo_Gassner_Gst_hl.jpg\",\"width\":827,\"height\":299,\"caption\":\"Naturheilpraxis Ilse Gassner\"},\"image\":{\"@id\":\"https:\\\/\\\/www.praxis-ilsegassner.li\\\/#\\\/schema\\\/logo\\\/image\\\/\"}}]}<\/script>\n<!-- \/ Yoast SEO plugin. -->","yoast_head_json":{"title":"Praxisbeschreibung","description":"Die ganze Praxis ist ca. 200 m2 gross und beinhaltet nebst Empfang, Warteraum, Labor und f\u00fcnf Behandlungsr\u00e4umen auch einen Seminarraum mit 50 m2, in dem wir vorwiegend hauseigene Seminare durchf\u00fchren (verlangen Sie unser Seminarprogramm).","robots":{"index":"index","follow":"follow","max-snippet":"max-snippet:-1","max-image-preview":"max-image-preview:large","max-video-preview":"max-video-preview:-1"},"canonical":"https:\/\/www.praxis-ilsegassner.li\/?page_id=1042","og_locale":"de_DE","og_type":"article","og_title":"Praxisbeschreibung","og_description":"Die ganze Praxis ist ca. 200 m2 gross und beinhaltet nebst Empfang, Warteraum, Labor und f\u00fcnf Behandlungsr\u00e4umen auch einen Seminarraum mit 50 m2, in dem wir vorwiegend hauseigene Seminare durchf\u00fchren (verlangen Sie unser Seminarprogramm).","og_url":"https:\/\/www.praxis-ilsegassner.li\/?page_id=1042","og_site_name":"Naturheilpraxis Ilse Gassner","article_modified_time":"2025-01-09T21:40:47+00:00","twitter_card":"summary_large_image","twitter_misc":{"Gesch\u00e4tzte Lesezeit":"2\u00a0Minuten"},"schema":{"@context":"https:\/\/schema.org","@graph":[{"@type":"WebPage","@id":"https:\/\/www.praxis-ilsegassner.li\/?page_id=1042","url":"https:\/\/www.praxis-ilsegassner.li\/?page_id=1042","name":"Praxisbeschreibung","isPartOf":{"@id":"https:\/\/www.praxis-ilsegassner.li\/#website"},"datePublished":"2025-01-09T21:20:34+00:00","dateModified":"2025-01-09T21:40:47+00:00","description":"Die ganze Praxis ist ca. 200 m2 gross und beinhaltet nebst Empfang, Warteraum, Labor und f\u00fcnf Behandlungsr\u00e4umen auch einen Seminarraum mit 50 m2, in dem wir vorwiegend hauseigene Seminare durchf\u00fchren (verlangen Sie unser Seminarprogramm).","breadcrumb":{"@id":"https:\/\/www.praxis-ilsegassner.li\/?page_id=1042#breadcrumb"},"inLanguage":"de","potentialAction":[{"@type":"ReadAction","target":["https:\/\/www.praxis-ilsegassner.li\/?page_id=1042"]}]},{"@type":"BreadcrumbList","@id":"https:\/\/www.praxis-ilsegassner.li\/?page_id=1042#breadcrumb","itemListElement":[{"@type":"ListItem","position":1,"name":"Startseite","item":"https:\/\/www.praxis-ilsegassner.li\/"},{"@type":"ListItem","position":2,"name":"Seminare"}]},{"@type":"WebSite","@id":"https:\/\/www.praxis-ilsegassner.li\/#website","url":"https:\/\/www.praxis-ilsegassner.li\/","name":"Naturheilpraxis Ilse Gassner","description":"Gesundheit hat viele Facetten","publisher":{"@id":"https:\/\/www.praxis-ilsegassner.li\/#organization"},"potentialAction":[{"@type":"SearchAction","target":{"@type":"EntryPoint","urlTemplate":"https:\/\/www.praxis-ilsegassner.li\/?s={search_term_string}"},"query-input":{"@type":"PropertyValueSpecification","valueRequired":true,"valueName":"search_term_string"}}],"inLanguage":"de"},{"@type":"Organization","@id":"https:\/\/www.praxis-ilsegassner.li\/#organization","name":"Naturheilpraxis Ilse Gassner","url":"https:\/\/www.praxis-ilsegassner.li\/","logo":{"@type":"ImageObject","inLanguage":"de","@id":"https:\/\/www.praxis-ilsegassner.li\/#\/schema\/logo\/image\/","url":"https:\/\/www.praxis-ilsegassner.li\/wp-content\/uploads\/2021\/04\/O-Praxislogo_Gassner_Gst_hl.jpg","contentUrl":"https:\/\/www.praxis-ilsegassner.li\/wp-content\/uploads\/2021\/04\/O-Praxislogo_Gassner_Gst_hl.jpg","width":827,"height":299,"caption":"Naturheilpraxis Ilse Gassner"},"image":{"@id":"https:\/\/www.praxis-ilsegassner.li\/#\/schema\/logo\/image\/"}}]}},"_links":{"self":[{"href":"https:\/\/www.praxis-ilsegassner.li\/index.php?rest_route=\/wp\/v2\/pages\/1042","targetHints":{"allow":["GET"]}}],"collection":[{"href":"https:\/\/www.praxis-ilsegassner.li\/index.php?rest_route=\/wp\/v2\/pages"}],"about":[{"href":"https:\/\/www.praxis-ilsegassner.li\/index.php?rest_route=\/wp\/v2\/types\/page"}],"author":[{"embeddable":true,"href":"https:\/\/www.praxis-ilsegassner.li\/index.php?rest_route=\/wp\/v2\/users\/1"}],"replies":[{"embeddable":true,"href":"https:\/\/www.praxis-ilsegassner.li\/index.php?rest_route=%2Fwp%2Fv2%2Fcomments&post=1042"}],"version-history":[{"count":21,"href":"https:\/\/www.praxis-ilsegassner.li\/index.php?rest_route=\/wp\/v2\/pages\/1042\/revisions"}],"predecessor-version":[{"id":1078,"href":"https:\/\/www.praxis-ilsegassner.li\/index.php?rest_route=\/wp\/v2\/pages\/1042\/revisions\/1078"}],"wp:attachment":[{"href":"https:\/\/www.praxis-ilsegassner.li\/index.php?rest_route=%2Fwp%2Fv2%2Fmedia&parent=1042"}],"curies":[{"name":"wp","href":"https:\/\/api.w.org\/{rel}","templated":true}]}}