{"id":282,"date":"2021-04-16T20:26:44","date_gmt":"2021-04-16T18:26:44","guid":{"rendered":"http:\/\/www.praxis-ilsegassner.com.li\/?page_id=282"},"modified":"2021-05-13T16:38:35","modified_gmt":"2021-05-13T14:38:35","slug":"phytotherapie-2","status":"publish","type":"page","link":"https:\/\/www.praxis-ilsegassner.li\/?page_id=282","title":{"rendered":"Phytotherapie"},"content":{"rendered":"\t\t<div data-elementor-type=\"wp-page\" data-elementor-id=\"282\" class=\"elementor elementor-282\">\n\t\t\t\t\t\t<section class=\"elementor-section elementor-top-section elementor-element elementor-element-cf8122f elementor-section-boxed elementor-section-height-default elementor-section-height-default\" data-id=\"cf8122f\" data-element_type=\"section\">\n\t\t\t\t\t\t\t<div class=\"elementor-background-overlay\"><\/div>\n\t\t\t\t\t\t\t<div class=\"elementor-container elementor-column-gap-default\">\n\t\t\t\t\t<div class=\"elementor-column elementor-col-100 elementor-top-column elementor-element elementor-element-9728c11\" data-id=\"9728c11\" data-element_type=\"column\">\n\t\t\t<div class=\"elementor-widget-wrap elementor-element-populated\">\n\t\t\t\t\t\t<div class=\"elementor-element elementor-element-744a6d6 elementor-widget elementor-widget-text-editor\" data-id=\"744a6d6\" data-element_type=\"widget\" data-widget_type=\"text-editor.default\">\n\t\t\t\t<div class=\"elementor-widget-container\">\n\t\t\t\t\t\t\t\t\t<h3>Phytotherapie<\/h3><p>Die traditionelle Phytotherapie (Pflanzenheilkunde) geh\u00f6rt zu den \u00e4ltesten medizinischen Therapien und ist in allen Kulturen beheimatet. Sie baut auf jahrhundertelanger Erfahrung auf und wurde fr\u00fcher auch als Klostermedizin bezeichnet, da es im Mittelalter vorwiegend die Kl\u00f6ster waren, die das Wissen der Pflanzenheilkunde bewahrten und weitergaben.<\/p><p>\u00a0<\/p><p>Mittlerweile werden die Heilpflanzen nach wissenschaftlichen Standards getestet und die Inhaltsstoffe und Wirkweise nach pharmazeutischen Qualit\u00e4tsvorschriften in Arzneimittelb\u00fcchern beschrieben. Zur Anwendung kommen ganze Pflanzen oder Pflanzenteile (Bl\u00fcten, Bl\u00e4tter, Samen, Rinden, Wurzeln, Pulver) und werden frisch oder als Abkochung (Tee), Saft, Tinktur, \u00c4therisches \u00d6l etc., therapeutisch genutzt.<\/p><p>\u00a0<\/p><p>Pflanzen sind so individuell wie Menschen, und haben sowohl stoffliche als auch unstoffliche Wirkprinzipien. Wenn nun die sogenannte Pflanzen-Signatur (unstoffliches Prinzip der Pflanze) bei der Arzneimittelwahl mitber\u00fccksichtigt wird, so kann f\u00fcr jeden Menschen und seine Beschwerden das optimale Mittel gefunden werden.<\/p><p>Das Wesen der Kamille z.B. ist Geborgenheit, Geduld, Sanftmut und M\u00fctterlichkeit. Somit ist Kamille ein bew\u00e4hrtes Heilmittel in der Kinderheilkunde. Es wirkt beruhigend, krampfl\u00f6send und reizmildernd.<\/p><p>\u00a0<\/p><p>Das Wesen des L\u00f6wenzahns ist Wandlung, Anpassungsf\u00e4higkeit, W\u00e4rme und Lebenskraft. In der Naturheilkunde wird L\u00f6wenzahn unter anderem zur Anregung der Leberfunktion, zum Ausleiten und Entgiften eingesetzt.<\/p><p>\u00a0<\/p><p>In unserer Praxis werden Heilpflanzen meist in Kombination mit anderen Therapien eingesetzt, passend zum Menschen und seinem Wesen.<\/p>\t\t\t\t\t\t\t\t<\/div>\n\t\t\t\t<\/div>\n\t\t\t\t\t<\/div>\n\t\t<\/div>\n\t\t\t\t\t<\/div>\n\t\t<\/section>\n\t\t\t\t<section class=\"elementor-section elementor-top-section elementor-element elementor-element-f40aa92 elementor-section-boxed elementor-section-height-default elementor-section-height-default\" data-id=\"f40aa92\" data-element_type=\"section\">\n\t\t\t\t\t\t<div class=\"elementor-container elementor-column-gap-default\">\n\t\t\t\t\t<div class=\"elementor-column elementor-col-100 elementor-top-column elementor-element elementor-element-67045c8\" data-id=\"67045c8\" data-element_type=\"column\">\n\t\t\t<div class=\"elementor-widget-wrap elementor-element-populated\">\n\t\t\t\t\t\t<div class=\"elementor-element elementor-element-a0d39b6 elementor-widget elementor-widget-text-editor\" data-id=\"a0d39b6\" data-element_type=\"widget\" data-widget_type=\"text-editor.default\">\n\t\t\t\t<div class=\"elementor-widget-container\">\n\t\t\t\t\t\t\t\t\t<p><a href=\"http:\/\/www.praxis-ilsegassner.li\/?page_id=134\">zur\u00fcck zur \u00dcbersicht<\/a><\/p>\t\t\t\t\t\t\t\t<\/div>\n\t\t\t\t<\/div>\n\t\t\t\t<div class=\"elementor-element elementor-element-8103c84 elementor-widget-divider--view-line elementor-widget elementor-widget-divider\" data-id=\"8103c84\" data-element_type=\"widget\" data-widget_type=\"divider.default\">\n\t\t\t\t<div class=\"elementor-widget-container\">\n\t\t\t\t\t\t\t<div class=\"elementor-divider\">\n\t\t\t<span class=\"elementor-divider-separator\">\n\t\t\t\t\t\t<\/span>\n\t\t<\/div>\n\t\t\t\t\t\t<\/div>\n\t\t\t\t<\/div>\n\t\t\t\t\t<\/div>\n\t\t<\/div>\n\t\t\t\t\t<\/div>\n\t\t<\/section>\n\t\t\t\t<section class=\"elementor-section elementor-top-section elementor-element elementor-element-15ff29f elementor-section-boxed elementor-section-height-default elementor-section-height-default\" data-id=\"15ff29f\" data-element_type=\"section\">\n\t\t\t\t\t\t<div class=\"elementor-container elementor-column-gap-default\">\n\t\t\t\t\t<div class=\"elementor-column elementor-col-100 elementor-top-column elementor-element elementor-element-72730df\" data-id=\"72730df\" data-element_type=\"column\">\n\t\t\t<div class=\"elementor-widget-wrap elementor-element-populated\">\n\t\t\t\t\t\t<div class=\"elementor-element elementor-element-fc90d60 elementor-widget__width-initial elementor-widget elementor-widget-text-editor\" data-id=\"fc90d60\" data-element_type=\"widget\" data-widget_type=\"text-editor.default\">\n\t\t\t\t<div class=\"elementor-widget-container\">\n\t\t\t\t\t\t\t\t\t<p>Naturheilpraxis Ilse Gassner-Gst\u00f6hl<br \/>Bahnstrasse 54<br \/>9494 Schaan<\/p><p>praxis@ilsegassner.li<br \/>+423 233 29 60<\/p>\t\t\t\t\t\t\t\t<\/div>\n\t\t\t\t<\/div>\n\t\t\t\t\t<\/div>\n\t\t<\/div>\n\t\t\t\t\t<\/div>\n\t\t<\/section>\n\t\t\t\t<\/div>\n\t\t","protected":false},"excerpt":{"rendered":"<p>Phytotherapie Die traditionelle Phytotherapie (Pflanzenheilkunde) geh\u00f6rt zu den \u00e4ltesten medizinischen Therapien und ist in allen Kulturen beheimatet. Sie baut auf jahrhundertelanger Erfahrung auf und wurde fr\u00fcher auch als Klostermedizin bezeichnet, da es im Mittelalter vorwiegend die Kl\u00f6ster waren, die das Wissen der Pflanzenheilkunde bewahrten und weitergaben. \u00a0 Mittlerweile werden die Heilpflanzen nach wissenschaftlichen Standards getestet [&hellip;]<\/p>\n","protected":false},"author":1,"featured_media":0,"parent":0,"menu_order":0,"comment_status":"closed","ping_status":"closed","template":"elementor_header_footer","meta":{"footnotes":""},"class_list":["post-282","page","type-page","status-publish","hentry"],"yoast_head":"<!-- This site is optimized with the Yoast SEO plugin v27.4 - https:\/\/yoast.com\/product\/yoast-seo-wordpress\/ -->\n<title>Phytotherapie<\/title>\n<meta name=\"description\" content=\"Die traditionelle Phytotherapie (Pflanzenheilkunde) geh\u00f6rt zu den \u00e4ltesten medizinischen Therapien und ist in allen Kulturen beheimatet. Sie baut auf jahrhundertelanger Erfahrung auf und wurde fr\u00fcher auch als Klostermedizin bezeichnet, da es im Mittelalter vorwiegend die Kl\u00f6ster waren, die das Wissen der Pflanzenheilkunde bewahrten und weitergaben.\" \/>\n<meta name=\"robots\" content=\"index, follow, max-snippet:-1, max-image-preview:large, max-video-preview:-1\" \/>\n<link rel=\"canonical\" href=\"https:\/\/www.praxis-ilsegassner.li\/?page_id=282\" \/>\n<meta property=\"og:locale\" content=\"de_DE\" \/>\n<meta property=\"og:type\" content=\"article\" \/>\n<meta property=\"og:title\" content=\"Phytotherapie\" \/>\n<meta property=\"og:description\" content=\"Die traditionelle Phytotherapie (Pflanzenheilkunde) geh\u00f6rt zu den \u00e4ltesten medizinischen Therapien und ist in allen Kulturen beheimatet. Sie baut auf jahrhundertelanger Erfahrung auf und wurde fr\u00fcher auch als Klostermedizin bezeichnet, da es im Mittelalter vorwiegend die Kl\u00f6ster waren, die das Wissen der Pflanzenheilkunde bewahrten und weitergaben.\" \/>\n<meta property=\"og:url\" content=\"https:\/\/www.praxis-ilsegassner.li\/?page_id=282\" \/>\n<meta property=\"og:site_name\" content=\"Naturheilpraxis Ilse Gassner\" \/>\n<meta property=\"article:modified_time\" content=\"2021-05-13T14:38:35+00:00\" \/>\n<meta name=\"twitter:card\" content=\"summary_large_image\" \/>\n<meta name=\"twitter:label1\" content=\"Gesch\u00e4tzte Lesezeit\" \/>\n\t<meta name=\"twitter:data1\" content=\"1\u00a0Minute\" \/>\n<script type=\"application\/ld+json\" class=\"yoast-schema-graph\">{\"@context\":\"https:\\\/\\\/schema.org\",\"@graph\":[{\"@type\":\"WebPage\",\"@id\":\"https:\\\/\\\/www.praxis-ilsegassner.li\\\/?page_id=282\",\"url\":\"https:\\\/\\\/www.praxis-ilsegassner.li\\\/?page_id=282\",\"name\":\"Phytotherapie\",\"isPartOf\":{\"@id\":\"https:\\\/\\\/www.praxis-ilsegassner.li\\\/#website\"},\"datePublished\":\"2021-04-16T18:26:44+00:00\",\"dateModified\":\"2021-05-13T14:38:35+00:00\",\"description\":\"Die traditionelle Phytotherapie (Pflanzenheilkunde) geh\u00f6rt zu den \u00e4ltesten medizinischen Therapien und ist in allen Kulturen beheimatet. Sie baut auf jahrhundertelanger Erfahrung auf und wurde fr\u00fcher auch als Klostermedizin bezeichnet, da es im Mittelalter vorwiegend die Kl\u00f6ster waren, die das Wissen der Pflanzenheilkunde bewahrten und weitergaben.\",\"breadcrumb\":{\"@id\":\"https:\\\/\\\/www.praxis-ilsegassner.li\\\/?page_id=282#breadcrumb\"},\"inLanguage\":\"de\",\"potentialAction\":[{\"@type\":\"ReadAction\",\"target\":[\"https:\\\/\\\/www.praxis-ilsegassner.li\\\/?page_id=282\"]}]},{\"@type\":\"BreadcrumbList\",\"@id\":\"https:\\\/\\\/www.praxis-ilsegassner.li\\\/?page_id=282#breadcrumb\",\"itemListElement\":[{\"@type\":\"ListItem\",\"position\":1,\"name\":\"Startseite\",\"item\":\"https:\\\/\\\/www.praxis-ilsegassner.li\\\/\"},{\"@type\":\"ListItem\",\"position\":2,\"name\":\"Phytotherapie\"}]},{\"@type\":\"WebSite\",\"@id\":\"https:\\\/\\\/www.praxis-ilsegassner.li\\\/#website\",\"url\":\"https:\\\/\\\/www.praxis-ilsegassner.li\\\/\",\"name\":\"Naturheilpraxis Ilse Gassner\",\"description\":\"Gesundheit hat viele Facetten\",\"publisher\":{\"@id\":\"https:\\\/\\\/www.praxis-ilsegassner.li\\\/#organization\"},\"potentialAction\":[{\"@type\":\"SearchAction\",\"target\":{\"@type\":\"EntryPoint\",\"urlTemplate\":\"https:\\\/\\\/www.praxis-ilsegassner.li\\\/?s={search_term_string}\"},\"query-input\":{\"@type\":\"PropertyValueSpecification\",\"valueRequired\":true,\"valueName\":\"search_term_string\"}}],\"inLanguage\":\"de\"},{\"@type\":\"Organization\",\"@id\":\"https:\\\/\\\/www.praxis-ilsegassner.li\\\/#organization\",\"name\":\"Naturheilpraxis Ilse Gassner\",\"url\":\"https:\\\/\\\/www.praxis-ilsegassner.li\\\/\",\"logo\":{\"@type\":\"ImageObject\",\"inLanguage\":\"de\",\"@id\":\"https:\\\/\\\/www.praxis-ilsegassner.li\\\/#\\\/schema\\\/logo\\\/image\\\/\",\"url\":\"https:\\\/\\\/www.praxis-ilsegassner.li\\\/wp-content\\\/uploads\\\/2021\\\/04\\\/O-Praxislogo_Gassner_Gst_hl.jpg\",\"contentUrl\":\"https:\\\/\\\/www.praxis-ilsegassner.li\\\/wp-content\\\/uploads\\\/2021\\\/04\\\/O-Praxislogo_Gassner_Gst_hl.jpg\",\"width\":827,\"height\":299,\"caption\":\"Naturheilpraxis Ilse Gassner\"},\"image\":{\"@id\":\"https:\\\/\\\/www.praxis-ilsegassner.li\\\/#\\\/schema\\\/logo\\\/image\\\/\"}}]}<\/script>\n<!-- \/ Yoast SEO plugin. -->","yoast_head_json":{"title":"Phytotherapie","description":"Die traditionelle Phytotherapie (Pflanzenheilkunde) geh\u00f6rt zu den \u00e4ltesten medizinischen Therapien und ist in allen Kulturen beheimatet. Sie baut auf jahrhundertelanger Erfahrung auf und wurde fr\u00fcher auch als Klostermedizin bezeichnet, da es im Mittelalter vorwiegend die Kl\u00f6ster waren, die das Wissen der Pflanzenheilkunde bewahrten und weitergaben.","robots":{"index":"index","follow":"follow","max-snippet":"max-snippet:-1","max-image-preview":"max-image-preview:large","max-video-preview":"max-video-preview:-1"},"canonical":"https:\/\/www.praxis-ilsegassner.li\/?page_id=282","og_locale":"de_DE","og_type":"article","og_title":"Phytotherapie","og_description":"Die traditionelle Phytotherapie (Pflanzenheilkunde) geh\u00f6rt zu den \u00e4ltesten medizinischen Therapien und ist in allen Kulturen beheimatet. Sie baut auf jahrhundertelanger Erfahrung auf und wurde fr\u00fcher auch als Klostermedizin bezeichnet, da es im Mittelalter vorwiegend die Kl\u00f6ster waren, die das Wissen der Pflanzenheilkunde bewahrten und weitergaben.","og_url":"https:\/\/www.praxis-ilsegassner.li\/?page_id=282","og_site_name":"Naturheilpraxis Ilse Gassner","article_modified_time":"2021-05-13T14:38:35+00:00","twitter_card":"summary_large_image","twitter_misc":{"Gesch\u00e4tzte Lesezeit":"1\u00a0Minute"},"schema":{"@context":"https:\/\/schema.org","@graph":[{"@type":"WebPage","@id":"https:\/\/www.praxis-ilsegassner.li\/?page_id=282","url":"https:\/\/www.praxis-ilsegassner.li\/?page_id=282","name":"Phytotherapie","isPartOf":{"@id":"https:\/\/www.praxis-ilsegassner.li\/#website"},"datePublished":"2021-04-16T18:26:44+00:00","dateModified":"2021-05-13T14:38:35+00:00","description":"Die traditionelle Phytotherapie (Pflanzenheilkunde) geh\u00f6rt zu den \u00e4ltesten medizinischen Therapien und ist in allen Kulturen beheimatet. Sie baut auf jahrhundertelanger Erfahrung auf und wurde fr\u00fcher auch als Klostermedizin bezeichnet, da es im Mittelalter vorwiegend die Kl\u00f6ster waren, die das Wissen der Pflanzenheilkunde bewahrten und weitergaben.","breadcrumb":{"@id":"https:\/\/www.praxis-ilsegassner.li\/?page_id=282#breadcrumb"},"inLanguage":"de","potentialAction":[{"@type":"ReadAction","target":["https:\/\/www.praxis-ilsegassner.li\/?page_id=282"]}]},{"@type":"BreadcrumbList","@id":"https:\/\/www.praxis-ilsegassner.li\/?page_id=282#breadcrumb","itemListElement":[{"@type":"ListItem","position":1,"name":"Startseite","item":"https:\/\/www.praxis-ilsegassner.li\/"},{"@type":"ListItem","position":2,"name":"Phytotherapie"}]},{"@type":"WebSite","@id":"https:\/\/www.praxis-ilsegassner.li\/#website","url":"https:\/\/www.praxis-ilsegassner.li\/","name":"Naturheilpraxis Ilse Gassner","description":"Gesundheit hat viele Facetten","publisher":{"@id":"https:\/\/www.praxis-ilsegassner.li\/#organization"},"potentialAction":[{"@type":"SearchAction","target":{"@type":"EntryPoint","urlTemplate":"https:\/\/www.praxis-ilsegassner.li\/?s={search_term_string}"},"query-input":{"@type":"PropertyValueSpecification","valueRequired":true,"valueName":"search_term_string"}}],"inLanguage":"de"},{"@type":"Organization","@id":"https:\/\/www.praxis-ilsegassner.li\/#organization","name":"Naturheilpraxis Ilse Gassner","url":"https:\/\/www.praxis-ilsegassner.li\/","logo":{"@type":"ImageObject","inLanguage":"de","@id":"https:\/\/www.praxis-ilsegassner.li\/#\/schema\/logo\/image\/","url":"https:\/\/www.praxis-ilsegassner.li\/wp-content\/uploads\/2021\/04\/O-Praxislogo_Gassner_Gst_hl.jpg","contentUrl":"https:\/\/www.praxis-ilsegassner.li\/wp-content\/uploads\/2021\/04\/O-Praxislogo_Gassner_Gst_hl.jpg","width":827,"height":299,"caption":"Naturheilpraxis Ilse Gassner"},"image":{"@id":"https:\/\/www.praxis-ilsegassner.li\/#\/schema\/logo\/image\/"}}]}},"_links":{"self":[{"href":"https:\/\/www.praxis-ilsegassner.li\/index.php?rest_route=\/wp\/v2\/pages\/282","targetHints":{"allow":["GET"]}}],"collection":[{"href":"https:\/\/www.praxis-ilsegassner.li\/index.php?rest_route=\/wp\/v2\/pages"}],"about":[{"href":"https:\/\/www.praxis-ilsegassner.li\/index.php?rest_route=\/wp\/v2\/types\/page"}],"author":[{"embeddable":true,"href":"https:\/\/www.praxis-ilsegassner.li\/index.php?rest_route=\/wp\/v2\/users\/1"}],"replies":[{"embeddable":true,"href":"https:\/\/www.praxis-ilsegassner.li\/index.php?rest_route=%2Fwp%2Fv2%2Fcomments&post=282"}],"version-history":[{"count":15,"href":"https:\/\/www.praxis-ilsegassner.li\/index.php?rest_route=\/wp\/v2\/pages\/282\/revisions"}],"predecessor-version":[{"id":946,"href":"https:\/\/www.praxis-ilsegassner.li\/index.php?rest_route=\/wp\/v2\/pages\/282\/revisions\/946"}],"wp:attachment":[{"href":"https:\/\/www.praxis-ilsegassner.li\/index.php?rest_route=%2Fwp%2Fv2%2Fmedia&parent=282"}],"curies":[{"name":"wp","href":"https:\/\/api.w.org\/{rel}","templated":true}]}}