{"id":309,"date":"2021-04-16T20:45:53","date_gmt":"2021-04-16T18:45:53","guid":{"rendered":"http:\/\/www.praxis-ilsegassner.com.li\/?page_id=309"},"modified":"2021-05-13T16:40:19","modified_gmt":"2021-05-13T14:40:19","slug":"stress-lass-nach","status":"publish","type":"page","link":"https:\/\/www.praxis-ilsegassner.li\/?page_id=309","title":{"rendered":"Stress lass nach"},"content":{"rendered":"\t\t<div data-elementor-type=\"wp-post\" data-elementor-id=\"309\" class=\"elementor elementor-309\">\n\t\t\t\t\t\t<section class=\"elementor-section elementor-top-section elementor-element elementor-element-fea9b05 elementor-section-boxed elementor-section-height-default elementor-section-height-default\" data-id=\"fea9b05\" data-element_type=\"section\">\n\t\t\t\t\t\t<div class=\"elementor-container elementor-column-gap-default\">\n\t\t\t\t\t<div class=\"elementor-column elementor-col-100 elementor-top-column elementor-element elementor-element-f3cf8d9\" data-id=\"f3cf8d9\" data-element_type=\"column\">\n\t\t\t<div class=\"elementor-widget-wrap elementor-element-populated\">\n\t\t\t\t\t\t<div class=\"elementor-element elementor-element-e570a90 elementor-widget elementor-widget-heading\" data-id=\"e570a90\" data-element_type=\"widget\" data-widget_type=\"heading.default\">\n\t\t\t\t<div class=\"elementor-widget-container\">\n\t\t\t\t\t<h2 class=\"elementor-heading-title elementor-size-default\">Stress lass nach<\/h2>\t\t\t\t<\/div>\n\t\t\t\t<\/div>\n\t\t\t\t\t<\/div>\n\t\t<\/div>\n\t\t\t\t\t<\/div>\n\t\t<\/section>\n\t\t\t\t<section class=\"elementor-section elementor-top-section elementor-element elementor-element-c4e4efe elementor-section-height-min-height elementor-section-boxed elementor-section-height-default elementor-section-items-middle\" data-id=\"c4e4efe\" data-element_type=\"section\">\n\t\t\t\t\t\t\t<div class=\"elementor-background-overlay\"><\/div>\n\t\t\t\t\t\t\t<div class=\"elementor-container elementor-column-gap-default\">\n\t\t\t\t\t<div class=\"elementor-column elementor-col-50 elementor-top-column elementor-element elementor-element-6eeb022\" data-id=\"6eeb022\" data-element_type=\"column\">\n\t\t\t<div class=\"elementor-widget-wrap elementor-element-populated\">\n\t\t\t\t\t\t<div class=\"elementor-element elementor-element-e828b4d elementor-widget elementor-widget-text-editor\" data-id=\"e828b4d\" data-element_type=\"widget\" data-widget_type=\"text-editor.default\">\n\t\t\t\t<div class=\"elementor-widget-container\">\n\t\t\t\t\t\t\t\t\t<h2><strong><a href=\"http:\/\/www.praxis-ilsegassner.li\/?page_id=319\">Stressabbau<\/a><\/strong><\/h2>\t\t\t\t\t\t\t\t<\/div>\n\t\t\t\t<\/div>\n\t\t\t\t<div class=\"elementor-element elementor-element-81b602f elementor-widget elementor-widget-text-editor\" data-id=\"81b602f\" data-element_type=\"widget\" data-widget_type=\"text-editor.default\">\n\t\t\t\t<div class=\"elementor-widget-container\">\n\t\t\t\t\t\t\t\t\t<h2><a href=\"http:\/\/www.praxis-ilsegassner.li\/?page_id=338\"><strong>Traumatherapie<\/strong><\/a><\/h2>\t\t\t\t\t\t\t\t<\/div>\n\t\t\t\t<\/div>\n\t\t\t\t<div class=\"elementor-element elementor-element-e627263 elementor-widget elementor-widget-text-editor\" data-id=\"e627263\" data-element_type=\"widget\" data-widget_type=\"text-editor.default\">\n\t\t\t\t<div class=\"elementor-widget-container\">\n\t\t\t\t\t\t\t\t\t<h2><a href=\"http:\/\/www.praxis-ilsegassner.li\/?page_id=349\"><strong>Amnanda<\/strong><\/a><\/h2>\t\t\t\t\t\t\t\t<\/div>\n\t\t\t\t<\/div>\n\t\t\t\t\t<\/div>\n\t\t<\/div>\n\t\t\t\t<div class=\"elementor-column elementor-col-50 elementor-top-column elementor-element elementor-element-1580123\" data-id=\"1580123\" data-element_type=\"column\">\n\t\t\t<div class=\"elementor-widget-wrap elementor-element-populated\">\n\t\t\t\t\t\t<div class=\"elementor-element elementor-element-9105b3e animated-slow elementor-invisible elementor-widget elementor-widget-image\" data-id=\"9105b3e\" data-element_type=\"widget\" data-settings=\"{&quot;_animation&quot;:&quot;fadeIn&quot;}\" data-widget_type=\"image.default\">\n\t\t\t\t<div class=\"elementor-widget-container\">\n\t\t\t\t\t\t\t\t\t\t\t\t\t\t\t<img fetchpriority=\"high\" decoding=\"async\" width=\"768\" height=\"397\" src=\"https:\/\/www.praxis-ilsegassner.li\/wp-content\/uploads\/2021\/04\/Foto_Stressabbau-1-768x397.png\" class=\"attachment-medium_large size-medium_large wp-image-694\" alt=\"\" srcset=\"https:\/\/www.praxis-ilsegassner.li\/wp-content\/uploads\/2021\/04\/Foto_Stressabbau-1-768x397.png 768w, https:\/\/www.praxis-ilsegassner.li\/wp-content\/uploads\/2021\/04\/Foto_Stressabbau-1-300x155.png 300w, https:\/\/www.praxis-ilsegassner.li\/wp-content\/uploads\/2021\/04\/Foto_Stressabbau-1-1024x529.png 1024w, https:\/\/www.praxis-ilsegassner.li\/wp-content\/uploads\/2021\/04\/Foto_Stressabbau-1-1536x793.png 1536w, https:\/\/www.praxis-ilsegassner.li\/wp-content\/uploads\/2021\/04\/Foto_Stressabbau-1-2048x1058.png 2048w\" sizes=\"(max-width: 768px) 100vw, 768px\" \/>\t\t\t\t\t\t\t\t\t\t\t\t\t\t\t<\/div>\n\t\t\t\t<\/div>\n\t\t\t\t\t<\/div>\n\t\t<\/div>\n\t\t\t\t\t<\/div>\n\t\t<\/section>\n\t\t\t\t<section class=\"elementor-section elementor-top-section elementor-element elementor-element-681e54d elementor-section-boxed elementor-section-height-default elementor-section-height-default\" data-id=\"681e54d\" data-element_type=\"section\">\n\t\t\t\t\t\t<div class=\"elementor-container elementor-column-gap-default\">\n\t\t\t\t\t<div class=\"elementor-column elementor-col-100 elementor-top-column elementor-element elementor-element-3df1519\" data-id=\"3df1519\" data-element_type=\"column\">\n\t\t\t<div class=\"elementor-widget-wrap elementor-element-populated\">\n\t\t\t\t\t\t<div class=\"elementor-element elementor-element-bb2f174 elementor-widget elementor-widget-text-editor\" data-id=\"bb2f174\" data-element_type=\"widget\" data-widget_type=\"text-editor.default\">\n\t\t\t\t<div class=\"elementor-widget-container\">\n\t\t\t\t\t\t\t\t\t<p><a href=\"http:\/\/www.praxis-ilsegassner.li\/?page_id=10\">zur\u00fcck zur \u00dcbersicht<\/a><\/p>\t\t\t\t\t\t\t\t<\/div>\n\t\t\t\t<\/div>\n\t\t\t\t\t<\/div>\n\t\t<\/div>\n\t\t\t\t\t<\/div>\n\t\t<\/section>\n\t\t\t\t<section class=\"elementor-section elementor-top-section elementor-element elementor-element-2c2f49c elementor-section-boxed elementor-section-height-default elementor-section-height-default\" data-id=\"2c2f49c\" data-element_type=\"section\">\n\t\t\t\t\t\t<div class=\"elementor-container elementor-column-gap-default\">\n\t\t\t\t\t<div class=\"elementor-column elementor-col-100 elementor-top-column elementor-element elementor-element-4fc4a97\" data-id=\"4fc4a97\" data-element_type=\"column\">\n\t\t\t<div class=\"elementor-widget-wrap elementor-element-populated\">\n\t\t\t\t\t\t<div class=\"elementor-element elementor-element-7fd1200 elementor-widget-divider--view-line elementor-widget elementor-widget-divider\" data-id=\"7fd1200\" data-element_type=\"widget\" data-widget_type=\"divider.default\">\n\t\t\t\t<div class=\"elementor-widget-container\">\n\t\t\t\t\t\t\t<div class=\"elementor-divider\">\n\t\t\t<span class=\"elementor-divider-separator\">\n\t\t\t\t\t\t<\/span>\n\t\t<\/div>\n\t\t\t\t\t\t<\/div>\n\t\t\t\t<\/div>\n\t\t\t\t\t<\/div>\n\t\t<\/div>\n\t\t\t\t\t<\/div>\n\t\t<\/section>\n\t\t\t\t<section class=\"elementor-section elementor-top-section elementor-element elementor-element-4834fcf elementor-section-boxed elementor-section-height-default elementor-section-height-default\" data-id=\"4834fcf\" data-element_type=\"section\">\n\t\t\t\t\t\t<div class=\"elementor-container elementor-column-gap-default\">\n\t\t\t\t\t<div class=\"elementor-column elementor-col-100 elementor-top-column elementor-element elementor-element-360f2d0\" data-id=\"360f2d0\" data-element_type=\"column\">\n\t\t\t<div class=\"elementor-widget-wrap elementor-element-populated\">\n\t\t\t\t\t\t<div class=\"elementor-element elementor-element-b265dfd elementor-widget__width-initial elementor-widget elementor-widget-text-editor\" data-id=\"b265dfd\" data-element_type=\"widget\" data-widget_type=\"text-editor.default\">\n\t\t\t\t<div class=\"elementor-widget-container\">\n\t\t\t\t\t\t\t\t\t<p>Naturheilpraxis Ilse Gassner-Gst\u00f6hl<br \/>Bahnstrasse 54<br \/>9494 Schaan<\/p><p>praxis@ilsegassner.li<br \/>+423 233 29 60<\/p>\t\t\t\t\t\t\t\t<\/div>\n\t\t\t\t<\/div>\n\t\t\t\t\t<\/div>\n\t\t<\/div>\n\t\t\t\t\t<\/div>\n\t\t<\/section>\n\t\t\t\t<section class=\"elementor-section elementor-top-section elementor-element elementor-element-6dff3a4 elementor-section-boxed elementor-section-height-default elementor-section-height-default\" data-id=\"6dff3a4\" data-element_type=\"section\">\n\t\t\t\t\t\t<div class=\"elementor-container elementor-column-gap-default\">\n\t\t\t\t\t\t<\/div>\n\t\t<\/section>\n\t\t\t\t<\/div>\n\t\t","protected":false},"excerpt":{"rendered":"<p>Stress lass nach Stressabbau Traumatherapie Amnanda zur\u00fcck zur \u00dcbersicht Naturheilpraxis Ilse Gassner-Gst\u00f6hlBahnstrasse 549494 Schaan praxis@ilsegassner.li+423 233 29 60<\/p>\n","protected":false},"author":1,"featured_media":0,"parent":2,"menu_order":0,"comment_status":"closed","ping_status":"closed","template":"elementor_header_footer","meta":{"footnotes":""},"class_list":["post-309","page","type-page","status-publish","hentry"],"yoast_head":"<!-- This site is optimized with the Yoast SEO plugin v27.4 - https:\/\/yoast.com\/product\/yoast-seo-wordpress\/ -->\n<title>Therapie bei Stress<\/title>\n<meta name=\"robots\" content=\"index, follow, max-snippet:-1, max-image-preview:large, max-video-preview:-1\" \/>\n<link rel=\"canonical\" href=\"https:\/\/www.praxis-ilsegassner.li\/?page_id=309\" \/>\n<meta property=\"og:locale\" content=\"de_DE\" \/>\n<meta property=\"og:type\" content=\"article\" \/>\n<meta property=\"og:title\" content=\"Therapie bei Stress\" \/>\n<meta property=\"og:description\" content=\"Stress lass nach Stressabbau Traumatherapie Amnanda zur\u00fcck zur \u00dcbersicht Naturheilpraxis Ilse Gassner-Gst\u00f6hlBahnstrasse 549494 Schaan praxis@ilsegassner.li+423 233 29 60\" \/>\n<meta property=\"og:url\" content=\"https:\/\/www.praxis-ilsegassner.li\/?page_id=309\" \/>\n<meta property=\"og:site_name\" content=\"Naturheilpraxis Ilse Gassner\" \/>\n<meta property=\"article:modified_time\" content=\"2021-05-13T14:40:19+00:00\" \/>\n<meta property=\"og:image\" content=\"https:\/\/www.praxis-ilsegassner.li\/wp-content\/uploads\/2021\/04\/Foto_Stressabbau-1-768x397.png\" \/>\n<meta name=\"twitter:card\" content=\"summary_large_image\" \/>\n<meta name=\"twitter:label1\" content=\"Gesch\u00e4tzte Lesezeit\" \/>\n\t<meta name=\"twitter:data1\" content=\"1\u00a0Minute\" \/>\n<script type=\"application\/ld+json\" class=\"yoast-schema-graph\">{\"@context\":\"https:\\\/\\\/schema.org\",\"@graph\":[{\"@type\":\"WebPage\",\"@id\":\"https:\\\/\\\/www.praxis-ilsegassner.li\\\/?page_id=309\",\"url\":\"https:\\\/\\\/www.praxis-ilsegassner.li\\\/?page_id=309\",\"name\":\"Therapie bei Stress\",\"isPartOf\":{\"@id\":\"https:\\\/\\\/www.praxis-ilsegassner.li\\\/#website\"},\"primaryImageOfPage\":{\"@id\":\"https:\\\/\\\/www.praxis-ilsegassner.li\\\/?page_id=309#primaryimage\"},\"image\":{\"@id\":\"https:\\\/\\\/www.praxis-ilsegassner.li\\\/?page_id=309#primaryimage\"},\"thumbnailUrl\":\"https:\\\/\\\/www.praxis-ilsegassner.li\\\/wp-content\\\/uploads\\\/2021\\\/04\\\/Foto_Stressabbau-1-768x397.png\",\"datePublished\":\"2021-04-16T18:45:53+00:00\",\"dateModified\":\"2021-05-13T14:40:19+00:00\",\"breadcrumb\":{\"@id\":\"https:\\\/\\\/www.praxis-ilsegassner.li\\\/?page_id=309#breadcrumb\"},\"inLanguage\":\"de\",\"potentialAction\":[{\"@type\":\"ReadAction\",\"target\":[\"https:\\\/\\\/www.praxis-ilsegassner.li\\\/?page_id=309\"]}]},{\"@type\":\"ImageObject\",\"inLanguage\":\"de\",\"@id\":\"https:\\\/\\\/www.praxis-ilsegassner.li\\\/?page_id=309#primaryimage\",\"url\":\"https:\\\/\\\/www.praxis-ilsegassner.li\\\/wp-content\\\/uploads\\\/2021\\\/04\\\/Foto_Stressabbau-1.png\",\"contentUrl\":\"https:\\\/\\\/www.praxis-ilsegassner.li\\\/wp-content\\\/uploads\\\/2021\\\/04\\\/Foto_Stressabbau-1.png\",\"width\":2323,\"height\":1200},{\"@type\":\"BreadcrumbList\",\"@id\":\"https:\\\/\\\/www.praxis-ilsegassner.li\\\/?page_id=309#breadcrumb\",\"itemListElement\":[{\"@type\":\"ListItem\",\"position\":1,\"name\":\"Startseite\",\"item\":\"https:\\\/\\\/www.praxis-ilsegassner.li\\\/\"},{\"@type\":\"ListItem\",\"position\":2,\"name\":\"Homepage\",\"item\":\"https:\\\/\\\/www.praxis-ilsegassner.li\\\/\"},{\"@type\":\"ListItem\",\"position\":3,\"name\":\"Stress lass nach\"}]},{\"@type\":\"WebSite\",\"@id\":\"https:\\\/\\\/www.praxis-ilsegassner.li\\\/#website\",\"url\":\"https:\\\/\\\/www.praxis-ilsegassner.li\\\/\",\"name\":\"Naturheilpraxis Ilse Gassner\",\"description\":\"Gesundheit hat viele Facetten\",\"publisher\":{\"@id\":\"https:\\\/\\\/www.praxis-ilsegassner.li\\\/#organization\"},\"potentialAction\":[{\"@type\":\"SearchAction\",\"target\":{\"@type\":\"EntryPoint\",\"urlTemplate\":\"https:\\\/\\\/www.praxis-ilsegassner.li\\\/?s={search_term_string}\"},\"query-input\":{\"@type\":\"PropertyValueSpecification\",\"valueRequired\":true,\"valueName\":\"search_term_string\"}}],\"inLanguage\":\"de\"},{\"@type\":\"Organization\",\"@id\":\"https:\\\/\\\/www.praxis-ilsegassner.li\\\/#organization\",\"name\":\"Naturheilpraxis Ilse Gassner\",\"url\":\"https:\\\/\\\/www.praxis-ilsegassner.li\\\/\",\"logo\":{\"@type\":\"ImageObject\",\"inLanguage\":\"de\",\"@id\":\"https:\\\/\\\/www.praxis-ilsegassner.li\\\/#\\\/schema\\\/logo\\\/image\\\/\",\"url\":\"https:\\\/\\\/www.praxis-ilsegassner.li\\\/wp-content\\\/uploads\\\/2021\\\/04\\\/O-Praxislogo_Gassner_Gst_hl.jpg\",\"contentUrl\":\"https:\\\/\\\/www.praxis-ilsegassner.li\\\/wp-content\\\/uploads\\\/2021\\\/04\\\/O-Praxislogo_Gassner_Gst_hl.jpg\",\"width\":827,\"height\":299,\"caption\":\"Naturheilpraxis Ilse Gassner\"},\"image\":{\"@id\":\"https:\\\/\\\/www.praxis-ilsegassner.li\\\/#\\\/schema\\\/logo\\\/image\\\/\"}}]}<\/script>\n<!-- \/ Yoast SEO plugin. -->","yoast_head_json":{"title":"Therapie bei Stress","robots":{"index":"index","follow":"follow","max-snippet":"max-snippet:-1","max-image-preview":"max-image-preview:large","max-video-preview":"max-video-preview:-1"},"canonical":"https:\/\/www.praxis-ilsegassner.li\/?page_id=309","og_locale":"de_DE","og_type":"article","og_title":"Therapie bei Stress","og_description":"Stress lass nach Stressabbau Traumatherapie Amnanda zur\u00fcck zur \u00dcbersicht Naturheilpraxis Ilse Gassner-Gst\u00f6hlBahnstrasse 549494 Schaan praxis@ilsegassner.li+423 233 29 60","og_url":"https:\/\/www.praxis-ilsegassner.li\/?page_id=309","og_site_name":"Naturheilpraxis Ilse Gassner","article_modified_time":"2021-05-13T14:40:19+00:00","og_image":[{"url":"https:\/\/www.praxis-ilsegassner.li\/wp-content\/uploads\/2021\/04\/Foto_Stressabbau-1-768x397.png","type":"","width":"","height":""}],"twitter_card":"summary_large_image","twitter_misc":{"Gesch\u00e4tzte Lesezeit":"1\u00a0Minute"},"schema":{"@context":"https:\/\/schema.org","@graph":[{"@type":"WebPage","@id":"https:\/\/www.praxis-ilsegassner.li\/?page_id=309","url":"https:\/\/www.praxis-ilsegassner.li\/?page_id=309","name":"Therapie bei Stress","isPartOf":{"@id":"https:\/\/www.praxis-ilsegassner.li\/#website"},"primaryImageOfPage":{"@id":"https:\/\/www.praxis-ilsegassner.li\/?page_id=309#primaryimage"},"image":{"@id":"https:\/\/www.praxis-ilsegassner.li\/?page_id=309#primaryimage"},"thumbnailUrl":"https:\/\/www.praxis-ilsegassner.li\/wp-content\/uploads\/2021\/04\/Foto_Stressabbau-1-768x397.png","datePublished":"2021-04-16T18:45:53+00:00","dateModified":"2021-05-13T14:40:19+00:00","breadcrumb":{"@id":"https:\/\/www.praxis-ilsegassner.li\/?page_id=309#breadcrumb"},"inLanguage":"de","potentialAction":[{"@type":"ReadAction","target":["https:\/\/www.praxis-ilsegassner.li\/?page_id=309"]}]},{"@type":"ImageObject","inLanguage":"de","@id":"https:\/\/www.praxis-ilsegassner.li\/?page_id=309#primaryimage","url":"https:\/\/www.praxis-ilsegassner.li\/wp-content\/uploads\/2021\/04\/Foto_Stressabbau-1.png","contentUrl":"https:\/\/www.praxis-ilsegassner.li\/wp-content\/uploads\/2021\/04\/Foto_Stressabbau-1.png","width":2323,"height":1200},{"@type":"BreadcrumbList","@id":"https:\/\/www.praxis-ilsegassner.li\/?page_id=309#breadcrumb","itemListElement":[{"@type":"ListItem","position":1,"name":"Startseite","item":"https:\/\/www.praxis-ilsegassner.li\/"},{"@type":"ListItem","position":2,"name":"Homepage","item":"https:\/\/www.praxis-ilsegassner.li\/"},{"@type":"ListItem","position":3,"name":"Stress lass nach"}]},{"@type":"WebSite","@id":"https:\/\/www.praxis-ilsegassner.li\/#website","url":"https:\/\/www.praxis-ilsegassner.li\/","name":"Naturheilpraxis Ilse Gassner","description":"Gesundheit hat viele Facetten","publisher":{"@id":"https:\/\/www.praxis-ilsegassner.li\/#organization"},"potentialAction":[{"@type":"SearchAction","target":{"@type":"EntryPoint","urlTemplate":"https:\/\/www.praxis-ilsegassner.li\/?s={search_term_string}"},"query-input":{"@type":"PropertyValueSpecification","valueRequired":true,"valueName":"search_term_string"}}],"inLanguage":"de"},{"@type":"Organization","@id":"https:\/\/www.praxis-ilsegassner.li\/#organization","name":"Naturheilpraxis Ilse Gassner","url":"https:\/\/www.praxis-ilsegassner.li\/","logo":{"@type":"ImageObject","inLanguage":"de","@id":"https:\/\/www.praxis-ilsegassner.li\/#\/schema\/logo\/image\/","url":"https:\/\/www.praxis-ilsegassner.li\/wp-content\/uploads\/2021\/04\/O-Praxislogo_Gassner_Gst_hl.jpg","contentUrl":"https:\/\/www.praxis-ilsegassner.li\/wp-content\/uploads\/2021\/04\/O-Praxislogo_Gassner_Gst_hl.jpg","width":827,"height":299,"caption":"Naturheilpraxis Ilse Gassner"},"image":{"@id":"https:\/\/www.praxis-ilsegassner.li\/#\/schema\/logo\/image\/"}}]}},"_links":{"self":[{"href":"https:\/\/www.praxis-ilsegassner.li\/index.php?rest_route=\/wp\/v2\/pages\/309","targetHints":{"allow":["GET"]}}],"collection":[{"href":"https:\/\/www.praxis-ilsegassner.li\/index.php?rest_route=\/wp\/v2\/pages"}],"about":[{"href":"https:\/\/www.praxis-ilsegassner.li\/index.php?rest_route=\/wp\/v2\/types\/page"}],"author":[{"embeddable":true,"href":"https:\/\/www.praxis-ilsegassner.li\/index.php?rest_route=\/wp\/v2\/users\/1"}],"replies":[{"embeddable":true,"href":"https:\/\/www.praxis-ilsegassner.li\/index.php?rest_route=%2Fwp%2Fv2%2Fcomments&post=309"}],"version-history":[{"count":52,"href":"https:\/\/www.praxis-ilsegassner.li\/index.php?rest_route=\/wp\/v2\/pages\/309\/revisions"}],"predecessor-version":[{"id":952,"href":"https:\/\/www.praxis-ilsegassner.li\/index.php?rest_route=\/wp\/v2\/pages\/309\/revisions\/952"}],"up":[{"embeddable":true,"href":"https:\/\/www.praxis-ilsegassner.li\/index.php?rest_route=\/wp\/v2\/pages\/2"}],"wp:attachment":[{"href":"https:\/\/www.praxis-ilsegassner.li\/index.php?rest_route=%2Fwp%2Fv2%2Fmedia&parent=309"}],"curies":[{"name":"wp","href":"https:\/\/api.w.org\/{rel}","templated":true}]}}