{"id":319,"date":"2021-04-16T20:59:46","date_gmt":"2021-04-16T18:59:46","guid":{"rendered":"http:\/\/www.praxis-ilsegassner.com.li\/?page_id=319"},"modified":"2021-05-13T16:40:41","modified_gmt":"2021-05-13T14:40:41","slug":"stressabbau","status":"publish","type":"page","link":"https:\/\/www.praxis-ilsegassner.li\/?page_id=319","title":{"rendered":"Stressabbau"},"content":{"rendered":"\t\t<div data-elementor-type=\"wp-page\" data-elementor-id=\"319\" class=\"elementor elementor-319\">\n\t\t\t\t\t\t<section class=\"elementor-section elementor-top-section elementor-element elementor-element-cf8122f elementor-section-boxed elementor-section-height-default elementor-section-height-default\" data-id=\"cf8122f\" data-element_type=\"section\">\n\t\t\t\t\t\t\t<div class=\"elementor-background-overlay\"><\/div>\n\t\t\t\t\t\t\t<div class=\"elementor-container elementor-column-gap-default\">\n\t\t\t\t\t<div class=\"elementor-column elementor-col-100 elementor-top-column elementor-element elementor-element-9728c11\" data-id=\"9728c11\" data-element_type=\"column\">\n\t\t\t<div class=\"elementor-widget-wrap elementor-element-populated\">\n\t\t\t\t\t\t<div class=\"elementor-element elementor-element-744a6d6 elementor-widget elementor-widget-text-editor\" data-id=\"744a6d6\" data-element_type=\"widget\" data-widget_type=\"text-editor.default\">\n\t\t\t\t<div class=\"elementor-widget-container\">\n\t\t\t\t\t\t\t\t\t<h3>Stressabbau<\/h3><p>Stress ist grunds\u00e4tzlich nichts Negatives, sondern ein bew\u00e4hrtes System von K\u00f6rperreaktionen, die dazu dienen, Gefahrensituationen zu meistern und das \u00dcberleben zu sichern. Durch die Hormone Adrenalin und Cortisol wird der gesamte K\u00f6rper auf Kampf oder Flucht eingestellt. Der Muskeltonus wird erh\u00f6ht, die Geschwindigkeit des Nervensystems wird hinaufgesetzt, Blutdruck und Herzgeschwindigkeit werden gesteigert uvm. Wenn die gef\u00e4hrliche Situation vorbei ist, wird alles wieder heruntergeregelt und der Mensch kann wieder entspannen.<\/p><p>\u00a0<\/p><p>Das Problem entsteht, wenn die Stressfaktoren an Intensit\u00e4t und H\u00e4ufung ein bestimmtes Mass \u00fcberschreiten, sodass es zum Dauerstress kommt. Dabei gelingt es dem Menschen nicht mehr zwischen den einzelnen Stresssituationen in einen Entspannungszustand zu kommen, das System l\u00e4uft st\u00e4ndig auf Hochtouren und wird zur Belastung f\u00fcr den Gesamtorganismus. Der Mensch wird kraftlos, ersch\u00f6pft, f\u00fchlt sich m\u00fcde und apathisch. Es kommt zu Schlafst\u00f6rungen, Appetitlosigkeit oder gesteigertem Essverhalten, Herz-Kreislauf-Erkrankungen, Magen-Darm Beschwerden, Infektanf\u00e4lligkeit, Depressionen uvm.<\/p><p>\u00a0<\/p><p>Stressfaktoren gibt es in der heutigen Zeit mehr denn je. Belastende Lebenssituationen, Beziehungsprobleme, Leistungsdruck, \u00dcberforderung, schwierige Arbeitsbedingungen, Mobbing, Trauer, Einsamkeit, Zukunfts\u00e4ngste uvm. Was den Stress beim Einzelnen ausl\u00f6st ist individuell. Gemeinsam f\u00fcr die Betroffenen ist, dass sie ihren Stress selber nicht mehr regulieren k\u00f6nnen, und ihr K\u00f6rper schliesslich krank wird.<\/p><p>\u00a0<\/p><p>Wir verstehen Stressabbau als ein Zusammenspiel von verschiedenen Therapiem\u00f6glichkeiten. Mit Techniken aus der Psychokinesiologie, Mentalfeldtherapie und Ausgleichs\u00fcbungen kann Stress abgebaut werden. Durch die Hom\u00f6opathie kann dieser Prozess individuell unterst\u00fctzt und begleitet werden. Dazu kombinieren wir K\u00f6rpertherapien, wie Massagen, Fussreflexzonentherapie etc.<\/p><p>\u00a0<\/p><p>Denn, nur in einem entspannten K\u00f6rper kann auch ein entspannter Geist wohnen.<\/p>\t\t\t\t\t\t\t\t<\/div>\n\t\t\t\t<\/div>\n\t\t\t\t\t<\/div>\n\t\t<\/div>\n\t\t\t\t\t<\/div>\n\t\t<\/section>\n\t\t\t\t<section class=\"elementor-section elementor-top-section elementor-element elementor-element-f40aa92 elementor-section-boxed elementor-section-height-default elementor-section-height-default\" data-id=\"f40aa92\" data-element_type=\"section\">\n\t\t\t\t\t\t<div class=\"elementor-container elementor-column-gap-default\">\n\t\t\t\t\t<div class=\"elementor-column elementor-col-100 elementor-top-column elementor-element elementor-element-67045c8\" data-id=\"67045c8\" data-element_type=\"column\">\n\t\t\t<div class=\"elementor-widget-wrap elementor-element-populated\">\n\t\t\t\t\t\t<div class=\"elementor-element elementor-element-a0d39b6 elementor-widget elementor-widget-text-editor\" data-id=\"a0d39b6\" data-element_type=\"widget\" data-widget_type=\"text-editor.default\">\n\t\t\t\t<div class=\"elementor-widget-container\">\n\t\t\t\t\t\t\t\t\t<p><a href=\"http:\/\/www.praxis-ilsegassner.li\/?page_id=309\">zur\u00fcck zur \u00dcbersicht<\/a><\/p>\t\t\t\t\t\t\t\t<\/div>\n\t\t\t\t<\/div>\n\t\t\t\t<div class=\"elementor-element elementor-element-8103c84 elementor-widget-divider--view-line elementor-widget elementor-widget-divider\" data-id=\"8103c84\" data-element_type=\"widget\" data-widget_type=\"divider.default\">\n\t\t\t\t<div class=\"elementor-widget-container\">\n\t\t\t\t\t\t\t<div class=\"elementor-divider\">\n\t\t\t<span class=\"elementor-divider-separator\">\n\t\t\t\t\t\t<\/span>\n\t\t<\/div>\n\t\t\t\t\t\t<\/div>\n\t\t\t\t<\/div>\n\t\t\t\t\t<\/div>\n\t\t<\/div>\n\t\t\t\t\t<\/div>\n\t\t<\/section>\n\t\t\t\t<section class=\"elementor-section elementor-top-section elementor-element elementor-element-15ff29f elementor-section-boxed elementor-section-height-default elementor-section-height-default\" data-id=\"15ff29f\" data-element_type=\"section\">\n\t\t\t\t\t\t<div class=\"elementor-container elementor-column-gap-default\">\n\t\t\t\t\t<div class=\"elementor-column elementor-col-100 elementor-top-column elementor-element elementor-element-72730df\" data-id=\"72730df\" data-element_type=\"column\">\n\t\t\t<div class=\"elementor-widget-wrap elementor-element-populated\">\n\t\t\t\t\t\t<div class=\"elementor-element elementor-element-fc90d60 elementor-widget__width-initial elementor-widget elementor-widget-text-editor\" data-id=\"fc90d60\" data-element_type=\"widget\" data-widget_type=\"text-editor.default\">\n\t\t\t\t<div class=\"elementor-widget-container\">\n\t\t\t\t\t\t\t\t\t<p>Naturheilpraxis Ilse Gassner-Gst\u00f6hl<br \/>Bahnstrasse 54<br \/>9494 Schaan<\/p><p>praxis@ilsegassner.li<br \/>+423 233 29 60<\/p>\t\t\t\t\t\t\t\t<\/div>\n\t\t\t\t<\/div>\n\t\t\t\t\t<\/div>\n\t\t<\/div>\n\t\t\t\t\t<\/div>\n\t\t<\/section>\n\t\t\t\t<\/div>\n\t\t","protected":false},"excerpt":{"rendered":"<p>Stressabbau Stress ist grunds\u00e4tzlich nichts Negatives, sondern ein bew\u00e4hrtes System von K\u00f6rperreaktionen, die dazu dienen, Gefahrensituationen zu meistern und das \u00dcberleben zu sichern. Durch die Hormone Adrenalin und Cortisol wird der gesamte K\u00f6rper auf Kampf oder Flucht eingestellt. Der Muskeltonus wird erh\u00f6ht, die Geschwindigkeit des Nervensystems wird hinaufgesetzt, Blutdruck und Herzgeschwindigkeit werden gesteigert uvm. Wenn [&hellip;]<\/p>\n","protected":false},"author":1,"featured_media":0,"parent":0,"menu_order":0,"comment_status":"closed","ping_status":"closed","template":"elementor_header_footer","meta":{"footnotes":""},"class_list":["post-319","page","type-page","status-publish","hentry"],"yoast_head":"<!-- This site is optimized with the Yoast SEO plugin v27.4 - https:\/\/yoast.com\/product\/yoast-seo-wordpress\/ -->\n<title>Stressabbau<\/title>\n<meta name=\"description\" content=\"Stress ist grunds\u00e4tzlich nichts Negatives, sondern ein bew\u00e4hrtes System von K\u00f6rperreaktionen, die dazu dienen, Gefahrensituationen zu meistern und das \u00dcberleben zu sichern. Durch die Hormone Adrenalin und Cortisol wird der gesamte K\u00f6rper auf Kampf oder Flucht eingestellt. Der Muskeltonus wird erh\u00f6ht, die Geschwindigkeit des Nervensystems wird hinaufgesetzt, Blutdruck und Herzgeschwindigkeit werden gesteigert uvm. Wenn die gef\u00e4hrliche Situation vorbei ist, wird alles wieder heruntergeregelt und der Mensch kann wieder entspannen.\" \/>\n<meta name=\"robots\" content=\"index, follow, max-snippet:-1, max-image-preview:large, max-video-preview:-1\" \/>\n<link rel=\"canonical\" href=\"https:\/\/www.praxis-ilsegassner.li\/?page_id=319\" \/>\n<meta property=\"og:locale\" content=\"de_DE\" \/>\n<meta property=\"og:type\" content=\"article\" \/>\n<meta property=\"og:title\" content=\"Stressabbau\" \/>\n<meta property=\"og:description\" content=\"Stress ist grunds\u00e4tzlich nichts Negatives, sondern ein bew\u00e4hrtes System von K\u00f6rperreaktionen, die dazu dienen, Gefahrensituationen zu meistern und das \u00dcberleben zu sichern. Durch die Hormone Adrenalin und Cortisol wird der gesamte K\u00f6rper auf Kampf oder Flucht eingestellt. Der Muskeltonus wird erh\u00f6ht, die Geschwindigkeit des Nervensystems wird hinaufgesetzt, Blutdruck und Herzgeschwindigkeit werden gesteigert uvm. Wenn die gef\u00e4hrliche Situation vorbei ist, wird alles wieder heruntergeregelt und der Mensch kann wieder entspannen.\" \/>\n<meta property=\"og:url\" content=\"https:\/\/www.praxis-ilsegassner.li\/?page_id=319\" \/>\n<meta property=\"og:site_name\" content=\"Naturheilpraxis Ilse Gassner\" \/>\n<meta property=\"article:modified_time\" content=\"2021-05-13T14:40:41+00:00\" \/>\n<meta name=\"twitter:card\" content=\"summary_large_image\" \/>\n<meta name=\"twitter:label1\" content=\"Gesch\u00e4tzte Lesezeit\" \/>\n\t<meta name=\"twitter:data1\" content=\"2\u00a0Minuten\" \/>\n<script type=\"application\/ld+json\" class=\"yoast-schema-graph\">{\"@context\":\"https:\\\/\\\/schema.org\",\"@graph\":[{\"@type\":\"WebPage\",\"@id\":\"https:\\\/\\\/www.praxis-ilsegassner.li\\\/?page_id=319\",\"url\":\"https:\\\/\\\/www.praxis-ilsegassner.li\\\/?page_id=319\",\"name\":\"Stressabbau\",\"isPartOf\":{\"@id\":\"https:\\\/\\\/www.praxis-ilsegassner.li\\\/#website\"},\"datePublished\":\"2021-04-16T18:59:46+00:00\",\"dateModified\":\"2021-05-13T14:40:41+00:00\",\"description\":\"Stress ist grunds\u00e4tzlich nichts Negatives, sondern ein bew\u00e4hrtes System von K\u00f6rperreaktionen, die dazu dienen, Gefahrensituationen zu meistern und das \u00dcberleben zu sichern. Durch die Hormone Adrenalin und Cortisol wird der gesamte K\u00f6rper auf Kampf oder Flucht eingestellt. Der Muskeltonus wird erh\u00f6ht, die Geschwindigkeit des Nervensystems wird hinaufgesetzt, Blutdruck und Herzgeschwindigkeit werden gesteigert uvm. Wenn die gef\u00e4hrliche Situation vorbei ist, wird alles wieder heruntergeregelt und der Mensch kann wieder entspannen.\",\"breadcrumb\":{\"@id\":\"https:\\\/\\\/www.praxis-ilsegassner.li\\\/?page_id=319#breadcrumb\"},\"inLanguage\":\"de\",\"potentialAction\":[{\"@type\":\"ReadAction\",\"target\":[\"https:\\\/\\\/www.praxis-ilsegassner.li\\\/?page_id=319\"]}]},{\"@type\":\"BreadcrumbList\",\"@id\":\"https:\\\/\\\/www.praxis-ilsegassner.li\\\/?page_id=319#breadcrumb\",\"itemListElement\":[{\"@type\":\"ListItem\",\"position\":1,\"name\":\"Startseite\",\"item\":\"https:\\\/\\\/www.praxis-ilsegassner.li\\\/\"},{\"@type\":\"ListItem\",\"position\":2,\"name\":\"Stressabbau\"}]},{\"@type\":\"WebSite\",\"@id\":\"https:\\\/\\\/www.praxis-ilsegassner.li\\\/#website\",\"url\":\"https:\\\/\\\/www.praxis-ilsegassner.li\\\/\",\"name\":\"Naturheilpraxis Ilse Gassner\",\"description\":\"Gesundheit hat viele Facetten\",\"publisher\":{\"@id\":\"https:\\\/\\\/www.praxis-ilsegassner.li\\\/#organization\"},\"potentialAction\":[{\"@type\":\"SearchAction\",\"target\":{\"@type\":\"EntryPoint\",\"urlTemplate\":\"https:\\\/\\\/www.praxis-ilsegassner.li\\\/?s={search_term_string}\"},\"query-input\":{\"@type\":\"PropertyValueSpecification\",\"valueRequired\":true,\"valueName\":\"search_term_string\"}}],\"inLanguage\":\"de\"},{\"@type\":\"Organization\",\"@id\":\"https:\\\/\\\/www.praxis-ilsegassner.li\\\/#organization\",\"name\":\"Naturheilpraxis Ilse Gassner\",\"url\":\"https:\\\/\\\/www.praxis-ilsegassner.li\\\/\",\"logo\":{\"@type\":\"ImageObject\",\"inLanguage\":\"de\",\"@id\":\"https:\\\/\\\/www.praxis-ilsegassner.li\\\/#\\\/schema\\\/logo\\\/image\\\/\",\"url\":\"https:\\\/\\\/www.praxis-ilsegassner.li\\\/wp-content\\\/uploads\\\/2021\\\/04\\\/O-Praxislogo_Gassner_Gst_hl.jpg\",\"contentUrl\":\"https:\\\/\\\/www.praxis-ilsegassner.li\\\/wp-content\\\/uploads\\\/2021\\\/04\\\/O-Praxislogo_Gassner_Gst_hl.jpg\",\"width\":827,\"height\":299,\"caption\":\"Naturheilpraxis Ilse Gassner\"},\"image\":{\"@id\":\"https:\\\/\\\/www.praxis-ilsegassner.li\\\/#\\\/schema\\\/logo\\\/image\\\/\"}}]}<\/script>\n<!-- \/ Yoast SEO plugin. -->","yoast_head_json":{"title":"Stressabbau","description":"Stress ist grunds\u00e4tzlich nichts Negatives, sondern ein bew\u00e4hrtes System von K\u00f6rperreaktionen, die dazu dienen, Gefahrensituationen zu meistern und das \u00dcberleben zu sichern. Durch die Hormone Adrenalin und Cortisol wird der gesamte K\u00f6rper auf Kampf oder Flucht eingestellt. Der Muskeltonus wird erh\u00f6ht, die Geschwindigkeit des Nervensystems wird hinaufgesetzt, Blutdruck und Herzgeschwindigkeit werden gesteigert uvm. Wenn die gef\u00e4hrliche Situation vorbei ist, wird alles wieder heruntergeregelt und der Mensch kann wieder entspannen.","robots":{"index":"index","follow":"follow","max-snippet":"max-snippet:-1","max-image-preview":"max-image-preview:large","max-video-preview":"max-video-preview:-1"},"canonical":"https:\/\/www.praxis-ilsegassner.li\/?page_id=319","og_locale":"de_DE","og_type":"article","og_title":"Stressabbau","og_description":"Stress ist grunds\u00e4tzlich nichts Negatives, sondern ein bew\u00e4hrtes System von K\u00f6rperreaktionen, die dazu dienen, Gefahrensituationen zu meistern und das \u00dcberleben zu sichern. Durch die Hormone Adrenalin und Cortisol wird der gesamte K\u00f6rper auf Kampf oder Flucht eingestellt. Der Muskeltonus wird erh\u00f6ht, die Geschwindigkeit des Nervensystems wird hinaufgesetzt, Blutdruck und Herzgeschwindigkeit werden gesteigert uvm. Wenn die gef\u00e4hrliche Situation vorbei ist, wird alles wieder heruntergeregelt und der Mensch kann wieder entspannen.","og_url":"https:\/\/www.praxis-ilsegassner.li\/?page_id=319","og_site_name":"Naturheilpraxis Ilse Gassner","article_modified_time":"2021-05-13T14:40:41+00:00","twitter_card":"summary_large_image","twitter_misc":{"Gesch\u00e4tzte Lesezeit":"2\u00a0Minuten"},"schema":{"@context":"https:\/\/schema.org","@graph":[{"@type":"WebPage","@id":"https:\/\/www.praxis-ilsegassner.li\/?page_id=319","url":"https:\/\/www.praxis-ilsegassner.li\/?page_id=319","name":"Stressabbau","isPartOf":{"@id":"https:\/\/www.praxis-ilsegassner.li\/#website"},"datePublished":"2021-04-16T18:59:46+00:00","dateModified":"2021-05-13T14:40:41+00:00","description":"Stress ist grunds\u00e4tzlich nichts Negatives, sondern ein bew\u00e4hrtes System von K\u00f6rperreaktionen, die dazu dienen, Gefahrensituationen zu meistern und das \u00dcberleben zu sichern. Durch die Hormone Adrenalin und Cortisol wird der gesamte K\u00f6rper auf Kampf oder Flucht eingestellt. Der Muskeltonus wird erh\u00f6ht, die Geschwindigkeit des Nervensystems wird hinaufgesetzt, Blutdruck und Herzgeschwindigkeit werden gesteigert uvm. Wenn die gef\u00e4hrliche Situation vorbei ist, wird alles wieder heruntergeregelt und der Mensch kann wieder entspannen.","breadcrumb":{"@id":"https:\/\/www.praxis-ilsegassner.li\/?page_id=319#breadcrumb"},"inLanguage":"de","potentialAction":[{"@type":"ReadAction","target":["https:\/\/www.praxis-ilsegassner.li\/?page_id=319"]}]},{"@type":"BreadcrumbList","@id":"https:\/\/www.praxis-ilsegassner.li\/?page_id=319#breadcrumb","itemListElement":[{"@type":"ListItem","position":1,"name":"Startseite","item":"https:\/\/www.praxis-ilsegassner.li\/"},{"@type":"ListItem","position":2,"name":"Stressabbau"}]},{"@type":"WebSite","@id":"https:\/\/www.praxis-ilsegassner.li\/#website","url":"https:\/\/www.praxis-ilsegassner.li\/","name":"Naturheilpraxis Ilse Gassner","description":"Gesundheit hat viele Facetten","publisher":{"@id":"https:\/\/www.praxis-ilsegassner.li\/#organization"},"potentialAction":[{"@type":"SearchAction","target":{"@type":"EntryPoint","urlTemplate":"https:\/\/www.praxis-ilsegassner.li\/?s={search_term_string}"},"query-input":{"@type":"PropertyValueSpecification","valueRequired":true,"valueName":"search_term_string"}}],"inLanguage":"de"},{"@type":"Organization","@id":"https:\/\/www.praxis-ilsegassner.li\/#organization","name":"Naturheilpraxis Ilse Gassner","url":"https:\/\/www.praxis-ilsegassner.li\/","logo":{"@type":"ImageObject","inLanguage":"de","@id":"https:\/\/www.praxis-ilsegassner.li\/#\/schema\/logo\/image\/","url":"https:\/\/www.praxis-ilsegassner.li\/wp-content\/uploads\/2021\/04\/O-Praxislogo_Gassner_Gst_hl.jpg","contentUrl":"https:\/\/www.praxis-ilsegassner.li\/wp-content\/uploads\/2021\/04\/O-Praxislogo_Gassner_Gst_hl.jpg","width":827,"height":299,"caption":"Naturheilpraxis Ilse Gassner"},"image":{"@id":"https:\/\/www.praxis-ilsegassner.li\/#\/schema\/logo\/image\/"}}]}},"_links":{"self":[{"href":"https:\/\/www.praxis-ilsegassner.li\/index.php?rest_route=\/wp\/v2\/pages\/319","targetHints":{"allow":["GET"]}}],"collection":[{"href":"https:\/\/www.praxis-ilsegassner.li\/index.php?rest_route=\/wp\/v2\/pages"}],"about":[{"href":"https:\/\/www.praxis-ilsegassner.li\/index.php?rest_route=\/wp\/v2\/types\/page"}],"author":[{"embeddable":true,"href":"https:\/\/www.praxis-ilsegassner.li\/index.php?rest_route=\/wp\/v2\/users\/1"}],"replies":[{"embeddable":true,"href":"https:\/\/www.praxis-ilsegassner.li\/index.php?rest_route=%2Fwp%2Fv2%2Fcomments&post=319"}],"version-history":[{"count":19,"href":"https:\/\/www.praxis-ilsegassner.li\/index.php?rest_route=\/wp\/v2\/pages\/319\/revisions"}],"predecessor-version":[{"id":955,"href":"https:\/\/www.praxis-ilsegassner.li\/index.php?rest_route=\/wp\/v2\/pages\/319\/revisions\/955"}],"wp:attachment":[{"href":"https:\/\/www.praxis-ilsegassner.li\/index.php?rest_route=%2Fwp%2Fv2%2Fmedia&parent=319"}],"curies":[{"name":"wp","href":"https:\/\/api.w.org\/{rel}","templated":true}]}}