{"id":338,"date":"2021-04-16T21:10:49","date_gmt":"2021-04-16T19:10:49","guid":{"rendered":"http:\/\/www.praxis-ilsegassner.com.li\/?page_id=338"},"modified":"2021-05-13T16:41:44","modified_gmt":"2021-05-13T14:41:44","slug":"traumatherapie","status":"publish","type":"page","link":"https:\/\/www.praxis-ilsegassner.li\/?page_id=338","title":{"rendered":"Traumatherapie"},"content":{"rendered":"\t\t<div data-elementor-type=\"wp-page\" data-elementor-id=\"338\" class=\"elementor elementor-338\">\n\t\t\t\t\t\t<section class=\"elementor-section elementor-top-section elementor-element elementor-element-cf8122f elementor-section-boxed elementor-section-height-default elementor-section-height-default\" data-id=\"cf8122f\" data-element_type=\"section\">\n\t\t\t\t\t\t\t<div class=\"elementor-background-overlay\"><\/div>\n\t\t\t\t\t\t\t<div class=\"elementor-container elementor-column-gap-default\">\n\t\t\t\t\t<div class=\"elementor-column elementor-col-100 elementor-top-column elementor-element elementor-element-9728c11\" data-id=\"9728c11\" data-element_type=\"column\">\n\t\t\t<div class=\"elementor-widget-wrap elementor-element-populated\">\n\t\t\t\t\t\t<div class=\"elementor-element elementor-element-744a6d6 elementor-widget elementor-widget-text-editor\" data-id=\"744a6d6\" data-element_type=\"widget\" data-widget_type=\"text-editor.default\">\n\t\t\t\t<div class=\"elementor-widget-container\">\n\t\t\t\t\t\t\t\t\t<h3>Traumatherapie<\/h3><p>Die Traumatherapie richtet sich an Menschen, die einem extrem belastenden Ereignis ausgesetzt sind oder waren. Dabei kann es sich sowohl um seelische als auch k\u00f6rperliche Verletzungen handeln, bei denen im Zustand von extremer Angst und Hilflosigkeit keine Verarbeitungsm\u00f6glichkeit mehr besteht. Welches Ereignis belastet, kann individuell sehr verschieden sein, es kann im Jetzt stattfinden oder bis in die Kindheit zur\u00fcckgehen, es kann sich um ein einzelnes oder um wiederkehrende Ereignisse handeln.<\/p><p>\u00a0<\/p><p>Ein Trauma kann am eigenen K\u00f6rper erlebt worden sein, z.B. Gewalt, Vernachl\u00e4ssigung, sexueller Missbrauch, Unfall, Verlust eines nahen Menschen, oder das Trauma wird als \u201eZuschauer\u201c erlebt, z.B. als Zeuge eines Unfalls, Hausbrand, eines Gewaltverbrechens. Aber auch im Rahmen des eigenen Berufes, z.B. Feuerwehrmann, Unfallhelfer ect.<\/p><p>\u00a0<\/p><p>Wenn das erlebte Ereignis zu belastend f\u00fcr einen Menschen ist, kann die Situation nicht mehr alleine bew\u00e4ltigt werden und es k\u00f6nnen Jahre sp\u00e4ter noch Symptome auftreten. Dies k\u00f6nnen unter anderem Flashbacks (pl\u00f6tzlich einschiessenden Bilder und Erinnerungen des Geschehens), Schlafst\u00f6rungen, Alptr\u00e4ume, Schweissausbr\u00fcche, Schreckhaftigkeit, Angst, Vermeidung von Orten und Situationen, Stumpfheit, verminderte Lebensfreude, sozialer R\u00fcckzug, uvm. sein.<\/p><p>\u00a0<\/p><p>Eine bew\u00e4hrte Methode bei der Traumatherapie ist die EMDR (Eye Movement Desensitization und Reprocessing), bei der durch gezielte Augenbewegungen, bei gleichzeitigem erinnern an die Situation, die Verarbeitung des Traumas angeregt werden kann. Die mit dem Ereignis verkn\u00fcpften Emotionen werden neutralisiert, sodass das Erlebte seinen Stress verliert.<\/p>\t\t\t\t\t\t\t\t<\/div>\n\t\t\t\t<\/div>\n\t\t\t\t\t<\/div>\n\t\t<\/div>\n\t\t\t\t\t<\/div>\n\t\t<\/section>\n\t\t\t\t<section class=\"elementor-section elementor-top-section elementor-element elementor-element-f40aa92 elementor-section-boxed elementor-section-height-default elementor-section-height-default\" data-id=\"f40aa92\" data-element_type=\"section\">\n\t\t\t\t\t\t<div class=\"elementor-container elementor-column-gap-default\">\n\t\t\t\t\t<div class=\"elementor-column elementor-col-100 elementor-top-column elementor-element elementor-element-67045c8\" data-id=\"67045c8\" data-element_type=\"column\">\n\t\t\t<div class=\"elementor-widget-wrap elementor-element-populated\">\n\t\t\t\t\t\t<div class=\"elementor-element elementor-element-a0d39b6 elementor-widget elementor-widget-text-editor\" data-id=\"a0d39b6\" data-element_type=\"widget\" data-widget_type=\"text-editor.default\">\n\t\t\t\t<div class=\"elementor-widget-container\">\n\t\t\t\t\t\t\t\t\t<p><a href=\"http:\/\/www.praxis-ilsegassner.li\/?page_id=309\">zur\u00fcck zur \u00dcbersicht<\/a><\/p>\t\t\t\t\t\t\t\t<\/div>\n\t\t\t\t<\/div>\n\t\t\t\t<div class=\"elementor-element elementor-element-8103c84 elementor-widget-divider--view-line elementor-widget elementor-widget-divider\" data-id=\"8103c84\" data-element_type=\"widget\" data-widget_type=\"divider.default\">\n\t\t\t\t<div class=\"elementor-widget-container\">\n\t\t\t\t\t\t\t<div class=\"elementor-divider\">\n\t\t\t<span class=\"elementor-divider-separator\">\n\t\t\t\t\t\t<\/span>\n\t\t<\/div>\n\t\t\t\t\t\t<\/div>\n\t\t\t\t<\/div>\n\t\t\t\t\t<\/div>\n\t\t<\/div>\n\t\t\t\t\t<\/div>\n\t\t<\/section>\n\t\t\t\t<section class=\"elementor-section elementor-top-section elementor-element elementor-element-15ff29f elementor-section-boxed elementor-section-height-default elementor-section-height-default\" data-id=\"15ff29f\" data-element_type=\"section\">\n\t\t\t\t\t\t<div class=\"elementor-container elementor-column-gap-default\">\n\t\t\t\t\t<div class=\"elementor-column elementor-col-100 elementor-top-column elementor-element elementor-element-72730df\" data-id=\"72730df\" data-element_type=\"column\">\n\t\t\t<div class=\"elementor-widget-wrap elementor-element-populated\">\n\t\t\t\t\t\t<div class=\"elementor-element elementor-element-fc90d60 elementor-widget__width-initial elementor-widget elementor-widget-text-editor\" data-id=\"fc90d60\" data-element_type=\"widget\" data-widget_type=\"text-editor.default\">\n\t\t\t\t<div class=\"elementor-widget-container\">\n\t\t\t\t\t\t\t\t\t<p>Naturheilpraxis Ilse Gassner-Gst\u00f6hl<br \/>Bahnstrasse 54<br \/>9494 Schaan<\/p><p>praxis@ilsegassner.li<br \/>+423 233 29 60<\/p>\t\t\t\t\t\t\t\t<\/div>\n\t\t\t\t<\/div>\n\t\t\t\t\t<\/div>\n\t\t<\/div>\n\t\t\t\t\t<\/div>\n\t\t<\/section>\n\t\t\t\t<\/div>\n\t\t","protected":false},"excerpt":{"rendered":"<p>Traumatherapie Die Traumatherapie richtet sich an Menschen, die einem extrem belastenden Ereignis ausgesetzt sind oder waren. Dabei kann es sich sowohl um seelische als auch k\u00f6rperliche Verletzungen handeln, bei denen im Zustand von extremer Angst und Hilflosigkeit keine Verarbeitungsm\u00f6glichkeit mehr besteht. Welches Ereignis belastet, kann individuell sehr verschieden sein, es kann im Jetzt stattfinden oder [&hellip;]<\/p>\n","protected":false},"author":1,"featured_media":0,"parent":0,"menu_order":0,"comment_status":"closed","ping_status":"closed","template":"elementor_header_footer","meta":{"footnotes":""},"class_list":["post-338","page","type-page","status-publish","hentry"],"yoast_head":"<!-- This site is optimized with the Yoast SEO plugin v27.4 - https:\/\/yoast.com\/product\/yoast-seo-wordpress\/ -->\n<title>Traumatherapie<\/title>\n<meta name=\"description\" content=\"Die Traumatherapie richtet sich an Menschen, die einem extrem belastenden Ereignis ausgesetzt sind oder waren. Dabei kann es sich sowohl um seelische als auch k\u00f6rperliche Verletzungen handeln, bei denen im Zustand von extremer Angst und Hilflosigkeit keine Verarbeitungsm\u00f6glichkeit mehr besteht. Welches Ereignis belastet, kann individuell sehr verschieden sein, es kann im Jetzt stattfinden oder bis in die Kindheit zur\u00fcckgehen, es kann sich um ein einzelnes oder um wiederkehrende Ereignisse handeln.\" \/>\n<meta name=\"robots\" content=\"index, follow, max-snippet:-1, max-image-preview:large, max-video-preview:-1\" \/>\n<link rel=\"canonical\" href=\"https:\/\/www.praxis-ilsegassner.li\/?page_id=338\" \/>\n<meta property=\"og:locale\" content=\"de_DE\" \/>\n<meta property=\"og:type\" content=\"article\" \/>\n<meta property=\"og:title\" content=\"Traumatherapie\" \/>\n<meta property=\"og:description\" content=\"Die Traumatherapie richtet sich an Menschen, die einem extrem belastenden Ereignis ausgesetzt sind oder waren. Dabei kann es sich sowohl um seelische als auch k\u00f6rperliche Verletzungen handeln, bei denen im Zustand von extremer Angst und Hilflosigkeit keine Verarbeitungsm\u00f6glichkeit mehr besteht. Welches Ereignis belastet, kann individuell sehr verschieden sein, es kann im Jetzt stattfinden oder bis in die Kindheit zur\u00fcckgehen, es kann sich um ein einzelnes oder um wiederkehrende Ereignisse handeln.\" \/>\n<meta property=\"og:url\" content=\"https:\/\/www.praxis-ilsegassner.li\/?page_id=338\" \/>\n<meta property=\"og:site_name\" content=\"Naturheilpraxis Ilse Gassner\" \/>\n<meta property=\"article:modified_time\" content=\"2021-05-13T14:41:44+00:00\" \/>\n<meta name=\"twitter:card\" content=\"summary_large_image\" \/>\n<meta name=\"twitter:label1\" content=\"Gesch\u00e4tzte Lesezeit\" \/>\n\t<meta name=\"twitter:data1\" content=\"2\u00a0Minuten\" \/>\n<script type=\"application\/ld+json\" class=\"yoast-schema-graph\">{\"@context\":\"https:\\\/\\\/schema.org\",\"@graph\":[{\"@type\":\"WebPage\",\"@id\":\"https:\\\/\\\/www.praxis-ilsegassner.li\\\/?page_id=338\",\"url\":\"https:\\\/\\\/www.praxis-ilsegassner.li\\\/?page_id=338\",\"name\":\"Traumatherapie\",\"isPartOf\":{\"@id\":\"https:\\\/\\\/www.praxis-ilsegassner.li\\\/#website\"},\"datePublished\":\"2021-04-16T19:10:49+00:00\",\"dateModified\":\"2021-05-13T14:41:44+00:00\",\"description\":\"Die Traumatherapie richtet sich an Menschen, die einem extrem belastenden Ereignis ausgesetzt sind oder waren. Dabei kann es sich sowohl um seelische als auch k\u00f6rperliche Verletzungen handeln, bei denen im Zustand von extremer Angst und Hilflosigkeit keine Verarbeitungsm\u00f6glichkeit mehr besteht. Welches Ereignis belastet, kann individuell sehr verschieden sein, es kann im Jetzt stattfinden oder bis in die Kindheit zur\u00fcckgehen, es kann sich um ein einzelnes oder um wiederkehrende Ereignisse handeln.\",\"breadcrumb\":{\"@id\":\"https:\\\/\\\/www.praxis-ilsegassner.li\\\/?page_id=338#breadcrumb\"},\"inLanguage\":\"de\",\"potentialAction\":[{\"@type\":\"ReadAction\",\"target\":[\"https:\\\/\\\/www.praxis-ilsegassner.li\\\/?page_id=338\"]}]},{\"@type\":\"BreadcrumbList\",\"@id\":\"https:\\\/\\\/www.praxis-ilsegassner.li\\\/?page_id=338#breadcrumb\",\"itemListElement\":[{\"@type\":\"ListItem\",\"position\":1,\"name\":\"Startseite\",\"item\":\"https:\\\/\\\/www.praxis-ilsegassner.li\\\/\"},{\"@type\":\"ListItem\",\"position\":2,\"name\":\"Traumatherapie\"}]},{\"@type\":\"WebSite\",\"@id\":\"https:\\\/\\\/www.praxis-ilsegassner.li\\\/#website\",\"url\":\"https:\\\/\\\/www.praxis-ilsegassner.li\\\/\",\"name\":\"Naturheilpraxis Ilse Gassner\",\"description\":\"Gesundheit hat viele Facetten\",\"publisher\":{\"@id\":\"https:\\\/\\\/www.praxis-ilsegassner.li\\\/#organization\"},\"potentialAction\":[{\"@type\":\"SearchAction\",\"target\":{\"@type\":\"EntryPoint\",\"urlTemplate\":\"https:\\\/\\\/www.praxis-ilsegassner.li\\\/?s={search_term_string}\"},\"query-input\":{\"@type\":\"PropertyValueSpecification\",\"valueRequired\":true,\"valueName\":\"search_term_string\"}}],\"inLanguage\":\"de\"},{\"@type\":\"Organization\",\"@id\":\"https:\\\/\\\/www.praxis-ilsegassner.li\\\/#organization\",\"name\":\"Naturheilpraxis Ilse Gassner\",\"url\":\"https:\\\/\\\/www.praxis-ilsegassner.li\\\/\",\"logo\":{\"@type\":\"ImageObject\",\"inLanguage\":\"de\",\"@id\":\"https:\\\/\\\/www.praxis-ilsegassner.li\\\/#\\\/schema\\\/logo\\\/image\\\/\",\"url\":\"https:\\\/\\\/www.praxis-ilsegassner.li\\\/wp-content\\\/uploads\\\/2021\\\/04\\\/O-Praxislogo_Gassner_Gst_hl.jpg\",\"contentUrl\":\"https:\\\/\\\/www.praxis-ilsegassner.li\\\/wp-content\\\/uploads\\\/2021\\\/04\\\/O-Praxislogo_Gassner_Gst_hl.jpg\",\"width\":827,\"height\":299,\"caption\":\"Naturheilpraxis Ilse Gassner\"},\"image\":{\"@id\":\"https:\\\/\\\/www.praxis-ilsegassner.li\\\/#\\\/schema\\\/logo\\\/image\\\/\"}}]}<\/script>\n<!-- \/ Yoast SEO plugin. -->","yoast_head_json":{"title":"Traumatherapie","description":"Die Traumatherapie richtet sich an Menschen, die einem extrem belastenden Ereignis ausgesetzt sind oder waren. Dabei kann es sich sowohl um seelische als auch k\u00f6rperliche Verletzungen handeln, bei denen im Zustand von extremer Angst und Hilflosigkeit keine Verarbeitungsm\u00f6glichkeit mehr besteht. Welches Ereignis belastet, kann individuell sehr verschieden sein, es kann im Jetzt stattfinden oder bis in die Kindheit zur\u00fcckgehen, es kann sich um ein einzelnes oder um wiederkehrende Ereignisse handeln.","robots":{"index":"index","follow":"follow","max-snippet":"max-snippet:-1","max-image-preview":"max-image-preview:large","max-video-preview":"max-video-preview:-1"},"canonical":"https:\/\/www.praxis-ilsegassner.li\/?page_id=338","og_locale":"de_DE","og_type":"article","og_title":"Traumatherapie","og_description":"Die Traumatherapie richtet sich an Menschen, die einem extrem belastenden Ereignis ausgesetzt sind oder waren. Dabei kann es sich sowohl um seelische als auch k\u00f6rperliche Verletzungen handeln, bei denen im Zustand von extremer Angst und Hilflosigkeit keine Verarbeitungsm\u00f6glichkeit mehr besteht. Welches Ereignis belastet, kann individuell sehr verschieden sein, es kann im Jetzt stattfinden oder bis in die Kindheit zur\u00fcckgehen, es kann sich um ein einzelnes oder um wiederkehrende Ereignisse handeln.","og_url":"https:\/\/www.praxis-ilsegassner.li\/?page_id=338","og_site_name":"Naturheilpraxis Ilse Gassner","article_modified_time":"2021-05-13T14:41:44+00:00","twitter_card":"summary_large_image","twitter_misc":{"Gesch\u00e4tzte Lesezeit":"2\u00a0Minuten"},"schema":{"@context":"https:\/\/schema.org","@graph":[{"@type":"WebPage","@id":"https:\/\/www.praxis-ilsegassner.li\/?page_id=338","url":"https:\/\/www.praxis-ilsegassner.li\/?page_id=338","name":"Traumatherapie","isPartOf":{"@id":"https:\/\/www.praxis-ilsegassner.li\/#website"},"datePublished":"2021-04-16T19:10:49+00:00","dateModified":"2021-05-13T14:41:44+00:00","description":"Die Traumatherapie richtet sich an Menschen, die einem extrem belastenden Ereignis ausgesetzt sind oder waren. Dabei kann es sich sowohl um seelische als auch k\u00f6rperliche Verletzungen handeln, bei denen im Zustand von extremer Angst und Hilflosigkeit keine Verarbeitungsm\u00f6glichkeit mehr besteht. Welches Ereignis belastet, kann individuell sehr verschieden sein, es kann im Jetzt stattfinden oder bis in die Kindheit zur\u00fcckgehen, es kann sich um ein einzelnes oder um wiederkehrende Ereignisse handeln.","breadcrumb":{"@id":"https:\/\/www.praxis-ilsegassner.li\/?page_id=338#breadcrumb"},"inLanguage":"de","potentialAction":[{"@type":"ReadAction","target":["https:\/\/www.praxis-ilsegassner.li\/?page_id=338"]}]},{"@type":"BreadcrumbList","@id":"https:\/\/www.praxis-ilsegassner.li\/?page_id=338#breadcrumb","itemListElement":[{"@type":"ListItem","position":1,"name":"Startseite","item":"https:\/\/www.praxis-ilsegassner.li\/"},{"@type":"ListItem","position":2,"name":"Traumatherapie"}]},{"@type":"WebSite","@id":"https:\/\/www.praxis-ilsegassner.li\/#website","url":"https:\/\/www.praxis-ilsegassner.li\/","name":"Naturheilpraxis Ilse Gassner","description":"Gesundheit hat viele Facetten","publisher":{"@id":"https:\/\/www.praxis-ilsegassner.li\/#organization"},"potentialAction":[{"@type":"SearchAction","target":{"@type":"EntryPoint","urlTemplate":"https:\/\/www.praxis-ilsegassner.li\/?s={search_term_string}"},"query-input":{"@type":"PropertyValueSpecification","valueRequired":true,"valueName":"search_term_string"}}],"inLanguage":"de"},{"@type":"Organization","@id":"https:\/\/www.praxis-ilsegassner.li\/#organization","name":"Naturheilpraxis Ilse Gassner","url":"https:\/\/www.praxis-ilsegassner.li\/","logo":{"@type":"ImageObject","inLanguage":"de","@id":"https:\/\/www.praxis-ilsegassner.li\/#\/schema\/logo\/image\/","url":"https:\/\/www.praxis-ilsegassner.li\/wp-content\/uploads\/2021\/04\/O-Praxislogo_Gassner_Gst_hl.jpg","contentUrl":"https:\/\/www.praxis-ilsegassner.li\/wp-content\/uploads\/2021\/04\/O-Praxislogo_Gassner_Gst_hl.jpg","width":827,"height":299,"caption":"Naturheilpraxis Ilse Gassner"},"image":{"@id":"https:\/\/www.praxis-ilsegassner.li\/#\/schema\/logo\/image\/"}}]}},"_links":{"self":[{"href":"https:\/\/www.praxis-ilsegassner.li\/index.php?rest_route=\/wp\/v2\/pages\/338","targetHints":{"allow":["GET"]}}],"collection":[{"href":"https:\/\/www.praxis-ilsegassner.li\/index.php?rest_route=\/wp\/v2\/pages"}],"about":[{"href":"https:\/\/www.praxis-ilsegassner.li\/index.php?rest_route=\/wp\/v2\/types\/page"}],"author":[{"embeddable":true,"href":"https:\/\/www.praxis-ilsegassner.li\/index.php?rest_route=\/wp\/v2\/users\/1"}],"replies":[{"embeddable":true,"href":"https:\/\/www.praxis-ilsegassner.li\/index.php?rest_route=%2Fwp%2Fv2%2Fcomments&post=338"}],"version-history":[{"count":10,"href":"https:\/\/www.praxis-ilsegassner.li\/index.php?rest_route=\/wp\/v2\/pages\/338\/revisions"}],"predecessor-version":[{"id":958,"href":"https:\/\/www.praxis-ilsegassner.li\/index.php?rest_route=\/wp\/v2\/pages\/338\/revisions\/958"}],"wp:attachment":[{"href":"https:\/\/www.praxis-ilsegassner.li\/index.php?rest_route=%2Fwp%2Fv2%2Fmedia&parent=338"}],"curies":[{"name":"wp","href":"https:\/\/api.w.org\/{rel}","templated":true}]}}