{"id":349,"date":"2021-04-16T21:15:42","date_gmt":"2021-04-16T19:15:42","guid":{"rendered":"http:\/\/www.praxis-ilsegassner.com.li\/?page_id=349"},"modified":"2021-05-13T16:43:08","modified_gmt":"2021-05-13T14:43:08","slug":"amnanda","status":"publish","type":"page","link":"https:\/\/www.praxis-ilsegassner.li\/?page_id=349","title":{"rendered":"Amnanda"},"content":{"rendered":"\t\t<div data-elementor-type=\"wp-page\" data-elementor-id=\"349\" class=\"elementor elementor-349\">\n\t\t\t\t\t\t<section class=\"elementor-section elementor-top-section elementor-element elementor-element-cf8122f elementor-section-boxed elementor-section-height-default elementor-section-height-default\" data-id=\"cf8122f\" data-element_type=\"section\">\n\t\t\t\t\t\t\t<div class=\"elementor-background-overlay\"><\/div>\n\t\t\t\t\t\t\t<div class=\"elementor-container elementor-column-gap-default\">\n\t\t\t\t\t<div class=\"elementor-column elementor-col-100 elementor-top-column elementor-element elementor-element-9728c11\" data-id=\"9728c11\" data-element_type=\"column\">\n\t\t\t<div class=\"elementor-widget-wrap elementor-element-populated\">\n\t\t\t\t\t\t<div class=\"elementor-element elementor-element-744a6d6 elementor-widget elementor-widget-text-editor\" data-id=\"744a6d6\" data-element_type=\"widget\" data-widget_type=\"text-editor.default\">\n\t\t\t\t<div class=\"elementor-widget-container\">\n\t\t\t\t\t\t\t\t\t<h3>Amnanda Kur<\/h3><p>Amnanda ist eine ayurvedische \u00d6lbehandlung. Das Wort \u201eAmnanda\u201c stammt aus dem Sanskrit und bedeutet \u201eWeg zum Licht\u201c, \u201eWeg der Freude\u201c.<\/p><p>\u00a0<\/p><p>Der Amnanda-Prozess zielt darauf ab, die Auswirkungen von traumatischen Lebenserfahrungen oder Langzeitstress zu bek\u00e4mpfen, zu denen Gef\u00fchle der \u00dcberforderung, mangelnde Motivation, k\u00f6rperliche Symptome und beschleunigtes Altern geh\u00f6ren k\u00f6nnen. Es ist auch f\u00fcr Menschen gedacht, die bewusst oder unbewusst unter traumatischen Lebenserfahrungen leiden.<\/p><p>\u00a0<\/p><p>Diese Methode der Verj\u00fcngung entspricht in der Regel einer Umkehrung des Altersprozesses um etwa 5 Jahre. Es wirkt auf physischer, psychischer und emotionaler Ebene und l\u00f6st die Speicherung traumatischer Erlebnisse im Zellged\u00e4chtnis auf, was zu mehr Gelassenheit und Zufriedenheit im Leben f\u00fchrt.<\/p><p>\u00a0<\/p><p>Die Kur beinhaltet 12 Behandlungen die in Abst\u00e4nden von 4 Wochen, in Ausnahmef\u00e4llen mindestens 2 bis maximal 8 Wochen, durchgef\u00fchrt werden, so dass der Prozess innerhalb eines Jahres abgeschlossen ist. Es braucht seine Zeit die oben genannten Ver\u00e4nderungen und Ziele zu erreichen, daher empfehlen wir einen idealen Abstand von 4 Wochen zwischen den Behandlungen.<\/p><p>\u00a0<\/p><p>Der ganze K\u00f6rper wird mit Ausnahme des Schambereichs einge\u00f6lt. Die Behandlung ist sanft und mit einer herk\u00f6mmlichen Massage nicht zu Vergleichen. Die aufgetragenen \u00d6le unterscheiden sich von Behandlung zu Behandlung. Durch trinken bestimmter Teesorten kann die Behandlung noch unterst\u00fctzt werden. In der dritten und f\u00fcnften Behandlung wird eine abgestimmte Tinktur zur Gewebest\u00e4rkung empfohlen.<\/p>\t\t\t\t\t\t\t\t<\/div>\n\t\t\t\t<\/div>\n\t\t\t\t\t<\/div>\n\t\t<\/div>\n\t\t\t\t\t<\/div>\n\t\t<\/section>\n\t\t\t\t<section class=\"elementor-section elementor-top-section elementor-element elementor-element-f40aa92 elementor-section-boxed elementor-section-height-default elementor-section-height-default\" data-id=\"f40aa92\" data-element_type=\"section\">\n\t\t\t\t\t\t<div class=\"elementor-container elementor-column-gap-default\">\n\t\t\t\t\t<div class=\"elementor-column elementor-col-100 elementor-top-column elementor-element elementor-element-67045c8\" data-id=\"67045c8\" data-element_type=\"column\">\n\t\t\t<div class=\"elementor-widget-wrap elementor-element-populated\">\n\t\t\t\t\t\t<div class=\"elementor-element elementor-element-a0d39b6 elementor-widget elementor-widget-text-editor\" data-id=\"a0d39b6\" data-element_type=\"widget\" data-widget_type=\"text-editor.default\">\n\t\t\t\t<div class=\"elementor-widget-container\">\n\t\t\t\t\t\t\t\t\t<p><a href=\"http:\/\/www.praxis-ilsegassner.li\/?page_id=309\">zur\u00fcck zur \u00dcbersicht<\/a><\/p>\t\t\t\t\t\t\t\t<\/div>\n\t\t\t\t<\/div>\n\t\t\t\t<div class=\"elementor-element elementor-element-8103c84 elementor-widget-divider--view-line elementor-widget elementor-widget-divider\" data-id=\"8103c84\" data-element_type=\"widget\" data-widget_type=\"divider.default\">\n\t\t\t\t<div class=\"elementor-widget-container\">\n\t\t\t\t\t\t\t<div class=\"elementor-divider\">\n\t\t\t<span class=\"elementor-divider-separator\">\n\t\t\t\t\t\t<\/span>\n\t\t<\/div>\n\t\t\t\t\t\t<\/div>\n\t\t\t\t<\/div>\n\t\t\t\t\t<\/div>\n\t\t<\/div>\n\t\t\t\t\t<\/div>\n\t\t<\/section>\n\t\t\t\t<section class=\"elementor-section elementor-top-section elementor-element elementor-element-15ff29f elementor-section-boxed elementor-section-height-default elementor-section-height-default\" data-id=\"15ff29f\" data-element_type=\"section\">\n\t\t\t\t\t\t<div class=\"elementor-container elementor-column-gap-default\">\n\t\t\t\t\t<div class=\"elementor-column elementor-col-100 elementor-top-column elementor-element elementor-element-72730df\" data-id=\"72730df\" data-element_type=\"column\">\n\t\t\t<div class=\"elementor-widget-wrap elementor-element-populated\">\n\t\t\t\t\t\t<div class=\"elementor-element elementor-element-fc90d60 elementor-widget__width-initial elementor-widget elementor-widget-text-editor\" data-id=\"fc90d60\" data-element_type=\"widget\" data-widget_type=\"text-editor.default\">\n\t\t\t\t<div class=\"elementor-widget-container\">\n\t\t\t\t\t\t\t\t\t<p>Naturheilpraxis Ilse Gassner-Gst\u00f6hl<br \/>Bahnstrasse 54<br \/>9494 Schaan<\/p><p>praxis@ilsegassner.li<br \/>+423 233 29 60<\/p>\t\t\t\t\t\t\t\t<\/div>\n\t\t\t\t<\/div>\n\t\t\t\t\t<\/div>\n\t\t<\/div>\n\t\t\t\t\t<\/div>\n\t\t<\/section>\n\t\t\t\t<\/div>\n\t\t","protected":false},"excerpt":{"rendered":"<p>Amnanda Kur Amnanda ist eine ayurvedische \u00d6lbehandlung. Das Wort \u201eAmnanda\u201c stammt aus dem Sanskrit und bedeutet \u201eWeg zum Licht\u201c, \u201eWeg der Freude\u201c. \u00a0 Der Amnanda-Prozess zielt darauf ab, die Auswirkungen von traumatischen Lebenserfahrungen oder Langzeitstress zu bek\u00e4mpfen, zu denen Gef\u00fchle der \u00dcberforderung, mangelnde Motivation, k\u00f6rperliche Symptome und beschleunigtes Altern geh\u00f6ren k\u00f6nnen. Es ist auch f\u00fcr [&hellip;]<\/p>\n","protected":false},"author":1,"featured_media":0,"parent":0,"menu_order":0,"comment_status":"closed","ping_status":"closed","template":"elementor_header_footer","meta":{"footnotes":""},"class_list":["post-349","page","type-page","status-publish","hentry"],"yoast_head":"<!-- This site is optimized with the Yoast SEO plugin v27.4 - https:\/\/yoast.com\/product\/yoast-seo-wordpress\/ -->\n<title>Amnanda<\/title>\n<meta name=\"description\" content=\"Amnanda ist eine ayurvedische \u00d6lbehandlung. Das Wort \u201eAmnanda\u201c stammt aus dem Sanskrit und bedeutet \u201eWeg zum Licht\u201c, \u201eWeg der Freude\u201c. Der Amnanda-Prozess zielt darauf ab, die Auswirkungen von traumatischen Lebenserfahrungen oder Langzeitstress zu bek\u00e4mpfen, zu denen Gef\u00fchle der \u00dcberforderung, mangelnde Motivation, k\u00f6rperliche Symptome und beschleunigtes Altern geh\u00f6ren k\u00f6nnen. Es ist auch f\u00fcr Menschen gedacht, die bewusst oder unbewusst unter traumatischen Lebenserfahrungen leiden.\" \/>\n<meta name=\"robots\" content=\"index, follow, max-snippet:-1, max-image-preview:large, max-video-preview:-1\" \/>\n<link rel=\"canonical\" href=\"https:\/\/www.praxis-ilsegassner.li\/?page_id=349\" \/>\n<meta property=\"og:locale\" content=\"de_DE\" \/>\n<meta property=\"og:type\" content=\"article\" \/>\n<meta property=\"og:title\" content=\"Amnanda\" \/>\n<meta property=\"og:description\" content=\"Amnanda ist eine ayurvedische \u00d6lbehandlung. Das Wort \u201eAmnanda\u201c stammt aus dem Sanskrit und bedeutet \u201eWeg zum Licht\u201c, \u201eWeg der Freude\u201c. Der Amnanda-Prozess zielt darauf ab, die Auswirkungen von traumatischen Lebenserfahrungen oder Langzeitstress zu bek\u00e4mpfen, zu denen Gef\u00fchle der \u00dcberforderung, mangelnde Motivation, k\u00f6rperliche Symptome und beschleunigtes Altern geh\u00f6ren k\u00f6nnen. Es ist auch f\u00fcr Menschen gedacht, die bewusst oder unbewusst unter traumatischen Lebenserfahrungen leiden.\" \/>\n<meta property=\"og:url\" content=\"https:\/\/www.praxis-ilsegassner.li\/?page_id=349\" \/>\n<meta property=\"og:site_name\" content=\"Naturheilpraxis Ilse Gassner\" \/>\n<meta property=\"article:modified_time\" content=\"2021-05-13T14:43:08+00:00\" \/>\n<meta name=\"twitter:card\" content=\"summary_large_image\" \/>\n<meta name=\"twitter:label1\" content=\"Gesch\u00e4tzte Lesezeit\" \/>\n\t<meta name=\"twitter:data1\" content=\"2\u00a0Minuten\" \/>\n<script type=\"application\/ld+json\" class=\"yoast-schema-graph\">{\"@context\":\"https:\\\/\\\/schema.org\",\"@graph\":[{\"@type\":\"WebPage\",\"@id\":\"https:\\\/\\\/www.praxis-ilsegassner.li\\\/?page_id=349\",\"url\":\"https:\\\/\\\/www.praxis-ilsegassner.li\\\/?page_id=349\",\"name\":\"Amnanda\",\"isPartOf\":{\"@id\":\"https:\\\/\\\/www.praxis-ilsegassner.li\\\/#website\"},\"datePublished\":\"2021-04-16T19:15:42+00:00\",\"dateModified\":\"2021-05-13T14:43:08+00:00\",\"description\":\"Amnanda ist eine ayurvedische \u00d6lbehandlung. Das Wort \u201eAmnanda\u201c stammt aus dem Sanskrit und bedeutet \u201eWeg zum Licht\u201c, \u201eWeg der Freude\u201c. Der Amnanda-Prozess zielt darauf ab, die Auswirkungen von traumatischen Lebenserfahrungen oder Langzeitstress zu bek\u00e4mpfen, zu denen Gef\u00fchle der \u00dcberforderung, mangelnde Motivation, k\u00f6rperliche Symptome und beschleunigtes Altern geh\u00f6ren k\u00f6nnen. Es ist auch f\u00fcr Menschen gedacht, die bewusst oder unbewusst unter traumatischen Lebenserfahrungen leiden.\",\"breadcrumb\":{\"@id\":\"https:\\\/\\\/www.praxis-ilsegassner.li\\\/?page_id=349#breadcrumb\"},\"inLanguage\":\"de\",\"potentialAction\":[{\"@type\":\"ReadAction\",\"target\":[\"https:\\\/\\\/www.praxis-ilsegassner.li\\\/?page_id=349\"]}]},{\"@type\":\"BreadcrumbList\",\"@id\":\"https:\\\/\\\/www.praxis-ilsegassner.li\\\/?page_id=349#breadcrumb\",\"itemListElement\":[{\"@type\":\"ListItem\",\"position\":1,\"name\":\"Startseite\",\"item\":\"https:\\\/\\\/www.praxis-ilsegassner.li\\\/\"},{\"@type\":\"ListItem\",\"position\":2,\"name\":\"Amnanda\"}]},{\"@type\":\"WebSite\",\"@id\":\"https:\\\/\\\/www.praxis-ilsegassner.li\\\/#website\",\"url\":\"https:\\\/\\\/www.praxis-ilsegassner.li\\\/\",\"name\":\"Naturheilpraxis Ilse Gassner\",\"description\":\"Gesundheit hat viele Facetten\",\"publisher\":{\"@id\":\"https:\\\/\\\/www.praxis-ilsegassner.li\\\/#organization\"},\"potentialAction\":[{\"@type\":\"SearchAction\",\"target\":{\"@type\":\"EntryPoint\",\"urlTemplate\":\"https:\\\/\\\/www.praxis-ilsegassner.li\\\/?s={search_term_string}\"},\"query-input\":{\"@type\":\"PropertyValueSpecification\",\"valueRequired\":true,\"valueName\":\"search_term_string\"}}],\"inLanguage\":\"de\"},{\"@type\":\"Organization\",\"@id\":\"https:\\\/\\\/www.praxis-ilsegassner.li\\\/#organization\",\"name\":\"Naturheilpraxis Ilse Gassner\",\"url\":\"https:\\\/\\\/www.praxis-ilsegassner.li\\\/\",\"logo\":{\"@type\":\"ImageObject\",\"inLanguage\":\"de\",\"@id\":\"https:\\\/\\\/www.praxis-ilsegassner.li\\\/#\\\/schema\\\/logo\\\/image\\\/\",\"url\":\"https:\\\/\\\/www.praxis-ilsegassner.li\\\/wp-content\\\/uploads\\\/2021\\\/04\\\/O-Praxislogo_Gassner_Gst_hl.jpg\",\"contentUrl\":\"https:\\\/\\\/www.praxis-ilsegassner.li\\\/wp-content\\\/uploads\\\/2021\\\/04\\\/O-Praxislogo_Gassner_Gst_hl.jpg\",\"width\":827,\"height\":299,\"caption\":\"Naturheilpraxis Ilse Gassner\"},\"image\":{\"@id\":\"https:\\\/\\\/www.praxis-ilsegassner.li\\\/#\\\/schema\\\/logo\\\/image\\\/\"}}]}<\/script>\n<!-- \/ Yoast SEO plugin. -->","yoast_head_json":{"title":"Amnanda","description":"Amnanda ist eine ayurvedische \u00d6lbehandlung. Das Wort \u201eAmnanda\u201c stammt aus dem Sanskrit und bedeutet \u201eWeg zum Licht\u201c, \u201eWeg der Freude\u201c. Der Amnanda-Prozess zielt darauf ab, die Auswirkungen von traumatischen Lebenserfahrungen oder Langzeitstress zu bek\u00e4mpfen, zu denen Gef\u00fchle der \u00dcberforderung, mangelnde Motivation, k\u00f6rperliche Symptome und beschleunigtes Altern geh\u00f6ren k\u00f6nnen. Es ist auch f\u00fcr Menschen gedacht, die bewusst oder unbewusst unter traumatischen Lebenserfahrungen leiden.","robots":{"index":"index","follow":"follow","max-snippet":"max-snippet:-1","max-image-preview":"max-image-preview:large","max-video-preview":"max-video-preview:-1"},"canonical":"https:\/\/www.praxis-ilsegassner.li\/?page_id=349","og_locale":"de_DE","og_type":"article","og_title":"Amnanda","og_description":"Amnanda ist eine ayurvedische \u00d6lbehandlung. Das Wort \u201eAmnanda\u201c stammt aus dem Sanskrit und bedeutet \u201eWeg zum Licht\u201c, \u201eWeg der Freude\u201c. Der Amnanda-Prozess zielt darauf ab, die Auswirkungen von traumatischen Lebenserfahrungen oder Langzeitstress zu bek\u00e4mpfen, zu denen Gef\u00fchle der \u00dcberforderung, mangelnde Motivation, k\u00f6rperliche Symptome und beschleunigtes Altern geh\u00f6ren k\u00f6nnen. Es ist auch f\u00fcr Menschen gedacht, die bewusst oder unbewusst unter traumatischen Lebenserfahrungen leiden.","og_url":"https:\/\/www.praxis-ilsegassner.li\/?page_id=349","og_site_name":"Naturheilpraxis Ilse Gassner","article_modified_time":"2021-05-13T14:43:08+00:00","twitter_card":"summary_large_image","twitter_misc":{"Gesch\u00e4tzte Lesezeit":"2\u00a0Minuten"},"schema":{"@context":"https:\/\/schema.org","@graph":[{"@type":"WebPage","@id":"https:\/\/www.praxis-ilsegassner.li\/?page_id=349","url":"https:\/\/www.praxis-ilsegassner.li\/?page_id=349","name":"Amnanda","isPartOf":{"@id":"https:\/\/www.praxis-ilsegassner.li\/#website"},"datePublished":"2021-04-16T19:15:42+00:00","dateModified":"2021-05-13T14:43:08+00:00","description":"Amnanda ist eine ayurvedische \u00d6lbehandlung. Das Wort \u201eAmnanda\u201c stammt aus dem Sanskrit und bedeutet \u201eWeg zum Licht\u201c, \u201eWeg der Freude\u201c. Der Amnanda-Prozess zielt darauf ab, die Auswirkungen von traumatischen Lebenserfahrungen oder Langzeitstress zu bek\u00e4mpfen, zu denen Gef\u00fchle der \u00dcberforderung, mangelnde Motivation, k\u00f6rperliche Symptome und beschleunigtes Altern geh\u00f6ren k\u00f6nnen. Es ist auch f\u00fcr Menschen gedacht, die bewusst oder unbewusst unter traumatischen Lebenserfahrungen leiden.","breadcrumb":{"@id":"https:\/\/www.praxis-ilsegassner.li\/?page_id=349#breadcrumb"},"inLanguage":"de","potentialAction":[{"@type":"ReadAction","target":["https:\/\/www.praxis-ilsegassner.li\/?page_id=349"]}]},{"@type":"BreadcrumbList","@id":"https:\/\/www.praxis-ilsegassner.li\/?page_id=349#breadcrumb","itemListElement":[{"@type":"ListItem","position":1,"name":"Startseite","item":"https:\/\/www.praxis-ilsegassner.li\/"},{"@type":"ListItem","position":2,"name":"Amnanda"}]},{"@type":"WebSite","@id":"https:\/\/www.praxis-ilsegassner.li\/#website","url":"https:\/\/www.praxis-ilsegassner.li\/","name":"Naturheilpraxis Ilse Gassner","description":"Gesundheit hat viele Facetten","publisher":{"@id":"https:\/\/www.praxis-ilsegassner.li\/#organization"},"potentialAction":[{"@type":"SearchAction","target":{"@type":"EntryPoint","urlTemplate":"https:\/\/www.praxis-ilsegassner.li\/?s={search_term_string}"},"query-input":{"@type":"PropertyValueSpecification","valueRequired":true,"valueName":"search_term_string"}}],"inLanguage":"de"},{"@type":"Organization","@id":"https:\/\/www.praxis-ilsegassner.li\/#organization","name":"Naturheilpraxis Ilse Gassner","url":"https:\/\/www.praxis-ilsegassner.li\/","logo":{"@type":"ImageObject","inLanguage":"de","@id":"https:\/\/www.praxis-ilsegassner.li\/#\/schema\/logo\/image\/","url":"https:\/\/www.praxis-ilsegassner.li\/wp-content\/uploads\/2021\/04\/O-Praxislogo_Gassner_Gst_hl.jpg","contentUrl":"https:\/\/www.praxis-ilsegassner.li\/wp-content\/uploads\/2021\/04\/O-Praxislogo_Gassner_Gst_hl.jpg","width":827,"height":299,"caption":"Naturheilpraxis Ilse Gassner"},"image":{"@id":"https:\/\/www.praxis-ilsegassner.li\/#\/schema\/logo\/image\/"}}]}},"_links":{"self":[{"href":"https:\/\/www.praxis-ilsegassner.li\/index.php?rest_route=\/wp\/v2\/pages\/349","targetHints":{"allow":["GET"]}}],"collection":[{"href":"https:\/\/www.praxis-ilsegassner.li\/index.php?rest_route=\/wp\/v2\/pages"}],"about":[{"href":"https:\/\/www.praxis-ilsegassner.li\/index.php?rest_route=\/wp\/v2\/types\/page"}],"author":[{"embeddable":true,"href":"https:\/\/www.praxis-ilsegassner.li\/index.php?rest_route=\/wp\/v2\/users\/1"}],"replies":[{"embeddable":true,"href":"https:\/\/www.praxis-ilsegassner.li\/index.php?rest_route=%2Fwp%2Fv2%2Fcomments&post=349"}],"version-history":[{"count":10,"href":"https:\/\/www.praxis-ilsegassner.li\/index.php?rest_route=\/wp\/v2\/pages\/349\/revisions"}],"predecessor-version":[{"id":961,"href":"https:\/\/www.praxis-ilsegassner.li\/index.php?rest_route=\/wp\/v2\/pages\/349\/revisions\/961"}],"wp:attachment":[{"href":"https:\/\/www.praxis-ilsegassner.li\/index.php?rest_route=%2Fwp%2Fv2%2Fmedia&parent=349"}],"curies":[{"name":"wp","href":"https:\/\/api.w.org\/{rel}","templated":true}]}}