{"id":370,"date":"2021-04-16T21:34:51","date_gmt":"2021-04-16T19:34:51","guid":{"rendered":"http:\/\/www.praxis-ilsegassner.com.li\/?page_id=370"},"modified":"2021-05-13T16:44:41","modified_gmt":"2021-05-13T14:44:41","slug":"darmflora-analyse","status":"publish","type":"page","link":"https:\/\/www.praxis-ilsegassner.li\/?page_id=370","title":{"rendered":"Darmflora-Analyse"},"content":{"rendered":"\t\t<div data-elementor-type=\"wp-page\" data-elementor-id=\"370\" class=\"elementor elementor-370\">\n\t\t\t\t\t\t<section class=\"elementor-section elementor-top-section elementor-element elementor-element-cf8122f elementor-section-boxed elementor-section-height-default elementor-section-height-default\" data-id=\"cf8122f\" data-element_type=\"section\">\n\t\t\t\t\t\t\t<div class=\"elementor-background-overlay\"><\/div>\n\t\t\t\t\t\t\t<div class=\"elementor-container elementor-column-gap-default\">\n\t\t\t\t\t<div class=\"elementor-column elementor-col-100 elementor-top-column elementor-element elementor-element-9728c11\" data-id=\"9728c11\" data-element_type=\"column\">\n\t\t\t<div class=\"elementor-widget-wrap elementor-element-populated\">\n\t\t\t\t\t\t<div class=\"elementor-element elementor-element-744a6d6 elementor-widget elementor-widget-text-editor\" data-id=\"744a6d6\" data-element_type=\"widget\" data-widget_type=\"text-editor.default\">\n\t\t\t\t<div class=\"elementor-widget-container\">\n\t\t\t\t\t\t\t\t\t<h3>Darm-Flora-Analyse<\/h3><p>\u00a0<\/p><p>\u201eDer Tod sitzt im Darm\u201c sagte Hippokrates schon 300 Jahre vor Christus und in vielen Kulturen galt der Darm jahrhundertelang als Zentrum der Gesundheit.<\/p><p>\u00a0<\/p><p>Auch die moderne Wissenschaft best\u00e4tigt, dass die Darmflora f\u00fcr unsere Gesundheit von entscheidender Bedeutung ist. Unser Darm ist von Billionen winziger Organismen besiedelt, die nicht nur f\u00fcr unsere Verdauung von Wichtigkeit sind. Sie sorgen daf\u00fcr, dass sich krankmachende Keime nicht ausbreiten k\u00f6nnen und \u201edichten\u201c unsere Darmschleimhaut so ab, dass Kleinstbestandteile von Zucker, Eiweissen und Fetten nicht durch die Darmwand zur\u00fcck in den K\u00f6rper gelangen. Sie nehmen auch massgeblich Einfluss auf unser S\u00e4ttigungsgef\u00fchl, indem sie ein Eiweiss produzieren, das im Gehirn das Gef\u00fchl des \u201eSattseins\u201c ausl\u00f6st. Ausserdem produzieren sie etwa 70% unserer Immunzellen, und sind somit f\u00fcr eine starke K\u00f6rperabwehr zust\u00e4ndig<\/p><p>\u00a0<\/p><p>Alles in allem gute Gr\u00fcnde unsere Darmflora zu pflegen. Aber verschiedene Faktoren wie Ern\u00e4hrungsfehler, schlechte Essgewohnheiten, Medikamente (z.B. Antibiotika) und Stress k\u00f6nnen unsere Darmflora sch\u00e4digen und zu vielseitigen Problemen f\u00fchren. Als Folgen k\u00f6nnen Verdauungsprobleme wie Bl\u00e4hungen, Verstopfung, Durchfall, st\u00e4ndige M\u00fcdigkeit, Kopfschmerzen, Infektanf\u00e4lligkeiten, Allergien, Heuschnupfen, Asthma, Neurodermitis und viele andere Krankheiten auftreten.<\/p><p>\u00a0<\/p><p>Durch die Untersuchung einer Stuhlprobe in einem daf\u00fcr spezialisierten Labor kann eine Ver\u00e4nderung der Darmflora festgestellt werden und mit passenden mikrobiologischen Mitteln behandelt werden. Je nach Befund muss auch die Ern\u00e4hrung angepasst werden und\/oder es kommen zus\u00e4tzlich Darmsp\u00fclungen (Colon-Hydro-Therapie) zur Anwendung.<\/p><p>\u00a0<\/p>\t\t\t\t\t\t\t\t<\/div>\n\t\t\t\t<\/div>\n\t\t\t\t\t<\/div>\n\t\t<\/div>\n\t\t\t\t\t<\/div>\n\t\t<\/section>\n\t\t\t\t<section class=\"elementor-section elementor-top-section elementor-element elementor-element-f40aa92 elementor-section-boxed elementor-section-height-default elementor-section-height-default\" data-id=\"f40aa92\" data-element_type=\"section\">\n\t\t\t\t\t\t<div class=\"elementor-container elementor-column-gap-default\">\n\t\t\t\t\t<div class=\"elementor-column elementor-col-100 elementor-top-column elementor-element elementor-element-67045c8\" data-id=\"67045c8\" data-element_type=\"column\">\n\t\t\t<div class=\"elementor-widget-wrap elementor-element-populated\">\n\t\t\t\t\t\t<div class=\"elementor-element elementor-element-a0d39b6 elementor-widget elementor-widget-text-editor\" data-id=\"a0d39b6\" data-element_type=\"widget\" data-widget_type=\"text-editor.default\">\n\t\t\t\t<div class=\"elementor-widget-container\">\n\t\t\t\t\t\t\t\t\t<p><a href=\"http:\/\/www.praxis-ilsegassner.li\/?page_id=360\">zur\u00fcck zur \u00dcbersicht<\/a><\/p>\t\t\t\t\t\t\t\t<\/div>\n\t\t\t\t<\/div>\n\t\t\t\t<div class=\"elementor-element elementor-element-8103c84 elementor-widget-divider--view-line elementor-widget elementor-widget-divider\" data-id=\"8103c84\" data-element_type=\"widget\" data-widget_type=\"divider.default\">\n\t\t\t\t<div class=\"elementor-widget-container\">\n\t\t\t\t\t\t\t<div class=\"elementor-divider\">\n\t\t\t<span class=\"elementor-divider-separator\">\n\t\t\t\t\t\t<\/span>\n\t\t<\/div>\n\t\t\t\t\t\t<\/div>\n\t\t\t\t<\/div>\n\t\t\t\t\t<\/div>\n\t\t<\/div>\n\t\t\t\t\t<\/div>\n\t\t<\/section>\n\t\t\t\t<section class=\"elementor-section elementor-top-section elementor-element elementor-element-15ff29f elementor-section-boxed elementor-section-height-default elementor-section-height-default\" data-id=\"15ff29f\" data-element_type=\"section\">\n\t\t\t\t\t\t<div class=\"elementor-container elementor-column-gap-default\">\n\t\t\t\t\t<div class=\"elementor-column elementor-col-100 elementor-top-column elementor-element elementor-element-72730df\" data-id=\"72730df\" data-element_type=\"column\">\n\t\t\t<div class=\"elementor-widget-wrap elementor-element-populated\">\n\t\t\t\t\t\t<div class=\"elementor-element elementor-element-fc90d60 elementor-widget__width-initial elementor-widget elementor-widget-text-editor\" data-id=\"fc90d60\" data-element_type=\"widget\" data-widget_type=\"text-editor.default\">\n\t\t\t\t<div class=\"elementor-widget-container\">\n\t\t\t\t\t\t\t\t\t<p>Naturheilpraxis Ilse Gassner-Gst\u00f6hl<br \/>Bahnstrasse 54<br \/>9494 Schaan<\/p><p>praxis@ilsegassner.li<br \/>+423 233 29 60<\/p>\t\t\t\t\t\t\t\t<\/div>\n\t\t\t\t<\/div>\n\t\t\t\t\t<\/div>\n\t\t<\/div>\n\t\t\t\t\t<\/div>\n\t\t<\/section>\n\t\t\t\t<\/div>\n\t\t","protected":false},"excerpt":{"rendered":"<p>Darm-Flora-Analyse \u00a0 \u201eDer Tod sitzt im Darm\u201c sagte Hippokrates schon 300 Jahre vor Christus und in vielen Kulturen galt der Darm jahrhundertelang als Zentrum der Gesundheit. \u00a0 Auch die moderne Wissenschaft best\u00e4tigt, dass die Darmflora f\u00fcr unsere Gesundheit von entscheidender Bedeutung ist. Unser Darm ist von Billionen winziger Organismen besiedelt, die nicht nur f\u00fcr unsere [&hellip;]<\/p>\n","protected":false},"author":1,"featured_media":0,"parent":0,"menu_order":0,"comment_status":"closed","ping_status":"closed","template":"elementor_header_footer","meta":{"footnotes":""},"class_list":["post-370","page","type-page","status-publish","hentry"],"yoast_head":"<!-- This site is optimized with the Yoast SEO plugin v27.4 - https:\/\/yoast.com\/product\/yoast-seo-wordpress\/ -->\n<title>Darmflora Analyse<\/title>\n<meta name=\"description\" content=\"\u201eDer Tod sitzt im Darm\u201c sagte Hippokrates schon 300 Jahre vor Christus und in vielen Kulturen galt der Darm jahrhundertelang als Zentrum der Gesundheit. Auch die moderne Wissenschaft best\u00e4tigt, dass die Darmflora f\u00fcr unsere Gesundheit von entscheidender Bedeutung ist. Unser Darm ist von Billionen winziger Organismen besiedelt, die nicht nur f\u00fcr unsere Verdauung von Wichtigkeit sind. Sie sorgen daf\u00fcr, dass sich krankmachende Keime nicht ausbreiten k\u00f6nnen und \u201edichten\u201c unsere Darmschleimhaut so ab, dass Kleinstbestandteile von Zucker, Eiweissen und Fetten nicht durch die Darmwand zur\u00fcck in den K\u00f6rper gelangen.\" \/>\n<meta name=\"robots\" content=\"index, follow, max-snippet:-1, max-image-preview:large, max-video-preview:-1\" \/>\n<link rel=\"canonical\" href=\"https:\/\/www.praxis-ilsegassner.li\/?page_id=370\" \/>\n<meta property=\"og:locale\" content=\"de_DE\" \/>\n<meta property=\"og:type\" content=\"article\" \/>\n<meta property=\"og:title\" content=\"Darmflora Analyse\" \/>\n<meta property=\"og:description\" content=\"\u201eDer Tod sitzt im Darm\u201c sagte Hippokrates schon 300 Jahre vor Christus und in vielen Kulturen galt der Darm jahrhundertelang als Zentrum der Gesundheit. Auch die moderne Wissenschaft best\u00e4tigt, dass die Darmflora f\u00fcr unsere Gesundheit von entscheidender Bedeutung ist. Unser Darm ist von Billionen winziger Organismen besiedelt, die nicht nur f\u00fcr unsere Verdauung von Wichtigkeit sind. Sie sorgen daf\u00fcr, dass sich krankmachende Keime nicht ausbreiten k\u00f6nnen und \u201edichten\u201c unsere Darmschleimhaut so ab, dass Kleinstbestandteile von Zucker, Eiweissen und Fetten nicht durch die Darmwand zur\u00fcck in den K\u00f6rper gelangen.\" \/>\n<meta property=\"og:url\" content=\"https:\/\/www.praxis-ilsegassner.li\/?page_id=370\" \/>\n<meta property=\"og:site_name\" content=\"Naturheilpraxis Ilse Gassner\" \/>\n<meta property=\"article:modified_time\" content=\"2021-05-13T14:44:41+00:00\" \/>\n<meta name=\"twitter:card\" content=\"summary_large_image\" \/>\n<meta name=\"twitter:label1\" content=\"Gesch\u00e4tzte Lesezeit\" \/>\n\t<meta name=\"twitter:data1\" content=\"2\u00a0Minuten\" \/>\n<script type=\"application\/ld+json\" class=\"yoast-schema-graph\">{\"@context\":\"https:\\\/\\\/schema.org\",\"@graph\":[{\"@type\":\"WebPage\",\"@id\":\"https:\\\/\\\/www.praxis-ilsegassner.li\\\/?page_id=370\",\"url\":\"https:\\\/\\\/www.praxis-ilsegassner.li\\\/?page_id=370\",\"name\":\"Darmflora Analyse\",\"isPartOf\":{\"@id\":\"https:\\\/\\\/www.praxis-ilsegassner.li\\\/#website\"},\"datePublished\":\"2021-04-16T19:34:51+00:00\",\"dateModified\":\"2021-05-13T14:44:41+00:00\",\"description\":\"\u201eDer Tod sitzt im Darm\u201c sagte Hippokrates schon 300 Jahre vor Christus und in vielen Kulturen galt der Darm jahrhundertelang als Zentrum der Gesundheit. Auch die moderne Wissenschaft best\u00e4tigt, dass die Darmflora f\u00fcr unsere Gesundheit von entscheidender Bedeutung ist. Unser Darm ist von Billionen winziger Organismen besiedelt, die nicht nur f\u00fcr unsere Verdauung von Wichtigkeit sind. Sie sorgen daf\u00fcr, dass sich krankmachende Keime nicht ausbreiten k\u00f6nnen und \u201edichten\u201c unsere Darmschleimhaut so ab, dass Kleinstbestandteile von Zucker, Eiweissen und Fetten nicht durch die Darmwand zur\u00fcck in den K\u00f6rper gelangen.\",\"breadcrumb\":{\"@id\":\"https:\\\/\\\/www.praxis-ilsegassner.li\\\/?page_id=370#breadcrumb\"},\"inLanguage\":\"de\",\"potentialAction\":[{\"@type\":\"ReadAction\",\"target\":[\"https:\\\/\\\/www.praxis-ilsegassner.li\\\/?page_id=370\"]}]},{\"@type\":\"BreadcrumbList\",\"@id\":\"https:\\\/\\\/www.praxis-ilsegassner.li\\\/?page_id=370#breadcrumb\",\"itemListElement\":[{\"@type\":\"ListItem\",\"position\":1,\"name\":\"Startseite\",\"item\":\"https:\\\/\\\/www.praxis-ilsegassner.li\\\/\"},{\"@type\":\"ListItem\",\"position\":2,\"name\":\"Darmflora-Analyse\"}]},{\"@type\":\"WebSite\",\"@id\":\"https:\\\/\\\/www.praxis-ilsegassner.li\\\/#website\",\"url\":\"https:\\\/\\\/www.praxis-ilsegassner.li\\\/\",\"name\":\"Naturheilpraxis Ilse Gassner\",\"description\":\"Gesundheit hat viele Facetten\",\"publisher\":{\"@id\":\"https:\\\/\\\/www.praxis-ilsegassner.li\\\/#organization\"},\"potentialAction\":[{\"@type\":\"SearchAction\",\"target\":{\"@type\":\"EntryPoint\",\"urlTemplate\":\"https:\\\/\\\/www.praxis-ilsegassner.li\\\/?s={search_term_string}\"},\"query-input\":{\"@type\":\"PropertyValueSpecification\",\"valueRequired\":true,\"valueName\":\"search_term_string\"}}],\"inLanguage\":\"de\"},{\"@type\":\"Organization\",\"@id\":\"https:\\\/\\\/www.praxis-ilsegassner.li\\\/#organization\",\"name\":\"Naturheilpraxis Ilse Gassner\",\"url\":\"https:\\\/\\\/www.praxis-ilsegassner.li\\\/\",\"logo\":{\"@type\":\"ImageObject\",\"inLanguage\":\"de\",\"@id\":\"https:\\\/\\\/www.praxis-ilsegassner.li\\\/#\\\/schema\\\/logo\\\/image\\\/\",\"url\":\"https:\\\/\\\/www.praxis-ilsegassner.li\\\/wp-content\\\/uploads\\\/2021\\\/04\\\/O-Praxislogo_Gassner_Gst_hl.jpg\",\"contentUrl\":\"https:\\\/\\\/www.praxis-ilsegassner.li\\\/wp-content\\\/uploads\\\/2021\\\/04\\\/O-Praxislogo_Gassner_Gst_hl.jpg\",\"width\":827,\"height\":299,\"caption\":\"Naturheilpraxis Ilse Gassner\"},\"image\":{\"@id\":\"https:\\\/\\\/www.praxis-ilsegassner.li\\\/#\\\/schema\\\/logo\\\/image\\\/\"}}]}<\/script>\n<!-- \/ Yoast SEO plugin. -->","yoast_head_json":{"title":"Darmflora Analyse","description":"\u201eDer Tod sitzt im Darm\u201c sagte Hippokrates schon 300 Jahre vor Christus und in vielen Kulturen galt der Darm jahrhundertelang als Zentrum der Gesundheit. Auch die moderne Wissenschaft best\u00e4tigt, dass die Darmflora f\u00fcr unsere Gesundheit von entscheidender Bedeutung ist. Unser Darm ist von Billionen winziger Organismen besiedelt, die nicht nur f\u00fcr unsere Verdauung von Wichtigkeit sind. Sie sorgen daf\u00fcr, dass sich krankmachende Keime nicht ausbreiten k\u00f6nnen und \u201edichten\u201c unsere Darmschleimhaut so ab, dass Kleinstbestandteile von Zucker, Eiweissen und Fetten nicht durch die Darmwand zur\u00fcck in den K\u00f6rper gelangen.","robots":{"index":"index","follow":"follow","max-snippet":"max-snippet:-1","max-image-preview":"max-image-preview:large","max-video-preview":"max-video-preview:-1"},"canonical":"https:\/\/www.praxis-ilsegassner.li\/?page_id=370","og_locale":"de_DE","og_type":"article","og_title":"Darmflora Analyse","og_description":"\u201eDer Tod sitzt im Darm\u201c sagte Hippokrates schon 300 Jahre vor Christus und in vielen Kulturen galt der Darm jahrhundertelang als Zentrum der Gesundheit. Auch die moderne Wissenschaft best\u00e4tigt, dass die Darmflora f\u00fcr unsere Gesundheit von entscheidender Bedeutung ist. Unser Darm ist von Billionen winziger Organismen besiedelt, die nicht nur f\u00fcr unsere Verdauung von Wichtigkeit sind. Sie sorgen daf\u00fcr, dass sich krankmachende Keime nicht ausbreiten k\u00f6nnen und \u201edichten\u201c unsere Darmschleimhaut so ab, dass Kleinstbestandteile von Zucker, Eiweissen und Fetten nicht durch die Darmwand zur\u00fcck in den K\u00f6rper gelangen.","og_url":"https:\/\/www.praxis-ilsegassner.li\/?page_id=370","og_site_name":"Naturheilpraxis Ilse Gassner","article_modified_time":"2021-05-13T14:44:41+00:00","twitter_card":"summary_large_image","twitter_misc":{"Gesch\u00e4tzte Lesezeit":"2\u00a0Minuten"},"schema":{"@context":"https:\/\/schema.org","@graph":[{"@type":"WebPage","@id":"https:\/\/www.praxis-ilsegassner.li\/?page_id=370","url":"https:\/\/www.praxis-ilsegassner.li\/?page_id=370","name":"Darmflora Analyse","isPartOf":{"@id":"https:\/\/www.praxis-ilsegassner.li\/#website"},"datePublished":"2021-04-16T19:34:51+00:00","dateModified":"2021-05-13T14:44:41+00:00","description":"\u201eDer Tod sitzt im Darm\u201c sagte Hippokrates schon 300 Jahre vor Christus und in vielen Kulturen galt der Darm jahrhundertelang als Zentrum der Gesundheit. Auch die moderne Wissenschaft best\u00e4tigt, dass die Darmflora f\u00fcr unsere Gesundheit von entscheidender Bedeutung ist. Unser Darm ist von Billionen winziger Organismen besiedelt, die nicht nur f\u00fcr unsere Verdauung von Wichtigkeit sind. Sie sorgen daf\u00fcr, dass sich krankmachende Keime nicht ausbreiten k\u00f6nnen und \u201edichten\u201c unsere Darmschleimhaut so ab, dass Kleinstbestandteile von Zucker, Eiweissen und Fetten nicht durch die Darmwand zur\u00fcck in den K\u00f6rper gelangen.","breadcrumb":{"@id":"https:\/\/www.praxis-ilsegassner.li\/?page_id=370#breadcrumb"},"inLanguage":"de","potentialAction":[{"@type":"ReadAction","target":["https:\/\/www.praxis-ilsegassner.li\/?page_id=370"]}]},{"@type":"BreadcrumbList","@id":"https:\/\/www.praxis-ilsegassner.li\/?page_id=370#breadcrumb","itemListElement":[{"@type":"ListItem","position":1,"name":"Startseite","item":"https:\/\/www.praxis-ilsegassner.li\/"},{"@type":"ListItem","position":2,"name":"Darmflora-Analyse"}]},{"@type":"WebSite","@id":"https:\/\/www.praxis-ilsegassner.li\/#website","url":"https:\/\/www.praxis-ilsegassner.li\/","name":"Naturheilpraxis Ilse Gassner","description":"Gesundheit hat viele Facetten","publisher":{"@id":"https:\/\/www.praxis-ilsegassner.li\/#organization"},"potentialAction":[{"@type":"SearchAction","target":{"@type":"EntryPoint","urlTemplate":"https:\/\/www.praxis-ilsegassner.li\/?s={search_term_string}"},"query-input":{"@type":"PropertyValueSpecification","valueRequired":true,"valueName":"search_term_string"}}],"inLanguage":"de"},{"@type":"Organization","@id":"https:\/\/www.praxis-ilsegassner.li\/#organization","name":"Naturheilpraxis Ilse Gassner","url":"https:\/\/www.praxis-ilsegassner.li\/","logo":{"@type":"ImageObject","inLanguage":"de","@id":"https:\/\/www.praxis-ilsegassner.li\/#\/schema\/logo\/image\/","url":"https:\/\/www.praxis-ilsegassner.li\/wp-content\/uploads\/2021\/04\/O-Praxislogo_Gassner_Gst_hl.jpg","contentUrl":"https:\/\/www.praxis-ilsegassner.li\/wp-content\/uploads\/2021\/04\/O-Praxislogo_Gassner_Gst_hl.jpg","width":827,"height":299,"caption":"Naturheilpraxis Ilse Gassner"},"image":{"@id":"https:\/\/www.praxis-ilsegassner.li\/#\/schema\/logo\/image\/"}}]}},"_links":{"self":[{"href":"https:\/\/www.praxis-ilsegassner.li\/index.php?rest_route=\/wp\/v2\/pages\/370","targetHints":{"allow":["GET"]}}],"collection":[{"href":"https:\/\/www.praxis-ilsegassner.li\/index.php?rest_route=\/wp\/v2\/pages"}],"about":[{"href":"https:\/\/www.praxis-ilsegassner.li\/index.php?rest_route=\/wp\/v2\/types\/page"}],"author":[{"embeddable":true,"href":"https:\/\/www.praxis-ilsegassner.li\/index.php?rest_route=\/wp\/v2\/users\/1"}],"replies":[{"embeddable":true,"href":"https:\/\/www.praxis-ilsegassner.li\/index.php?rest_route=%2Fwp%2Fv2%2Fcomments&post=370"}],"version-history":[{"count":10,"href":"https:\/\/www.praxis-ilsegassner.li\/index.php?rest_route=\/wp\/v2\/pages\/370\/revisions"}],"predecessor-version":[{"id":967,"href":"https:\/\/www.praxis-ilsegassner.li\/index.php?rest_route=\/wp\/v2\/pages\/370\/revisions\/967"}],"wp:attachment":[{"href":"https:\/\/www.praxis-ilsegassner.li\/index.php?rest_route=%2Fwp%2Fv2%2Fmedia&parent=370"}],"curies":[{"name":"wp","href":"https:\/\/api.w.org\/{rel}","templated":true}]}}