{"id":381,"date":"2021-04-16T21:37:47","date_gmt":"2021-04-16T19:37:47","guid":{"rendered":"http:\/\/www.praxis-ilsegassner.com.li\/?page_id=381"},"modified":"2021-05-13T16:46:00","modified_gmt":"2021-05-13T14:46:00","slug":"colon-hydro-therapie","status":"publish","type":"page","link":"https:\/\/www.praxis-ilsegassner.li\/?page_id=381","title":{"rendered":"Colon-Hydro-Therapie"},"content":{"rendered":"\t\t<div data-elementor-type=\"wp-page\" data-elementor-id=\"381\" class=\"elementor elementor-381\">\n\t\t\t\t\t\t<section class=\"elementor-section elementor-top-section elementor-element elementor-element-cf8122f elementor-section-boxed elementor-section-height-default elementor-section-height-default\" data-id=\"cf8122f\" data-element_type=\"section\">\n\t\t\t\t\t\t\t<div class=\"elementor-background-overlay\"><\/div>\n\t\t\t\t\t\t\t<div class=\"elementor-container elementor-column-gap-default\">\n\t\t\t\t\t<div class=\"elementor-column elementor-col-100 elementor-top-column elementor-element elementor-element-9728c11\" data-id=\"9728c11\" data-element_type=\"column\">\n\t\t\t<div class=\"elementor-widget-wrap elementor-element-populated\">\n\t\t\t\t\t\t<div class=\"elementor-element elementor-element-744a6d6 elementor-widget elementor-widget-text-editor\" data-id=\"744a6d6\" data-element_type=\"widget\" data-widget_type=\"text-editor.default\">\n\t\t\t\t<div class=\"elementor-widget-container\">\n\t\t\t\t\t\t\t\t\t<h3>Colon-Hydrotherapie<\/h3><p>Schon im Mittelalter waren Einl\u00e4ufe ein bew\u00e4hrtes Mittel, um den K\u00f6rper von \u00abschlechten S\u00e4ften\u00bb zu befreien. Anton Dorsch, ein Professor aus Wien, forschte Anfang des 19. Jahrhunderts \u00fcber die m\u00f6glichen Zusammenh\u00e4nge von Darmr\u00fcckst\u00e4nden und Todesursachen und fand Zusammenh\u00e4nge zwischen Fehlern\u00e4hrung und verschiedenen Erkrankungen. 1912 entwickelte er das \u00absubaquale Darmbad\u00bb, bei dem der Patient im warmen Badewasser sass, w\u00e4hrend er Einl\u00e4ufe bekam und sein Dickdarm auf diese Weise gesp\u00fclt wurde.<\/p><p>\u00a0<\/p><p>Bei der heutigen Colon-Hydro-Therapie liegt der Patient bequem und zugedeckt auf dem R\u00fccken. Der Darm wird nun mit Wasser von wechselnder Temperatur (30 bis 38 Grad) gesp\u00fclt, was die Darmperistaltik anregt (\u00e4hnlich wie heiss-kalt-duschen den Kreislauf). Zus\u00e4tzlich wird die Bauchdecke mit weichen, rhythmischen Bewegungen und warmen \u00d6l massiert, was die Darmt\u00e4tigkeit zus\u00e4tzlich anregt und mithilft, dass sich Ablagerungen, Gase und verklebte Kotsteine von der Darmschleimhaut abl\u00f6sen und ausgeschieden werden k\u00f6nnen. Die Behandlung ist v\u00f6llig geruchlos, schonend und angenehm. Schon nach wenigen Behandlungen sp\u00fcren Sie die entgiftende Wirkung, erleben eine wohltuende Leichtigkeit und eine zunehmende Vitalit\u00e4t.<\/p><p>\u00a0<\/p><p>Auf Grund der Wirkmechanismen hat die Colon-Hydrotherapie also ein breites Anwendungsspektrum und kommt bei Verdauungsbeschwerden, wie Verstopfung, Durchf\u00e4llen, Bl\u00e4hungen, Reizdarm und \u00dcbergewicht zum Einsatz. Aber auch bei Hautbeschwerden, Allergien, Kopfschmerzen, rheumatischen Erkrankungen, Asthma, M\u00fcdigkeit, Depressionen ist sie als Begleittherapie von grosser Wirkung. Eine grosse Bedeutung haben Darmsp\u00fclungen auch bei Fastenkuren, da sie die Ausscheidungsprozesse anregen und die reinigende Wirkung der Kur unterst\u00fctzten.<\/p>\t\t\t\t\t\t\t\t<\/div>\n\t\t\t\t<\/div>\n\t\t\t\t\t<\/div>\n\t\t<\/div>\n\t\t\t\t\t<\/div>\n\t\t<\/section>\n\t\t\t\t<section class=\"elementor-section elementor-top-section elementor-element elementor-element-f40aa92 elementor-section-boxed elementor-section-height-default elementor-section-height-default\" data-id=\"f40aa92\" data-element_type=\"section\">\n\t\t\t\t\t\t<div class=\"elementor-container elementor-column-gap-default\">\n\t\t\t\t\t<div class=\"elementor-column elementor-col-100 elementor-top-column elementor-element elementor-element-67045c8\" data-id=\"67045c8\" data-element_type=\"column\">\n\t\t\t<div class=\"elementor-widget-wrap elementor-element-populated\">\n\t\t\t\t\t\t<div class=\"elementor-element elementor-element-a0d39b6 elementor-widget elementor-widget-text-editor\" data-id=\"a0d39b6\" data-element_type=\"widget\" data-widget_type=\"text-editor.default\">\n\t\t\t\t<div class=\"elementor-widget-container\">\n\t\t\t\t\t\t\t\t\t<p><a href=\"http:\/\/www.praxis-ilsegassner.li\/?page_id=360\">zur\u00fcck zur \u00dcbersicht<\/a><\/p>\t\t\t\t\t\t\t\t<\/div>\n\t\t\t\t<\/div>\n\t\t\t\t<div class=\"elementor-element elementor-element-8103c84 elementor-widget-divider--view-line elementor-widget elementor-widget-divider\" data-id=\"8103c84\" data-element_type=\"widget\" data-widget_type=\"divider.default\">\n\t\t\t\t<div class=\"elementor-widget-container\">\n\t\t\t\t\t\t\t<div class=\"elementor-divider\">\n\t\t\t<span class=\"elementor-divider-separator\">\n\t\t\t\t\t\t<\/span>\n\t\t<\/div>\n\t\t\t\t\t\t<\/div>\n\t\t\t\t<\/div>\n\t\t\t\t\t<\/div>\n\t\t<\/div>\n\t\t\t\t\t<\/div>\n\t\t<\/section>\n\t\t\t\t<section class=\"elementor-section elementor-top-section elementor-element elementor-element-15ff29f elementor-section-boxed elementor-section-height-default elementor-section-height-default\" data-id=\"15ff29f\" data-element_type=\"section\">\n\t\t\t\t\t\t<div class=\"elementor-container elementor-column-gap-default\">\n\t\t\t\t\t<div class=\"elementor-column elementor-col-100 elementor-top-column elementor-element elementor-element-72730df\" data-id=\"72730df\" data-element_type=\"column\">\n\t\t\t<div class=\"elementor-widget-wrap elementor-element-populated\">\n\t\t\t\t\t\t<div class=\"elementor-element elementor-element-fc90d60 elementor-widget__width-initial elementor-widget elementor-widget-text-editor\" data-id=\"fc90d60\" data-element_type=\"widget\" data-widget_type=\"text-editor.default\">\n\t\t\t\t<div class=\"elementor-widget-container\">\n\t\t\t\t\t\t\t\t\t<p>Naturheilpraxis Ilse Gassner-Gst\u00f6hl<br \/>Bahnstrasse 54<br \/>9494 Schaan<\/p><p>praxis@ilsegassner.li<br \/>+423 233 29 60<\/p>\t\t\t\t\t\t\t\t<\/div>\n\t\t\t\t<\/div>\n\t\t\t\t\t<\/div>\n\t\t<\/div>\n\t\t\t\t\t<\/div>\n\t\t<\/section>\n\t\t\t\t<\/div>\n\t\t","protected":false},"excerpt":{"rendered":"<p>Colon-Hydrotherapie Schon im Mittelalter waren Einl\u00e4ufe ein bew\u00e4hrtes Mittel, um den K\u00f6rper von \u00abschlechten S\u00e4ften\u00bb zu befreien. Anton Dorsch, ein Professor aus Wien, forschte Anfang des 19. Jahrhunderts \u00fcber die m\u00f6glichen Zusammenh\u00e4nge von Darmr\u00fcckst\u00e4nden und Todesursachen und fand Zusammenh\u00e4nge zwischen Fehlern\u00e4hrung und verschiedenen Erkrankungen. 1912 entwickelte er das \u00absubaquale Darmbad\u00bb, bei dem der Patient im [&hellip;]<\/p>\n","protected":false},"author":1,"featured_media":0,"parent":0,"menu_order":0,"comment_status":"closed","ping_status":"closed","template":"elementor_header_footer","meta":{"footnotes":""},"class_list":["post-381","page","type-page","status-publish","hentry"],"yoast_head":"<!-- This site is optimized with the Yoast SEO plugin v27.4 - https:\/\/yoast.com\/product\/yoast-seo-wordpress\/ -->\n<title>Colon Hydro Therapie<\/title>\n<meta name=\"description\" content=\"Auf Grund der Wirkmechanismen hat die Colon-Hydrotherapie also ein breites Anwendungsspektrum und kommt bei Verdauungsbeschwerden, wie Verstopfung, Durchf\u00e4llen, Bl\u00e4hungen, Reizdarm und \u00dcbergewicht zum Einsatz. Aber auch bei Hautbeschwerden, Allergien, Kopfschmerzen, rheumatischen Erkrankungen, Asthma, M\u00fcdigkeit, Depressionen ist sie als Begleittherapie von grosser Wirkung. Eine grosse Bedeutung haben Darmsp\u00fclungen auch bei Fastenkuren, da sie die Ausscheidungsprozesse anregen und die reinigende Wirkung der Kur unterst\u00fctzten.\" \/>\n<meta name=\"robots\" content=\"index, follow, max-snippet:-1, max-image-preview:large, max-video-preview:-1\" \/>\n<link rel=\"canonical\" href=\"https:\/\/www.praxis-ilsegassner.li\/?page_id=381\" \/>\n<meta property=\"og:locale\" content=\"de_DE\" \/>\n<meta property=\"og:type\" content=\"article\" \/>\n<meta property=\"og:title\" content=\"Colon Hydro Therapie\" \/>\n<meta property=\"og:description\" content=\"Auf Grund der Wirkmechanismen hat die Colon-Hydrotherapie also ein breites Anwendungsspektrum und kommt bei Verdauungsbeschwerden, wie Verstopfung, Durchf\u00e4llen, Bl\u00e4hungen, Reizdarm und \u00dcbergewicht zum Einsatz. Aber auch bei Hautbeschwerden, Allergien, Kopfschmerzen, rheumatischen Erkrankungen, Asthma, M\u00fcdigkeit, Depressionen ist sie als Begleittherapie von grosser Wirkung. Eine grosse Bedeutung haben Darmsp\u00fclungen auch bei Fastenkuren, da sie die Ausscheidungsprozesse anregen und die reinigende Wirkung der Kur unterst\u00fctzten.\" \/>\n<meta property=\"og:url\" content=\"https:\/\/www.praxis-ilsegassner.li\/?page_id=381\" \/>\n<meta property=\"og:site_name\" content=\"Naturheilpraxis Ilse Gassner\" \/>\n<meta property=\"article:modified_time\" content=\"2021-05-13T14:46:00+00:00\" \/>\n<meta name=\"twitter:card\" content=\"summary_large_image\" \/>\n<meta name=\"twitter:label1\" content=\"Gesch\u00e4tzte Lesezeit\" \/>\n\t<meta name=\"twitter:data1\" content=\"2\u00a0Minuten\" \/>\n<script type=\"application\/ld+json\" class=\"yoast-schema-graph\">{\"@context\":\"https:\\\/\\\/schema.org\",\"@graph\":[{\"@type\":\"WebPage\",\"@id\":\"https:\\\/\\\/www.praxis-ilsegassner.li\\\/?page_id=381\",\"url\":\"https:\\\/\\\/www.praxis-ilsegassner.li\\\/?page_id=381\",\"name\":\"Colon Hydro Therapie\",\"isPartOf\":{\"@id\":\"https:\\\/\\\/www.praxis-ilsegassner.li\\\/#website\"},\"datePublished\":\"2021-04-16T19:37:47+00:00\",\"dateModified\":\"2021-05-13T14:46:00+00:00\",\"description\":\"Auf Grund der Wirkmechanismen hat die Colon-Hydrotherapie also ein breites Anwendungsspektrum und kommt bei Verdauungsbeschwerden, wie Verstopfung, Durchf\u00e4llen, Bl\u00e4hungen, Reizdarm und \u00dcbergewicht zum Einsatz. Aber auch bei Hautbeschwerden, Allergien, Kopfschmerzen, rheumatischen Erkrankungen, Asthma, M\u00fcdigkeit, Depressionen ist sie als Begleittherapie von grosser Wirkung. Eine grosse Bedeutung haben Darmsp\u00fclungen auch bei Fastenkuren, da sie die Ausscheidungsprozesse anregen und die reinigende Wirkung der Kur unterst\u00fctzten.\",\"breadcrumb\":{\"@id\":\"https:\\\/\\\/www.praxis-ilsegassner.li\\\/?page_id=381#breadcrumb\"},\"inLanguage\":\"de\",\"potentialAction\":[{\"@type\":\"ReadAction\",\"target\":[\"https:\\\/\\\/www.praxis-ilsegassner.li\\\/?page_id=381\"]}]},{\"@type\":\"BreadcrumbList\",\"@id\":\"https:\\\/\\\/www.praxis-ilsegassner.li\\\/?page_id=381#breadcrumb\",\"itemListElement\":[{\"@type\":\"ListItem\",\"position\":1,\"name\":\"Startseite\",\"item\":\"https:\\\/\\\/www.praxis-ilsegassner.li\\\/\"},{\"@type\":\"ListItem\",\"position\":2,\"name\":\"Colon-Hydro-Therapie\"}]},{\"@type\":\"WebSite\",\"@id\":\"https:\\\/\\\/www.praxis-ilsegassner.li\\\/#website\",\"url\":\"https:\\\/\\\/www.praxis-ilsegassner.li\\\/\",\"name\":\"Naturheilpraxis Ilse Gassner\",\"description\":\"Gesundheit hat viele Facetten\",\"publisher\":{\"@id\":\"https:\\\/\\\/www.praxis-ilsegassner.li\\\/#organization\"},\"potentialAction\":[{\"@type\":\"SearchAction\",\"target\":{\"@type\":\"EntryPoint\",\"urlTemplate\":\"https:\\\/\\\/www.praxis-ilsegassner.li\\\/?s={search_term_string}\"},\"query-input\":{\"@type\":\"PropertyValueSpecification\",\"valueRequired\":true,\"valueName\":\"search_term_string\"}}],\"inLanguage\":\"de\"},{\"@type\":\"Organization\",\"@id\":\"https:\\\/\\\/www.praxis-ilsegassner.li\\\/#organization\",\"name\":\"Naturheilpraxis Ilse Gassner\",\"url\":\"https:\\\/\\\/www.praxis-ilsegassner.li\\\/\",\"logo\":{\"@type\":\"ImageObject\",\"inLanguage\":\"de\",\"@id\":\"https:\\\/\\\/www.praxis-ilsegassner.li\\\/#\\\/schema\\\/logo\\\/image\\\/\",\"url\":\"https:\\\/\\\/www.praxis-ilsegassner.li\\\/wp-content\\\/uploads\\\/2021\\\/04\\\/O-Praxislogo_Gassner_Gst_hl.jpg\",\"contentUrl\":\"https:\\\/\\\/www.praxis-ilsegassner.li\\\/wp-content\\\/uploads\\\/2021\\\/04\\\/O-Praxislogo_Gassner_Gst_hl.jpg\",\"width\":827,\"height\":299,\"caption\":\"Naturheilpraxis Ilse Gassner\"},\"image\":{\"@id\":\"https:\\\/\\\/www.praxis-ilsegassner.li\\\/#\\\/schema\\\/logo\\\/image\\\/\"}}]}<\/script>\n<!-- \/ Yoast SEO plugin. -->","yoast_head_json":{"title":"Colon Hydro Therapie","description":"Auf Grund der Wirkmechanismen hat die Colon-Hydrotherapie also ein breites Anwendungsspektrum und kommt bei Verdauungsbeschwerden, wie Verstopfung, Durchf\u00e4llen, Bl\u00e4hungen, Reizdarm und \u00dcbergewicht zum Einsatz. Aber auch bei Hautbeschwerden, Allergien, Kopfschmerzen, rheumatischen Erkrankungen, Asthma, M\u00fcdigkeit, Depressionen ist sie als Begleittherapie von grosser Wirkung. Eine grosse Bedeutung haben Darmsp\u00fclungen auch bei Fastenkuren, da sie die Ausscheidungsprozesse anregen und die reinigende Wirkung der Kur unterst\u00fctzten.","robots":{"index":"index","follow":"follow","max-snippet":"max-snippet:-1","max-image-preview":"max-image-preview:large","max-video-preview":"max-video-preview:-1"},"canonical":"https:\/\/www.praxis-ilsegassner.li\/?page_id=381","og_locale":"de_DE","og_type":"article","og_title":"Colon Hydro Therapie","og_description":"Auf Grund der Wirkmechanismen hat die Colon-Hydrotherapie also ein breites Anwendungsspektrum und kommt bei Verdauungsbeschwerden, wie Verstopfung, Durchf\u00e4llen, Bl\u00e4hungen, Reizdarm und \u00dcbergewicht zum Einsatz. Aber auch bei Hautbeschwerden, Allergien, Kopfschmerzen, rheumatischen Erkrankungen, Asthma, M\u00fcdigkeit, Depressionen ist sie als Begleittherapie von grosser Wirkung. Eine grosse Bedeutung haben Darmsp\u00fclungen auch bei Fastenkuren, da sie die Ausscheidungsprozesse anregen und die reinigende Wirkung der Kur unterst\u00fctzten.","og_url":"https:\/\/www.praxis-ilsegassner.li\/?page_id=381","og_site_name":"Naturheilpraxis Ilse Gassner","article_modified_time":"2021-05-13T14:46:00+00:00","twitter_card":"summary_large_image","twitter_misc":{"Gesch\u00e4tzte Lesezeit":"2\u00a0Minuten"},"schema":{"@context":"https:\/\/schema.org","@graph":[{"@type":"WebPage","@id":"https:\/\/www.praxis-ilsegassner.li\/?page_id=381","url":"https:\/\/www.praxis-ilsegassner.li\/?page_id=381","name":"Colon Hydro Therapie","isPartOf":{"@id":"https:\/\/www.praxis-ilsegassner.li\/#website"},"datePublished":"2021-04-16T19:37:47+00:00","dateModified":"2021-05-13T14:46:00+00:00","description":"Auf Grund der Wirkmechanismen hat die Colon-Hydrotherapie also ein breites Anwendungsspektrum und kommt bei Verdauungsbeschwerden, wie Verstopfung, Durchf\u00e4llen, Bl\u00e4hungen, Reizdarm und \u00dcbergewicht zum Einsatz. Aber auch bei Hautbeschwerden, Allergien, Kopfschmerzen, rheumatischen Erkrankungen, Asthma, M\u00fcdigkeit, Depressionen ist sie als Begleittherapie von grosser Wirkung. Eine grosse Bedeutung haben Darmsp\u00fclungen auch bei Fastenkuren, da sie die Ausscheidungsprozesse anregen und die reinigende Wirkung der Kur unterst\u00fctzten.","breadcrumb":{"@id":"https:\/\/www.praxis-ilsegassner.li\/?page_id=381#breadcrumb"},"inLanguage":"de","potentialAction":[{"@type":"ReadAction","target":["https:\/\/www.praxis-ilsegassner.li\/?page_id=381"]}]},{"@type":"BreadcrumbList","@id":"https:\/\/www.praxis-ilsegassner.li\/?page_id=381#breadcrumb","itemListElement":[{"@type":"ListItem","position":1,"name":"Startseite","item":"https:\/\/www.praxis-ilsegassner.li\/"},{"@type":"ListItem","position":2,"name":"Colon-Hydro-Therapie"}]},{"@type":"WebSite","@id":"https:\/\/www.praxis-ilsegassner.li\/#website","url":"https:\/\/www.praxis-ilsegassner.li\/","name":"Naturheilpraxis Ilse Gassner","description":"Gesundheit hat viele Facetten","publisher":{"@id":"https:\/\/www.praxis-ilsegassner.li\/#organization"},"potentialAction":[{"@type":"SearchAction","target":{"@type":"EntryPoint","urlTemplate":"https:\/\/www.praxis-ilsegassner.li\/?s={search_term_string}"},"query-input":{"@type":"PropertyValueSpecification","valueRequired":true,"valueName":"search_term_string"}}],"inLanguage":"de"},{"@type":"Organization","@id":"https:\/\/www.praxis-ilsegassner.li\/#organization","name":"Naturheilpraxis Ilse Gassner","url":"https:\/\/www.praxis-ilsegassner.li\/","logo":{"@type":"ImageObject","inLanguage":"de","@id":"https:\/\/www.praxis-ilsegassner.li\/#\/schema\/logo\/image\/","url":"https:\/\/www.praxis-ilsegassner.li\/wp-content\/uploads\/2021\/04\/O-Praxislogo_Gassner_Gst_hl.jpg","contentUrl":"https:\/\/www.praxis-ilsegassner.li\/wp-content\/uploads\/2021\/04\/O-Praxislogo_Gassner_Gst_hl.jpg","width":827,"height":299,"caption":"Naturheilpraxis Ilse Gassner"},"image":{"@id":"https:\/\/www.praxis-ilsegassner.li\/#\/schema\/logo\/image\/"}}]}},"_links":{"self":[{"href":"https:\/\/www.praxis-ilsegassner.li\/index.php?rest_route=\/wp\/v2\/pages\/381","targetHints":{"allow":["GET"]}}],"collection":[{"href":"https:\/\/www.praxis-ilsegassner.li\/index.php?rest_route=\/wp\/v2\/pages"}],"about":[{"href":"https:\/\/www.praxis-ilsegassner.li\/index.php?rest_route=\/wp\/v2\/types\/page"}],"author":[{"embeddable":true,"href":"https:\/\/www.praxis-ilsegassner.li\/index.php?rest_route=\/wp\/v2\/users\/1"}],"replies":[{"embeddable":true,"href":"https:\/\/www.praxis-ilsegassner.li\/index.php?rest_route=%2Fwp%2Fv2%2Fcomments&post=381"}],"version-history":[{"count":13,"href":"https:\/\/www.praxis-ilsegassner.li\/index.php?rest_route=\/wp\/v2\/pages\/381\/revisions"}],"predecessor-version":[{"id":973,"href":"https:\/\/www.praxis-ilsegassner.li\/index.php?rest_route=\/wp\/v2\/pages\/381\/revisions\/973"}],"wp:attachment":[{"href":"https:\/\/www.praxis-ilsegassner.li\/index.php?rest_route=%2Fwp%2Fv2%2Fmedia&parent=381"}],"curies":[{"name":"wp","href":"https:\/\/api.w.org\/{rel}","templated":true}]}}