{"id":405,"date":"2021-04-16T21:52:24","date_gmt":"2021-04-16T19:52:24","guid":{"rendered":"http:\/\/www.praxis-ilsegassner.com.li\/?page_id=405"},"modified":"2021-05-13T16:51:06","modified_gmt":"2021-05-13T14:51:06","slug":"metabolic-balance","status":"publish","type":"page","link":"https:\/\/www.praxis-ilsegassner.li\/?page_id=405","title":{"rendered":"Metabolic Balance"},"content":{"rendered":"\t\t<div data-elementor-type=\"wp-page\" data-elementor-id=\"405\" class=\"elementor elementor-405\">\n\t\t\t\t\t\t<section class=\"elementor-section elementor-top-section elementor-element elementor-element-cf8122f elementor-section-boxed elementor-section-height-default elementor-section-height-default\" data-id=\"cf8122f\" data-element_type=\"section\">\n\t\t\t\t\t\t\t<div class=\"elementor-background-overlay\"><\/div>\n\t\t\t\t\t\t\t<div class=\"elementor-container elementor-column-gap-default\">\n\t\t\t\t\t<div class=\"elementor-column elementor-col-100 elementor-top-column elementor-element elementor-element-9728c11\" data-id=\"9728c11\" data-element_type=\"column\">\n\t\t\t<div class=\"elementor-widget-wrap elementor-element-populated\">\n\t\t\t\t\t\t<div class=\"elementor-element elementor-element-744a6d6 elementor-widget elementor-widget-text-editor\" data-id=\"744a6d6\" data-element_type=\"widget\" data-widget_type=\"text-editor.default\">\n\t\t\t\t<div class=\"elementor-widget-container\">\n\t\t\t\t\t\t\t\t\t<h3>Metabolic Balance<\/h3><p>\u00a0<\/p><p>\u00abDeine Nahrungsmittel seien deine Heilmittel\u00bb sagte schon Hippokrates ca. 400 v. Chr.<\/p><p>\u00a0<\/p><p>Die Ern\u00e4hrung der heutigen Zeit f\u00fchrt trotz aller Aufkl\u00e4rung und zahlreicher Bem\u00fchungen, sowohl von Ern\u00e4hrungswissenschaftlern und Therapeuten als auch Verbrauchern, zu immer mehr Stoffwechsel- und Hormonst\u00f6rungen. \u00dcbergewicht, Gelenkprobleme, Diabetes, erh\u00f6hte Cholesterinwerte, Bluthochdruck, Herzinfarkt usw. sind die Folge.<\/p><p>\u00a0<\/p><p>Dr. Wolf Funfack, ein Internist und Ern\u00e4hrungsmediziner aus Deutschland, entwickelte 2001 eine Stoffwechselkur, die Metabolic Balance. Weil er \u00fcberzeugt war, dass die falschen Lebensmittel krank machen war klar, dass die richtigen Lebensmittel gesund machen. Auf dieser Wissensbasis baute er auf und entwickelte ein Ern\u00e4hrungssystem, das f\u00fcr jeden Menschen individuell auf seinen Gesundheitszustand und seine Stoffwechsellage abgestimmt ist.<\/p><p>\u00a0<\/p><p>Mit einer Blutanalyse und Ihren pers\u00f6nlichen Angaben (Gr\u00f6sse, Gewicht, Gesundheitsfragen, Essgewohnheiten etc.) wird ein Ern\u00e4hrungsplan erstellt, dessen Lebensmittel von den Inhaltsstoffen her so zusammengestellt sind, dass sie die richtigen N\u00e4hrstoffe enthalten, um Ihren Stoffwechsel optimal versorgen und ausbalancieren zu k\u00f6nnen. Dadurch lassen sich zahlreiche Gesundheitsst\u00f6rungen verringern oder sogar r\u00fcckg\u00e4ngig machen und das \u00dcbergewicht reduzieren.<\/p><p>\u00a0<\/p><p>Die Entscheidung zu einer bewussten Ern\u00e4hrung, ist eine Entscheidung zu sich selbst. Zum Wohlf\u00fchlen, gesund werden und gesund bleiben.<\/p>\t\t\t\t\t\t\t\t<\/div>\n\t\t\t\t<\/div>\n\t\t\t\t\t<\/div>\n\t\t<\/div>\n\t\t\t\t\t<\/div>\n\t\t<\/section>\n\t\t\t\t<section class=\"elementor-section elementor-top-section elementor-element elementor-element-f40aa92 elementor-section-boxed elementor-section-height-default elementor-section-height-default\" data-id=\"f40aa92\" data-element_type=\"section\">\n\t\t\t\t\t\t<div class=\"elementor-container elementor-column-gap-default\">\n\t\t\t\t\t<div class=\"elementor-column elementor-col-100 elementor-top-column elementor-element elementor-element-67045c8\" data-id=\"67045c8\" data-element_type=\"column\">\n\t\t\t<div class=\"elementor-widget-wrap elementor-element-populated\">\n\t\t\t\t\t\t<div class=\"elementor-element elementor-element-a0d39b6 elementor-widget elementor-widget-text-editor\" data-id=\"a0d39b6\" data-element_type=\"widget\" data-widget_type=\"text-editor.default\">\n\t\t\t\t<div class=\"elementor-widget-container\">\n\t\t\t\t\t\t\t\t\t<p><a href=\"http:\/\/www.praxis-ilsegassner.li\/?page_id=395\">zur\u00fcck zur \u00dcbersicht<\/a><\/p>\t\t\t\t\t\t\t\t<\/div>\n\t\t\t\t<\/div>\n\t\t\t\t<div class=\"elementor-element elementor-element-8103c84 elementor-widget-divider--view-line elementor-widget elementor-widget-divider\" data-id=\"8103c84\" data-element_type=\"widget\" data-widget_type=\"divider.default\">\n\t\t\t\t<div class=\"elementor-widget-container\">\n\t\t\t\t\t\t\t<div class=\"elementor-divider\">\n\t\t\t<span class=\"elementor-divider-separator\">\n\t\t\t\t\t\t<\/span>\n\t\t<\/div>\n\t\t\t\t\t\t<\/div>\n\t\t\t\t<\/div>\n\t\t\t\t\t<\/div>\n\t\t<\/div>\n\t\t\t\t\t<\/div>\n\t\t<\/section>\n\t\t\t\t<section class=\"elementor-section elementor-top-section elementor-element elementor-element-15ff29f elementor-section-boxed elementor-section-height-default elementor-section-height-default\" data-id=\"15ff29f\" data-element_type=\"section\">\n\t\t\t\t\t\t<div class=\"elementor-container elementor-column-gap-default\">\n\t\t\t\t\t<div class=\"elementor-column elementor-col-100 elementor-top-column elementor-element elementor-element-72730df\" data-id=\"72730df\" data-element_type=\"column\">\n\t\t\t<div class=\"elementor-widget-wrap elementor-element-populated\">\n\t\t\t\t\t\t<div class=\"elementor-element elementor-element-fc90d60 elementor-widget__width-initial elementor-widget elementor-widget-text-editor\" data-id=\"fc90d60\" data-element_type=\"widget\" data-widget_type=\"text-editor.default\">\n\t\t\t\t<div class=\"elementor-widget-container\">\n\t\t\t\t\t\t\t\t\t<p>Naturheilpraxis Ilse Gassner-Gst\u00f6hl<br \/>Bahnstrasse 54<br \/>9494 Schaan<\/p><p>praxis@ilsegassner.li<br \/>+423 233 29 60<\/p>\t\t\t\t\t\t\t\t<\/div>\n\t\t\t\t<\/div>\n\t\t\t\t\t<\/div>\n\t\t<\/div>\n\t\t\t\t\t<\/div>\n\t\t<\/section>\n\t\t\t\t<\/div>\n\t\t","protected":false},"excerpt":{"rendered":"<p>Metabolic Balance \u00a0 \u00abDeine Nahrungsmittel seien deine Heilmittel\u00bb sagte schon Hippokrates ca. 400 v. Chr. \u00a0 Die Ern\u00e4hrung der heutigen Zeit f\u00fchrt trotz aller Aufkl\u00e4rung und zahlreicher Bem\u00fchungen, sowohl von Ern\u00e4hrungswissenschaftlern und Therapeuten als auch Verbrauchern, zu immer mehr Stoffwechsel- und Hormonst\u00f6rungen. \u00dcbergewicht, Gelenkprobleme, Diabetes, erh\u00f6hte Cholesterinwerte, Bluthochdruck, Herzinfarkt usw. sind die Folge. \u00a0 Dr. [&hellip;]<\/p>\n","protected":false},"author":1,"featured_media":0,"parent":0,"menu_order":0,"comment_status":"closed","ping_status":"closed","template":"elementor_header_footer","meta":{"footnotes":""},"class_list":["post-405","page","type-page","status-publish","hentry"],"yoast_head":"<!-- This site is optimized with the Yoast SEO plugin v27.4 - https:\/\/yoast.com\/product\/yoast-seo-wordpress\/ -->\n<title>Metabolic Balance<\/title>\n<meta name=\"description\" content=\"Die Ern\u00e4hrung der heutigen Zeit f\u00fchrt trotz aller Aufkl\u00e4rung und zahlreicher Bem\u00fchungen, sowohl von Ern\u00e4hrungswissenschaftlern und Therapeuten als auch Verbrauchern, zu immer mehr Stoffwechsel- und Hormonst\u00f6rungen. \u00dcbergewicht, Gelenkprobleme, Diabetes, erh\u00f6hte Cholesterinwerte, Bluthochdruck, Herzinfarkt usw. sind die Folge.\" \/>\n<meta name=\"robots\" content=\"index, follow, max-snippet:-1, max-image-preview:large, max-video-preview:-1\" \/>\n<link rel=\"canonical\" href=\"https:\/\/www.praxis-ilsegassner.li\/?page_id=405\" \/>\n<meta property=\"og:locale\" content=\"de_DE\" \/>\n<meta property=\"og:type\" content=\"article\" \/>\n<meta property=\"og:title\" content=\"Metabolic Balance\" \/>\n<meta property=\"og:description\" content=\"Die Ern\u00e4hrung der heutigen Zeit f\u00fchrt trotz aller Aufkl\u00e4rung und zahlreicher Bem\u00fchungen, sowohl von Ern\u00e4hrungswissenschaftlern und Therapeuten als auch Verbrauchern, zu immer mehr Stoffwechsel- und Hormonst\u00f6rungen. \u00dcbergewicht, Gelenkprobleme, Diabetes, erh\u00f6hte Cholesterinwerte, Bluthochdruck, Herzinfarkt usw. sind die Folge.\" \/>\n<meta property=\"og:url\" content=\"https:\/\/www.praxis-ilsegassner.li\/?page_id=405\" \/>\n<meta property=\"og:site_name\" content=\"Naturheilpraxis Ilse Gassner\" \/>\n<meta property=\"article:modified_time\" content=\"2021-05-13T14:51:06+00:00\" \/>\n<meta name=\"twitter:card\" content=\"summary_large_image\" \/>\n<meta name=\"twitter:label1\" content=\"Gesch\u00e4tzte Lesezeit\" \/>\n\t<meta name=\"twitter:data1\" content=\"1\u00a0Minute\" \/>\n<script type=\"application\/ld+json\" class=\"yoast-schema-graph\">{\"@context\":\"https:\\\/\\\/schema.org\",\"@graph\":[{\"@type\":\"WebPage\",\"@id\":\"https:\\\/\\\/www.praxis-ilsegassner.li\\\/?page_id=405\",\"url\":\"https:\\\/\\\/www.praxis-ilsegassner.li\\\/?page_id=405\",\"name\":\"Metabolic Balance\",\"isPartOf\":{\"@id\":\"https:\\\/\\\/www.praxis-ilsegassner.li\\\/#website\"},\"datePublished\":\"2021-04-16T19:52:24+00:00\",\"dateModified\":\"2021-05-13T14:51:06+00:00\",\"description\":\"Die Ern\u00e4hrung der heutigen Zeit f\u00fchrt trotz aller Aufkl\u00e4rung und zahlreicher Bem\u00fchungen, sowohl von Ern\u00e4hrungswissenschaftlern und Therapeuten als auch Verbrauchern, zu immer mehr Stoffwechsel- und Hormonst\u00f6rungen. \u00dcbergewicht, Gelenkprobleme, Diabetes, erh\u00f6hte Cholesterinwerte, Bluthochdruck, Herzinfarkt usw. sind die Folge.\",\"breadcrumb\":{\"@id\":\"https:\\\/\\\/www.praxis-ilsegassner.li\\\/?page_id=405#breadcrumb\"},\"inLanguage\":\"de\",\"potentialAction\":[{\"@type\":\"ReadAction\",\"target\":[\"https:\\\/\\\/www.praxis-ilsegassner.li\\\/?page_id=405\"]}]},{\"@type\":\"BreadcrumbList\",\"@id\":\"https:\\\/\\\/www.praxis-ilsegassner.li\\\/?page_id=405#breadcrumb\",\"itemListElement\":[{\"@type\":\"ListItem\",\"position\":1,\"name\":\"Startseite\",\"item\":\"https:\\\/\\\/www.praxis-ilsegassner.li\\\/\"},{\"@type\":\"ListItem\",\"position\":2,\"name\":\"Metabolic Balance\"}]},{\"@type\":\"WebSite\",\"@id\":\"https:\\\/\\\/www.praxis-ilsegassner.li\\\/#website\",\"url\":\"https:\\\/\\\/www.praxis-ilsegassner.li\\\/\",\"name\":\"Naturheilpraxis Ilse Gassner\",\"description\":\"Gesundheit hat viele Facetten\",\"publisher\":{\"@id\":\"https:\\\/\\\/www.praxis-ilsegassner.li\\\/#organization\"},\"potentialAction\":[{\"@type\":\"SearchAction\",\"target\":{\"@type\":\"EntryPoint\",\"urlTemplate\":\"https:\\\/\\\/www.praxis-ilsegassner.li\\\/?s={search_term_string}\"},\"query-input\":{\"@type\":\"PropertyValueSpecification\",\"valueRequired\":true,\"valueName\":\"search_term_string\"}}],\"inLanguage\":\"de\"},{\"@type\":\"Organization\",\"@id\":\"https:\\\/\\\/www.praxis-ilsegassner.li\\\/#organization\",\"name\":\"Naturheilpraxis Ilse Gassner\",\"url\":\"https:\\\/\\\/www.praxis-ilsegassner.li\\\/\",\"logo\":{\"@type\":\"ImageObject\",\"inLanguage\":\"de\",\"@id\":\"https:\\\/\\\/www.praxis-ilsegassner.li\\\/#\\\/schema\\\/logo\\\/image\\\/\",\"url\":\"https:\\\/\\\/www.praxis-ilsegassner.li\\\/wp-content\\\/uploads\\\/2021\\\/04\\\/O-Praxislogo_Gassner_Gst_hl.jpg\",\"contentUrl\":\"https:\\\/\\\/www.praxis-ilsegassner.li\\\/wp-content\\\/uploads\\\/2021\\\/04\\\/O-Praxislogo_Gassner_Gst_hl.jpg\",\"width\":827,\"height\":299,\"caption\":\"Naturheilpraxis Ilse Gassner\"},\"image\":{\"@id\":\"https:\\\/\\\/www.praxis-ilsegassner.li\\\/#\\\/schema\\\/logo\\\/image\\\/\"}}]}<\/script>\n<!-- \/ Yoast SEO plugin. -->","yoast_head_json":{"title":"Metabolic Balance","description":"Die Ern\u00e4hrung der heutigen Zeit f\u00fchrt trotz aller Aufkl\u00e4rung und zahlreicher Bem\u00fchungen, sowohl von Ern\u00e4hrungswissenschaftlern und Therapeuten als auch Verbrauchern, zu immer mehr Stoffwechsel- und Hormonst\u00f6rungen. \u00dcbergewicht, Gelenkprobleme, Diabetes, erh\u00f6hte Cholesterinwerte, Bluthochdruck, Herzinfarkt usw. sind die Folge.","robots":{"index":"index","follow":"follow","max-snippet":"max-snippet:-1","max-image-preview":"max-image-preview:large","max-video-preview":"max-video-preview:-1"},"canonical":"https:\/\/www.praxis-ilsegassner.li\/?page_id=405","og_locale":"de_DE","og_type":"article","og_title":"Metabolic Balance","og_description":"Die Ern\u00e4hrung der heutigen Zeit f\u00fchrt trotz aller Aufkl\u00e4rung und zahlreicher Bem\u00fchungen, sowohl von Ern\u00e4hrungswissenschaftlern und Therapeuten als auch Verbrauchern, zu immer mehr Stoffwechsel- und Hormonst\u00f6rungen. \u00dcbergewicht, Gelenkprobleme, Diabetes, erh\u00f6hte Cholesterinwerte, Bluthochdruck, Herzinfarkt usw. sind die Folge.","og_url":"https:\/\/www.praxis-ilsegassner.li\/?page_id=405","og_site_name":"Naturheilpraxis Ilse Gassner","article_modified_time":"2021-05-13T14:51:06+00:00","twitter_card":"summary_large_image","twitter_misc":{"Gesch\u00e4tzte Lesezeit":"1\u00a0Minute"},"schema":{"@context":"https:\/\/schema.org","@graph":[{"@type":"WebPage","@id":"https:\/\/www.praxis-ilsegassner.li\/?page_id=405","url":"https:\/\/www.praxis-ilsegassner.li\/?page_id=405","name":"Metabolic Balance","isPartOf":{"@id":"https:\/\/www.praxis-ilsegassner.li\/#website"},"datePublished":"2021-04-16T19:52:24+00:00","dateModified":"2021-05-13T14:51:06+00:00","description":"Die Ern\u00e4hrung der heutigen Zeit f\u00fchrt trotz aller Aufkl\u00e4rung und zahlreicher Bem\u00fchungen, sowohl von Ern\u00e4hrungswissenschaftlern und Therapeuten als auch Verbrauchern, zu immer mehr Stoffwechsel- und Hormonst\u00f6rungen. \u00dcbergewicht, Gelenkprobleme, Diabetes, erh\u00f6hte Cholesterinwerte, Bluthochdruck, Herzinfarkt usw. sind die Folge.","breadcrumb":{"@id":"https:\/\/www.praxis-ilsegassner.li\/?page_id=405#breadcrumb"},"inLanguage":"de","potentialAction":[{"@type":"ReadAction","target":["https:\/\/www.praxis-ilsegassner.li\/?page_id=405"]}]},{"@type":"BreadcrumbList","@id":"https:\/\/www.praxis-ilsegassner.li\/?page_id=405#breadcrumb","itemListElement":[{"@type":"ListItem","position":1,"name":"Startseite","item":"https:\/\/www.praxis-ilsegassner.li\/"},{"@type":"ListItem","position":2,"name":"Metabolic Balance"}]},{"@type":"WebSite","@id":"https:\/\/www.praxis-ilsegassner.li\/#website","url":"https:\/\/www.praxis-ilsegassner.li\/","name":"Naturheilpraxis Ilse Gassner","description":"Gesundheit hat viele Facetten","publisher":{"@id":"https:\/\/www.praxis-ilsegassner.li\/#organization"},"potentialAction":[{"@type":"SearchAction","target":{"@type":"EntryPoint","urlTemplate":"https:\/\/www.praxis-ilsegassner.li\/?s={search_term_string}"},"query-input":{"@type":"PropertyValueSpecification","valueRequired":true,"valueName":"search_term_string"}}],"inLanguage":"de"},{"@type":"Organization","@id":"https:\/\/www.praxis-ilsegassner.li\/#organization","name":"Naturheilpraxis Ilse Gassner","url":"https:\/\/www.praxis-ilsegassner.li\/","logo":{"@type":"ImageObject","inLanguage":"de","@id":"https:\/\/www.praxis-ilsegassner.li\/#\/schema\/logo\/image\/","url":"https:\/\/www.praxis-ilsegassner.li\/wp-content\/uploads\/2021\/04\/O-Praxislogo_Gassner_Gst_hl.jpg","contentUrl":"https:\/\/www.praxis-ilsegassner.li\/wp-content\/uploads\/2021\/04\/O-Praxislogo_Gassner_Gst_hl.jpg","width":827,"height":299,"caption":"Naturheilpraxis Ilse Gassner"},"image":{"@id":"https:\/\/www.praxis-ilsegassner.li\/#\/schema\/logo\/image\/"}}]}},"_links":{"self":[{"href":"https:\/\/www.praxis-ilsegassner.li\/index.php?rest_route=\/wp\/v2\/pages\/405","targetHints":{"allow":["GET"]}}],"collection":[{"href":"https:\/\/www.praxis-ilsegassner.li\/index.php?rest_route=\/wp\/v2\/pages"}],"about":[{"href":"https:\/\/www.praxis-ilsegassner.li\/index.php?rest_route=\/wp\/v2\/types\/page"}],"author":[{"embeddable":true,"href":"https:\/\/www.praxis-ilsegassner.li\/index.php?rest_route=\/wp\/v2\/users\/1"}],"replies":[{"embeddable":true,"href":"https:\/\/www.praxis-ilsegassner.li\/index.php?rest_route=%2Fwp%2Fv2%2Fcomments&post=405"}],"version-history":[{"count":10,"href":"https:\/\/www.praxis-ilsegassner.li\/index.php?rest_route=\/wp\/v2\/pages\/405\/revisions"}],"predecessor-version":[{"id":994,"href":"https:\/\/www.praxis-ilsegassner.li\/index.php?rest_route=\/wp\/v2\/pages\/405\/revisions\/994"}],"wp:attachment":[{"href":"https:\/\/www.praxis-ilsegassner.li\/index.php?rest_route=%2Fwp%2Fv2%2Fmedia&parent=405"}],"curies":[{"name":"wp","href":"https:\/\/api.w.org\/{rel}","templated":true}]}}