{"id":430,"date":"2021-04-16T22:00:37","date_gmt":"2021-04-16T20:00:37","guid":{"rendered":"http:\/\/www.praxis-ilsegassner.com.li\/?page_id=430"},"modified":"2021-05-13T17:08:21","modified_gmt":"2021-05-13T15:08:21","slug":"fastenbegleitung","status":"publish","type":"page","link":"https:\/\/www.praxis-ilsegassner.li\/?page_id=430","title":{"rendered":"Fastenbegleitung"},"content":{"rendered":"\t\t<div data-elementor-type=\"wp-page\" data-elementor-id=\"430\" class=\"elementor elementor-430\">\n\t\t\t\t\t\t<section class=\"elementor-section elementor-top-section elementor-element elementor-element-cf8122f elementor-section-boxed elementor-section-height-default elementor-section-height-default\" data-id=\"cf8122f\" data-element_type=\"section\">\n\t\t\t\t\t\t\t<div class=\"elementor-background-overlay\"><\/div>\n\t\t\t\t\t\t\t<div class=\"elementor-container elementor-column-gap-default\">\n\t\t\t\t\t<div class=\"elementor-column elementor-col-100 elementor-top-column elementor-element elementor-element-9728c11\" data-id=\"9728c11\" data-element_type=\"column\">\n\t\t\t<div class=\"elementor-widget-wrap elementor-element-populated\">\n\t\t\t\t\t\t<div class=\"elementor-element elementor-element-744a6d6 elementor-widget elementor-widget-text-editor\" data-id=\"744a6d6\" data-element_type=\"widget\" data-widget_type=\"text-editor.default\">\n\t\t\t\t<div class=\"elementor-widget-container\">\n\t\t\t\t\t\t\t\t\t<h3>Fastenbegleitung<\/h3><p>\u00a0<\/p><p>\u201eFasten ist der st\u00e4rkste Appell an die Selbstheilungskr\u00e4fte des Menschen, sowohl leiblich als auch seelisch\u201c (Dr. Franz Fahrner, Fastenarzt).<\/p><p>\u00a0<\/p><p>W\u00e4hrend der Mensch in fr\u00fcheren Zeiten immer wieder Nahrungspausen oder Mangelzeiten \u00fcberstehen musste, ist es jetzt der Nahrungs\u00fcberfluss, der unserem Stoffwechsel zu schaffen macht. Viele Probleme entstehen durch \u00fcberm\u00e4ssiges Essen und machen nicht nur den K\u00f6rper, sondern auch unser Leben schwer. Zuviel tierische Eiweisse, Fette, hochzuckrige Kohlenhydrate sowie Alkohol f\u00fchren zu \u00dcbers\u00e4uerung und schliesslich zu Ablagerungen im Bindegewebe, in den Blutbahnen und den Gelenken. Bauchspeicheldr\u00fcse, Leber und Darm sind st\u00e4ndig \u00fcberlastet und unser Immunsystem wird geschw\u00e4cht. Dem allen kann eine Fastenkur entgegenwirken.<\/p><p>\u00a0<\/p><p>Denn Fasten ist nicht Hungern oder eine Nulldi\u00e4t. Beim Fasten beginnt der K\u00f6rper seinen Stoffwechsel umzustellen und zu entw\u00e4ssern. Es werden eingelagerte Kohlenhydrate, Fette und S\u00e4uren aus dem Bindegewebe abgebaut und Giftstoffe k\u00f6nnen wieder ausgeschieden werden. Zudem wird das Stresshormon Kortisol reduziert und das Gl\u00fcckshormon Serotonin wird vermehrt ausgeschieden. Dadurch kommt es meist nach etwa 3 Tagen zu einem regelrechten \u201eHochgef\u00fchl\u201c, der Fastende f\u00fchlt sich frisch, leicht und voller Energie.<\/p><p>\u00a0<\/p><h4>Aber welches Fasten passt denn zu welchem Menschen? Ist Fastenkur gleich Fastenkur?<\/h4><p>\u00a0<\/p><p>Eine Unmenge an verschiedenen M\u00f6glichkeiten von Fastenarten, stehen zur Auswahl, sodass es oftmals schwierig ist, das Richtige zu finden. Heilfasten nach Buchinger, Basenfasten, Saftfasten, F.X.Mayr Kur, Intervallfasten, Ayurvedische Entschlackungskur, uvm. wird in Zeitschriften angepriesen und jedes f\u00fcr sich scheint \u201eallheilbringend\u201c zu sein. Was grunds\u00e4tzlich auch nicht falsch ist \u2013 aber, die Fastentechnik ist nur dann perfekt, wenn sie zu dem jeweiligen Bed\u00fcrfnis und den individuellen M\u00f6glichkeiten des Menschen passt.<\/p><p>\u00a0<\/p><p>In einem Beratungsgespr\u00e4ch werden Ihre Bed\u00fcrfnisse, M\u00f6glichkeiten und Ziele besprochen und ein f\u00fcr Sie passender Fastenplan erstellt. W\u00e4hrend der Fastenkur begleiten wir Sie im Gespr\u00e4ch, aber auch mit therapeutischen Anwendungen. Unterst\u00fctzend beim Fasten wirken Darmsp\u00fclungen (Colon-Hydro-Therapie), Fussreflexzonen Massagen, Lymphdrainagen und Ayurvedische Entschlackungstherapien.<\/p>\t\t\t\t\t\t\t\t<\/div>\n\t\t\t\t<\/div>\n\t\t\t\t\t<\/div>\n\t\t<\/div>\n\t\t\t\t\t<\/div>\n\t\t<\/section>\n\t\t\t\t<section class=\"elementor-section elementor-top-section elementor-element elementor-element-f40aa92 elementor-section-boxed elementor-section-height-default elementor-section-height-default\" data-id=\"f40aa92\" data-element_type=\"section\">\n\t\t\t\t\t\t<div class=\"elementor-container elementor-column-gap-default\">\n\t\t\t\t\t<div class=\"elementor-column elementor-col-100 elementor-top-column elementor-element elementor-element-67045c8\" data-id=\"67045c8\" data-element_type=\"column\">\n\t\t\t<div class=\"elementor-widget-wrap elementor-element-populated\">\n\t\t\t\t\t\t<div class=\"elementor-element elementor-element-a0d39b6 elementor-widget elementor-widget-text-editor\" data-id=\"a0d39b6\" data-element_type=\"widget\" data-widget_type=\"text-editor.default\">\n\t\t\t\t<div class=\"elementor-widget-container\">\n\t\t\t\t\t\t\t\t\t<p><a href=\"http:\/\/www.praxis-ilsegassner.li\/?page_id=395\">zur\u00fcck zur \u00dcbersicht<\/a><\/p>\t\t\t\t\t\t\t\t<\/div>\n\t\t\t\t<\/div>\n\t\t\t\t<div class=\"elementor-element elementor-element-8103c84 elementor-widget-divider--view-line elementor-widget elementor-widget-divider\" data-id=\"8103c84\" data-element_type=\"widget\" data-widget_type=\"divider.default\">\n\t\t\t\t<div class=\"elementor-widget-container\">\n\t\t\t\t\t\t\t<div class=\"elementor-divider\">\n\t\t\t<span class=\"elementor-divider-separator\">\n\t\t\t\t\t\t<\/span>\n\t\t<\/div>\n\t\t\t\t\t\t<\/div>\n\t\t\t\t<\/div>\n\t\t\t\t\t<\/div>\n\t\t<\/div>\n\t\t\t\t\t<\/div>\n\t\t<\/section>\n\t\t\t\t<section class=\"elementor-section elementor-top-section elementor-element elementor-element-15ff29f elementor-section-boxed elementor-section-height-default elementor-section-height-default\" data-id=\"15ff29f\" data-element_type=\"section\">\n\t\t\t\t\t\t<div class=\"elementor-container elementor-column-gap-default\">\n\t\t\t\t\t<div class=\"elementor-column elementor-col-100 elementor-top-column elementor-element elementor-element-72730df\" data-id=\"72730df\" data-element_type=\"column\">\n\t\t\t<div class=\"elementor-widget-wrap elementor-element-populated\">\n\t\t\t\t\t\t<div class=\"elementor-element elementor-element-fc90d60 elementor-widget__width-initial elementor-widget elementor-widget-text-editor\" data-id=\"fc90d60\" data-element_type=\"widget\" data-widget_type=\"text-editor.default\">\n\t\t\t\t<div class=\"elementor-widget-container\">\n\t\t\t\t\t\t\t\t\t<p>Naturheilpraxis Ilse Gassner-Gst\u00f6hl<br \/>Bahnstrasse 54<br \/>9494 Schaan<\/p><p>praxis@ilsegassner.li<br \/>+423 233 29 60<\/p>\t\t\t\t\t\t\t\t<\/div>\n\t\t\t\t<\/div>\n\t\t\t\t\t<\/div>\n\t\t<\/div>\n\t\t\t\t\t<\/div>\n\t\t<\/section>\n\t\t\t\t<\/div>\n\t\t","protected":false},"excerpt":{"rendered":"<p>Fastenbegleitung \u00a0 \u201eFasten ist der st\u00e4rkste Appell an die Selbstheilungskr\u00e4fte des Menschen, sowohl leiblich als auch seelisch\u201c (Dr. Franz Fahrner, Fastenarzt). \u00a0 W\u00e4hrend der Mensch in fr\u00fcheren Zeiten immer wieder Nahrungspausen oder Mangelzeiten \u00fcberstehen musste, ist es jetzt der Nahrungs\u00fcberfluss, der unserem Stoffwechsel zu schaffen macht. Viele Probleme entstehen durch \u00fcberm\u00e4ssiges Essen und machen nicht [&hellip;]<\/p>\n","protected":false},"author":1,"featured_media":0,"parent":0,"menu_order":0,"comment_status":"closed","ping_status":"closed","template":"elementor_header_footer","meta":{"footnotes":""},"class_list":["post-430","page","type-page","status-publish","hentry"],"yoast_head":"<!-- This site is optimized with the Yoast SEO plugin v27.4 - https:\/\/yoast.com\/product\/yoast-seo-wordpress\/ -->\n<title>Fastenbegleitung<\/title>\n<meta name=\"description\" content=\"Eine Unmenge an verschiedenen M\u00f6glichkeiten von Fastenarten, stehen zur Auswahl, sodass es oftmals schwierig ist, das Richtige zu finden. In einem Beratungsgespr\u00e4ch werden Ihre Bed\u00fcrfnisse, M\u00f6glichkeiten und Ziele besprochen und ein f\u00fcr Sie passender Fastenplan erstellt.\" \/>\n<meta name=\"robots\" content=\"index, follow, max-snippet:-1, max-image-preview:large, max-video-preview:-1\" \/>\n<link rel=\"canonical\" href=\"https:\/\/www.praxis-ilsegassner.li\/?page_id=430\" \/>\n<meta property=\"og:locale\" content=\"de_DE\" \/>\n<meta property=\"og:type\" content=\"article\" \/>\n<meta property=\"og:title\" content=\"Fastenbegleitung\" \/>\n<meta property=\"og:description\" content=\"Eine Unmenge an verschiedenen M\u00f6glichkeiten von Fastenarten, stehen zur Auswahl, sodass es oftmals schwierig ist, das Richtige zu finden. In einem Beratungsgespr\u00e4ch werden Ihre Bed\u00fcrfnisse, M\u00f6glichkeiten und Ziele besprochen und ein f\u00fcr Sie passender Fastenplan erstellt.\" \/>\n<meta property=\"og:url\" content=\"https:\/\/www.praxis-ilsegassner.li\/?page_id=430\" \/>\n<meta property=\"og:site_name\" content=\"Naturheilpraxis Ilse Gassner\" \/>\n<meta property=\"article:modified_time\" content=\"2021-05-13T15:08:21+00:00\" \/>\n<meta name=\"twitter:card\" content=\"summary_large_image\" \/>\n<meta name=\"twitter:label1\" content=\"Gesch\u00e4tzte Lesezeit\" \/>\n\t<meta name=\"twitter:data1\" content=\"2\u00a0Minuten\" \/>\n<script type=\"application\/ld+json\" class=\"yoast-schema-graph\">{\"@context\":\"https:\\\/\\\/schema.org\",\"@graph\":[{\"@type\":\"WebPage\",\"@id\":\"https:\\\/\\\/www.praxis-ilsegassner.li\\\/?page_id=430\",\"url\":\"https:\\\/\\\/www.praxis-ilsegassner.li\\\/?page_id=430\",\"name\":\"Fastenbegleitung\",\"isPartOf\":{\"@id\":\"https:\\\/\\\/www.praxis-ilsegassner.li\\\/#website\"},\"datePublished\":\"2021-04-16T20:00:37+00:00\",\"dateModified\":\"2021-05-13T15:08:21+00:00\",\"description\":\"Eine Unmenge an verschiedenen M\u00f6glichkeiten von Fastenarten, stehen zur Auswahl, sodass es oftmals schwierig ist, das Richtige zu finden. In einem Beratungsgespr\u00e4ch werden Ihre Bed\u00fcrfnisse, M\u00f6glichkeiten und Ziele besprochen und ein f\u00fcr Sie passender Fastenplan erstellt.\",\"breadcrumb\":{\"@id\":\"https:\\\/\\\/www.praxis-ilsegassner.li\\\/?page_id=430#breadcrumb\"},\"inLanguage\":\"de\",\"potentialAction\":[{\"@type\":\"ReadAction\",\"target\":[\"https:\\\/\\\/www.praxis-ilsegassner.li\\\/?page_id=430\"]}]},{\"@type\":\"BreadcrumbList\",\"@id\":\"https:\\\/\\\/www.praxis-ilsegassner.li\\\/?page_id=430#breadcrumb\",\"itemListElement\":[{\"@type\":\"ListItem\",\"position\":1,\"name\":\"Startseite\",\"item\":\"https:\\\/\\\/www.praxis-ilsegassner.li\\\/\"},{\"@type\":\"ListItem\",\"position\":2,\"name\":\"Fastenbegleitung\"}]},{\"@type\":\"WebSite\",\"@id\":\"https:\\\/\\\/www.praxis-ilsegassner.li\\\/#website\",\"url\":\"https:\\\/\\\/www.praxis-ilsegassner.li\\\/\",\"name\":\"Naturheilpraxis Ilse Gassner\",\"description\":\"Gesundheit hat viele Facetten\",\"publisher\":{\"@id\":\"https:\\\/\\\/www.praxis-ilsegassner.li\\\/#organization\"},\"potentialAction\":[{\"@type\":\"SearchAction\",\"target\":{\"@type\":\"EntryPoint\",\"urlTemplate\":\"https:\\\/\\\/www.praxis-ilsegassner.li\\\/?s={search_term_string}\"},\"query-input\":{\"@type\":\"PropertyValueSpecification\",\"valueRequired\":true,\"valueName\":\"search_term_string\"}}],\"inLanguage\":\"de\"},{\"@type\":\"Organization\",\"@id\":\"https:\\\/\\\/www.praxis-ilsegassner.li\\\/#organization\",\"name\":\"Naturheilpraxis Ilse Gassner\",\"url\":\"https:\\\/\\\/www.praxis-ilsegassner.li\\\/\",\"logo\":{\"@type\":\"ImageObject\",\"inLanguage\":\"de\",\"@id\":\"https:\\\/\\\/www.praxis-ilsegassner.li\\\/#\\\/schema\\\/logo\\\/image\\\/\",\"url\":\"https:\\\/\\\/www.praxis-ilsegassner.li\\\/wp-content\\\/uploads\\\/2021\\\/04\\\/O-Praxislogo_Gassner_Gst_hl.jpg\",\"contentUrl\":\"https:\\\/\\\/www.praxis-ilsegassner.li\\\/wp-content\\\/uploads\\\/2021\\\/04\\\/O-Praxislogo_Gassner_Gst_hl.jpg\",\"width\":827,\"height\":299,\"caption\":\"Naturheilpraxis Ilse Gassner\"},\"image\":{\"@id\":\"https:\\\/\\\/www.praxis-ilsegassner.li\\\/#\\\/schema\\\/logo\\\/image\\\/\"}}]}<\/script>\n<!-- \/ Yoast SEO plugin. -->","yoast_head_json":{"title":"Fastenbegleitung","description":"Eine Unmenge an verschiedenen M\u00f6glichkeiten von Fastenarten, stehen zur Auswahl, sodass es oftmals schwierig ist, das Richtige zu finden. In einem Beratungsgespr\u00e4ch werden Ihre Bed\u00fcrfnisse, M\u00f6glichkeiten und Ziele besprochen und ein f\u00fcr Sie passender Fastenplan erstellt.","robots":{"index":"index","follow":"follow","max-snippet":"max-snippet:-1","max-image-preview":"max-image-preview:large","max-video-preview":"max-video-preview:-1"},"canonical":"https:\/\/www.praxis-ilsegassner.li\/?page_id=430","og_locale":"de_DE","og_type":"article","og_title":"Fastenbegleitung","og_description":"Eine Unmenge an verschiedenen M\u00f6glichkeiten von Fastenarten, stehen zur Auswahl, sodass es oftmals schwierig ist, das Richtige zu finden. In einem Beratungsgespr\u00e4ch werden Ihre Bed\u00fcrfnisse, M\u00f6glichkeiten und Ziele besprochen und ein f\u00fcr Sie passender Fastenplan erstellt.","og_url":"https:\/\/www.praxis-ilsegassner.li\/?page_id=430","og_site_name":"Naturheilpraxis Ilse Gassner","article_modified_time":"2021-05-13T15:08:21+00:00","twitter_card":"summary_large_image","twitter_misc":{"Gesch\u00e4tzte Lesezeit":"2\u00a0Minuten"},"schema":{"@context":"https:\/\/schema.org","@graph":[{"@type":"WebPage","@id":"https:\/\/www.praxis-ilsegassner.li\/?page_id=430","url":"https:\/\/www.praxis-ilsegassner.li\/?page_id=430","name":"Fastenbegleitung","isPartOf":{"@id":"https:\/\/www.praxis-ilsegassner.li\/#website"},"datePublished":"2021-04-16T20:00:37+00:00","dateModified":"2021-05-13T15:08:21+00:00","description":"Eine Unmenge an verschiedenen M\u00f6glichkeiten von Fastenarten, stehen zur Auswahl, sodass es oftmals schwierig ist, das Richtige zu finden. In einem Beratungsgespr\u00e4ch werden Ihre Bed\u00fcrfnisse, M\u00f6glichkeiten und Ziele besprochen und ein f\u00fcr Sie passender Fastenplan erstellt.","breadcrumb":{"@id":"https:\/\/www.praxis-ilsegassner.li\/?page_id=430#breadcrumb"},"inLanguage":"de","potentialAction":[{"@type":"ReadAction","target":["https:\/\/www.praxis-ilsegassner.li\/?page_id=430"]}]},{"@type":"BreadcrumbList","@id":"https:\/\/www.praxis-ilsegassner.li\/?page_id=430#breadcrumb","itemListElement":[{"@type":"ListItem","position":1,"name":"Startseite","item":"https:\/\/www.praxis-ilsegassner.li\/"},{"@type":"ListItem","position":2,"name":"Fastenbegleitung"}]},{"@type":"WebSite","@id":"https:\/\/www.praxis-ilsegassner.li\/#website","url":"https:\/\/www.praxis-ilsegassner.li\/","name":"Naturheilpraxis Ilse Gassner","description":"Gesundheit hat viele Facetten","publisher":{"@id":"https:\/\/www.praxis-ilsegassner.li\/#organization"},"potentialAction":[{"@type":"SearchAction","target":{"@type":"EntryPoint","urlTemplate":"https:\/\/www.praxis-ilsegassner.li\/?s={search_term_string}"},"query-input":{"@type":"PropertyValueSpecification","valueRequired":true,"valueName":"search_term_string"}}],"inLanguage":"de"},{"@type":"Organization","@id":"https:\/\/www.praxis-ilsegassner.li\/#organization","name":"Naturheilpraxis Ilse Gassner","url":"https:\/\/www.praxis-ilsegassner.li\/","logo":{"@type":"ImageObject","inLanguage":"de","@id":"https:\/\/www.praxis-ilsegassner.li\/#\/schema\/logo\/image\/","url":"https:\/\/www.praxis-ilsegassner.li\/wp-content\/uploads\/2021\/04\/O-Praxislogo_Gassner_Gst_hl.jpg","contentUrl":"https:\/\/www.praxis-ilsegassner.li\/wp-content\/uploads\/2021\/04\/O-Praxislogo_Gassner_Gst_hl.jpg","width":827,"height":299,"caption":"Naturheilpraxis Ilse Gassner"},"image":{"@id":"https:\/\/www.praxis-ilsegassner.li\/#\/schema\/logo\/image\/"}}]}},"_links":{"self":[{"href":"https:\/\/www.praxis-ilsegassner.li\/index.php?rest_route=\/wp\/v2\/pages\/430","targetHints":{"allow":["GET"]}}],"collection":[{"href":"https:\/\/www.praxis-ilsegassner.li\/index.php?rest_route=\/wp\/v2\/pages"}],"about":[{"href":"https:\/\/www.praxis-ilsegassner.li\/index.php?rest_route=\/wp\/v2\/types\/page"}],"author":[{"embeddable":true,"href":"https:\/\/www.praxis-ilsegassner.li\/index.php?rest_route=\/wp\/v2\/users\/1"}],"replies":[{"embeddable":true,"href":"https:\/\/www.praxis-ilsegassner.li\/index.php?rest_route=%2Fwp%2Fv2%2Fcomments&post=430"}],"version-history":[{"count":10,"href":"https:\/\/www.praxis-ilsegassner.li\/index.php?rest_route=\/wp\/v2\/pages\/430\/revisions"}],"predecessor-version":[{"id":1003,"href":"https:\/\/www.praxis-ilsegassner.li\/index.php?rest_route=\/wp\/v2\/pages\/430\/revisions\/1003"}],"wp:attachment":[{"href":"https:\/\/www.praxis-ilsegassner.li\/index.php?rest_route=%2Fwp%2Fv2%2Fmedia&parent=430"}],"curies":[{"name":"wp","href":"https:\/\/api.w.org\/{rel}","templated":true}]}}