{"id":456,"date":"2021-04-16T22:25:45","date_gmt":"2021-04-16T20:25:45","guid":{"rendered":"http:\/\/www.praxis-ilsegassner.com.li\/?page_id=456"},"modified":"2021-05-13T17:11:32","modified_gmt":"2021-05-13T15:11:32","slug":"triggerpunkt-massage","status":"publish","type":"page","link":"https:\/\/www.praxis-ilsegassner.li\/?page_id=456","title":{"rendered":"Triggerpunkt-Massage"},"content":{"rendered":"\t\t<div data-elementor-type=\"wp-page\" data-elementor-id=\"456\" class=\"elementor elementor-456\">\n\t\t\t\t\t\t<section class=\"elementor-section elementor-top-section elementor-element elementor-element-cf8122f elementor-section-boxed elementor-section-height-default elementor-section-height-default\" data-id=\"cf8122f\" data-element_type=\"section\">\n\t\t\t\t\t\t\t<div class=\"elementor-background-overlay\"><\/div>\n\t\t\t\t\t\t\t<div class=\"elementor-container elementor-column-gap-default\">\n\t\t\t\t\t<div class=\"elementor-column elementor-col-100 elementor-top-column elementor-element elementor-element-9728c11\" data-id=\"9728c11\" data-element_type=\"column\">\n\t\t\t<div class=\"elementor-widget-wrap elementor-element-populated\">\n\t\t\t\t\t\t<div class=\"elementor-element elementor-element-744a6d6 elementor-widget elementor-widget-text-editor\" data-id=\"744a6d6\" data-element_type=\"widget\" data-widget_type=\"text-editor.default\">\n\t\t\t\t<div class=\"elementor-widget-container\">\n\t\t\t\t\t\t\t\t\t<h3>Triggerpunktmassage<\/h3><p>K\u00fcmmere dich um deinen K\u00f6rper. Es ist der einzige Ort, den du zum Leben hast (Jim Rohn).<\/p><p>\u00a0<\/p><p>Durch die st\u00e4ndig zunehmende Stressbelastung am Arbeitsplatz, der immer st\u00e4rkerer Zeitdruck und die st\u00e4ndig wachsenden Anforderungen auch im privaten Lebensbereich, ger\u00e4t unser K\u00f6rper immer mehr unter Druck. Das kann er f\u00fcr eine gewisse Zeit kompensieren. Aber irgendwann wird die Belastung zu gross und die Spannung im K\u00f6rper baut sich mehr und mehr auf. Vor allem baut sie sich nicht mehr ab, unsere Muskeln werden nicht mehr ausreichend durchblutet und mit Sauerstoff versorgt. Es entstehen Zonen, die sich so stark verh\u00e4rten, dass sich die Muskelfasern nicht mehr selber voneinander l\u00f6sen k\u00f6nnen. Der Muskel wird immer mehr in seiner Funktion eingeschr\u00e4nkt und die Schmerzen beginnen.<\/p><p>\u00a0<\/p><p>Diese verh\u00e4rteten Muskelstellen sind jetzt als Triggerpunkte tastbar und finden sich h\u00e4ufig im Schulter- und Nackenbereich. Vor allem bei Menschen, die viele Stunden t\u00e4glich vor dem Computer sitzen, l\u00f6sen sie nicht nur lokale Schmerzen aus, sondern strahlen schliesslich bis in die Hand oder in die Fingerspitzen aus. Triggerpunkte in der Ges\u00e4ssmuskulatur, oftmals auch durch zu viel Sitzen ausgel\u00f6st, k\u00f6nnen sowohl R\u00fcckenschmerzen als auch ins Bein ziehende Schmerzen oder Kribbelgef\u00fchle ausl\u00f6sen. Aber auch an Armen und Beinen k\u00f6nnen sich Triggerpunkte bilden und lokale oder ausstrahlende Schmerzen verursachen.<\/p><p>\u00a0<\/p><p>Bei der Triggerpunktmassage wird zuerst die verspannte Muskulatur durch eine Massage gelockert und gedehnt, sodass der Muskel gut durchblutet und der Zellstoffwechsel angeregt ist. Jetzt wird der Triggerpunkt exakt lokalisiert und mittels Druck mit dem Daumen oder einem Triggerholz bearbeitet, sodass sich die Dauerkontraktion des Muskels l\u00f6sen kann. Der Druck wird solange gehalten, bis der Schmerz am Triggerpunkt nachl\u00e4sst. Unterst\u00fctzt wird diese Manipulation durch aktive Dehnungen der jeweiligen Muskelgruppe des Patienten, w\u00e4hrend der Triggerpunkt gedr\u00fcckt wird. Jetzt kann die verh\u00e4rtete Muskulatur sowie das umliegende Bindegewebe gel\u00f6st werden und die Spannung l\u00e4sst nach, was sofort zu mehr Bewegungsfreiheit f\u00fchrt.<\/p>\t\t\t\t\t\t\t\t<\/div>\n\t\t\t\t<\/div>\n\t\t\t\t\t<\/div>\n\t\t<\/div>\n\t\t\t\t\t<\/div>\n\t\t<\/section>\n\t\t\t\t<section class=\"elementor-section elementor-top-section elementor-element elementor-element-f40aa92 elementor-section-boxed elementor-section-height-default elementor-section-height-default\" data-id=\"f40aa92\" data-element_type=\"section\">\n\t\t\t\t\t\t<div class=\"elementor-container elementor-column-gap-default\">\n\t\t\t\t\t<div class=\"elementor-column elementor-col-100 elementor-top-column elementor-element elementor-element-67045c8\" data-id=\"67045c8\" data-element_type=\"column\">\n\t\t\t<div class=\"elementor-widget-wrap elementor-element-populated\">\n\t\t\t\t\t\t<div class=\"elementor-element elementor-element-a0d39b6 elementor-widget elementor-widget-text-editor\" data-id=\"a0d39b6\" data-element_type=\"widget\" data-widget_type=\"text-editor.default\">\n\t\t\t\t<div class=\"elementor-widget-container\">\n\t\t\t\t\t\t\t\t\t<p><a href=\"http:\/\/www.praxis-ilsegassner.li\/?page_id=438\">zur\u00fcck zur \u00dcbersicht<\/a><\/p>\t\t\t\t\t\t\t\t<\/div>\n\t\t\t\t<\/div>\n\t\t\t\t<div class=\"elementor-element elementor-element-8103c84 elementor-widget-divider--view-line elementor-widget elementor-widget-divider\" data-id=\"8103c84\" data-element_type=\"widget\" data-widget_type=\"divider.default\">\n\t\t\t\t<div class=\"elementor-widget-container\">\n\t\t\t\t\t\t\t<div class=\"elementor-divider\">\n\t\t\t<span class=\"elementor-divider-separator\">\n\t\t\t\t\t\t<\/span>\n\t\t<\/div>\n\t\t\t\t\t\t<\/div>\n\t\t\t\t<\/div>\n\t\t\t\t\t<\/div>\n\t\t<\/div>\n\t\t\t\t\t<\/div>\n\t\t<\/section>\n\t\t\t\t<section class=\"elementor-section elementor-top-section elementor-element elementor-element-15ff29f elementor-section-boxed elementor-section-height-default elementor-section-height-default\" data-id=\"15ff29f\" data-element_type=\"section\">\n\t\t\t\t\t\t<div class=\"elementor-container elementor-column-gap-default\">\n\t\t\t\t\t<div class=\"elementor-column elementor-col-100 elementor-top-column elementor-element elementor-element-72730df\" data-id=\"72730df\" data-element_type=\"column\">\n\t\t\t<div class=\"elementor-widget-wrap elementor-element-populated\">\n\t\t\t\t\t\t<div class=\"elementor-element elementor-element-fc90d60 elementor-widget__width-initial elementor-widget elementor-widget-text-editor\" data-id=\"fc90d60\" data-element_type=\"widget\" data-widget_type=\"text-editor.default\">\n\t\t\t\t<div class=\"elementor-widget-container\">\n\t\t\t\t\t\t\t\t\t<p>Naturheilpraxis Ilse Gassner-Gst\u00f6hl<br \/>Bahnstrasse 54<br \/>9494 Schaan<\/p><p>praxis@ilsegassner.li<br \/>+423 233 29 60<\/p>\t\t\t\t\t\t\t\t<\/div>\n\t\t\t\t<\/div>\n\t\t\t\t\t<\/div>\n\t\t<\/div>\n\t\t\t\t\t<\/div>\n\t\t<\/section>\n\t\t\t\t<\/div>\n\t\t","protected":false},"excerpt":{"rendered":"<p>Triggerpunktmassage K\u00fcmmere dich um deinen K\u00f6rper. Es ist der einzige Ort, den du zum Leben hast (Jim Rohn). \u00a0 Durch die st\u00e4ndig zunehmende Stressbelastung am Arbeitsplatz, der immer st\u00e4rkerer Zeitdruck und die st\u00e4ndig wachsenden Anforderungen auch im privaten Lebensbereich, ger\u00e4t unser K\u00f6rper immer mehr unter Druck. Das kann er f\u00fcr eine gewisse Zeit kompensieren. Aber [&hellip;]<\/p>\n","protected":false},"author":1,"featured_media":0,"parent":0,"menu_order":0,"comment_status":"closed","ping_status":"closed","template":"elementor_header_footer","meta":{"footnotes":""},"class_list":["post-456","page","type-page","status-publish","hentry"],"yoast_head":"<!-- This site is optimized with the Yoast SEO plugin v27.4 - https:\/\/yoast.com\/product\/yoast-seo-wordpress\/ -->\n<title>Triggerpunkt Massage<\/title>\n<meta name=\"description\" content=\"Bei der Triggerpunktmassage wird zuerst die verspannte Muskulatur durch eine Massage gelockert und gedehnt, sodass der Muskel gut durchblutet und der Zellstoffwechsel angeregt ist. Jetzt wird der Triggerpunkt exakt lokalisiert und mittels Druck mit dem Daumen oder einem Triggerholz bearbeitet, sodass sich die Dauerkontraktion des Muskels l\u00f6sen kann.\" \/>\n<meta name=\"robots\" content=\"index, follow, max-snippet:-1, max-image-preview:large, max-video-preview:-1\" \/>\n<link rel=\"canonical\" href=\"https:\/\/www.praxis-ilsegassner.li\/?page_id=456\" \/>\n<meta property=\"og:locale\" content=\"de_DE\" \/>\n<meta property=\"og:type\" content=\"article\" \/>\n<meta property=\"og:title\" content=\"Triggerpunkt Massage\" \/>\n<meta property=\"og:description\" content=\"Bei der Triggerpunktmassage wird zuerst die verspannte Muskulatur durch eine Massage gelockert und gedehnt, sodass der Muskel gut durchblutet und der Zellstoffwechsel angeregt ist. Jetzt wird der Triggerpunkt exakt lokalisiert und mittels Druck mit dem Daumen oder einem Triggerholz bearbeitet, sodass sich die Dauerkontraktion des Muskels l\u00f6sen kann.\" \/>\n<meta property=\"og:url\" content=\"https:\/\/www.praxis-ilsegassner.li\/?page_id=456\" \/>\n<meta property=\"og:site_name\" content=\"Naturheilpraxis Ilse Gassner\" \/>\n<meta property=\"article:modified_time\" content=\"2021-05-13T15:11:32+00:00\" \/>\n<meta name=\"twitter:card\" content=\"summary_large_image\" \/>\n<meta name=\"twitter:label1\" content=\"Gesch\u00e4tzte Lesezeit\" \/>\n\t<meta name=\"twitter:data1\" content=\"2\u00a0Minuten\" \/>\n<script type=\"application\/ld+json\" class=\"yoast-schema-graph\">{\"@context\":\"https:\\\/\\\/schema.org\",\"@graph\":[{\"@type\":\"WebPage\",\"@id\":\"https:\\\/\\\/www.praxis-ilsegassner.li\\\/?page_id=456\",\"url\":\"https:\\\/\\\/www.praxis-ilsegassner.li\\\/?page_id=456\",\"name\":\"Triggerpunkt Massage\",\"isPartOf\":{\"@id\":\"https:\\\/\\\/www.praxis-ilsegassner.li\\\/#website\"},\"datePublished\":\"2021-04-16T20:25:45+00:00\",\"dateModified\":\"2021-05-13T15:11:32+00:00\",\"description\":\"Bei der Triggerpunktmassage wird zuerst die verspannte Muskulatur durch eine Massage gelockert und gedehnt, sodass der Muskel gut durchblutet und der Zellstoffwechsel angeregt ist. Jetzt wird der Triggerpunkt exakt lokalisiert und mittels Druck mit dem Daumen oder einem Triggerholz bearbeitet, sodass sich die Dauerkontraktion des Muskels l\u00f6sen kann.\",\"breadcrumb\":{\"@id\":\"https:\\\/\\\/www.praxis-ilsegassner.li\\\/?page_id=456#breadcrumb\"},\"inLanguage\":\"de\",\"potentialAction\":[{\"@type\":\"ReadAction\",\"target\":[\"https:\\\/\\\/www.praxis-ilsegassner.li\\\/?page_id=456\"]}]},{\"@type\":\"BreadcrumbList\",\"@id\":\"https:\\\/\\\/www.praxis-ilsegassner.li\\\/?page_id=456#breadcrumb\",\"itemListElement\":[{\"@type\":\"ListItem\",\"position\":1,\"name\":\"Startseite\",\"item\":\"https:\\\/\\\/www.praxis-ilsegassner.li\\\/\"},{\"@type\":\"ListItem\",\"position\":2,\"name\":\"Triggerpunkt-Massage\"}]},{\"@type\":\"WebSite\",\"@id\":\"https:\\\/\\\/www.praxis-ilsegassner.li\\\/#website\",\"url\":\"https:\\\/\\\/www.praxis-ilsegassner.li\\\/\",\"name\":\"Naturheilpraxis Ilse Gassner\",\"description\":\"Gesundheit hat viele Facetten\",\"publisher\":{\"@id\":\"https:\\\/\\\/www.praxis-ilsegassner.li\\\/#organization\"},\"potentialAction\":[{\"@type\":\"SearchAction\",\"target\":{\"@type\":\"EntryPoint\",\"urlTemplate\":\"https:\\\/\\\/www.praxis-ilsegassner.li\\\/?s={search_term_string}\"},\"query-input\":{\"@type\":\"PropertyValueSpecification\",\"valueRequired\":true,\"valueName\":\"search_term_string\"}}],\"inLanguage\":\"de\"},{\"@type\":\"Organization\",\"@id\":\"https:\\\/\\\/www.praxis-ilsegassner.li\\\/#organization\",\"name\":\"Naturheilpraxis Ilse Gassner\",\"url\":\"https:\\\/\\\/www.praxis-ilsegassner.li\\\/\",\"logo\":{\"@type\":\"ImageObject\",\"inLanguage\":\"de\",\"@id\":\"https:\\\/\\\/www.praxis-ilsegassner.li\\\/#\\\/schema\\\/logo\\\/image\\\/\",\"url\":\"https:\\\/\\\/www.praxis-ilsegassner.li\\\/wp-content\\\/uploads\\\/2021\\\/04\\\/O-Praxislogo_Gassner_Gst_hl.jpg\",\"contentUrl\":\"https:\\\/\\\/www.praxis-ilsegassner.li\\\/wp-content\\\/uploads\\\/2021\\\/04\\\/O-Praxislogo_Gassner_Gst_hl.jpg\",\"width\":827,\"height\":299,\"caption\":\"Naturheilpraxis Ilse Gassner\"},\"image\":{\"@id\":\"https:\\\/\\\/www.praxis-ilsegassner.li\\\/#\\\/schema\\\/logo\\\/image\\\/\"}}]}<\/script>\n<!-- \/ Yoast SEO plugin. -->","yoast_head_json":{"title":"Triggerpunkt Massage","description":"Bei der Triggerpunktmassage wird zuerst die verspannte Muskulatur durch eine Massage gelockert und gedehnt, sodass der Muskel gut durchblutet und der Zellstoffwechsel angeregt ist. Jetzt wird der Triggerpunkt exakt lokalisiert und mittels Druck mit dem Daumen oder einem Triggerholz bearbeitet, sodass sich die Dauerkontraktion des Muskels l\u00f6sen kann.","robots":{"index":"index","follow":"follow","max-snippet":"max-snippet:-1","max-image-preview":"max-image-preview:large","max-video-preview":"max-video-preview:-1"},"canonical":"https:\/\/www.praxis-ilsegassner.li\/?page_id=456","og_locale":"de_DE","og_type":"article","og_title":"Triggerpunkt Massage","og_description":"Bei der Triggerpunktmassage wird zuerst die verspannte Muskulatur durch eine Massage gelockert und gedehnt, sodass der Muskel gut durchblutet und der Zellstoffwechsel angeregt ist. Jetzt wird der Triggerpunkt exakt lokalisiert und mittels Druck mit dem Daumen oder einem Triggerholz bearbeitet, sodass sich die Dauerkontraktion des Muskels l\u00f6sen kann.","og_url":"https:\/\/www.praxis-ilsegassner.li\/?page_id=456","og_site_name":"Naturheilpraxis Ilse Gassner","article_modified_time":"2021-05-13T15:11:32+00:00","twitter_card":"summary_large_image","twitter_misc":{"Gesch\u00e4tzte Lesezeit":"2\u00a0Minuten"},"schema":{"@context":"https:\/\/schema.org","@graph":[{"@type":"WebPage","@id":"https:\/\/www.praxis-ilsegassner.li\/?page_id=456","url":"https:\/\/www.praxis-ilsegassner.li\/?page_id=456","name":"Triggerpunkt Massage","isPartOf":{"@id":"https:\/\/www.praxis-ilsegassner.li\/#website"},"datePublished":"2021-04-16T20:25:45+00:00","dateModified":"2021-05-13T15:11:32+00:00","description":"Bei der Triggerpunktmassage wird zuerst die verspannte Muskulatur durch eine Massage gelockert und gedehnt, sodass der Muskel gut durchblutet und der Zellstoffwechsel angeregt ist. Jetzt wird der Triggerpunkt exakt lokalisiert und mittels Druck mit dem Daumen oder einem Triggerholz bearbeitet, sodass sich die Dauerkontraktion des Muskels l\u00f6sen kann.","breadcrumb":{"@id":"https:\/\/www.praxis-ilsegassner.li\/?page_id=456#breadcrumb"},"inLanguage":"de","potentialAction":[{"@type":"ReadAction","target":["https:\/\/www.praxis-ilsegassner.li\/?page_id=456"]}]},{"@type":"BreadcrumbList","@id":"https:\/\/www.praxis-ilsegassner.li\/?page_id=456#breadcrumb","itemListElement":[{"@type":"ListItem","position":1,"name":"Startseite","item":"https:\/\/www.praxis-ilsegassner.li\/"},{"@type":"ListItem","position":2,"name":"Triggerpunkt-Massage"}]},{"@type":"WebSite","@id":"https:\/\/www.praxis-ilsegassner.li\/#website","url":"https:\/\/www.praxis-ilsegassner.li\/","name":"Naturheilpraxis Ilse Gassner","description":"Gesundheit hat viele Facetten","publisher":{"@id":"https:\/\/www.praxis-ilsegassner.li\/#organization"},"potentialAction":[{"@type":"SearchAction","target":{"@type":"EntryPoint","urlTemplate":"https:\/\/www.praxis-ilsegassner.li\/?s={search_term_string}"},"query-input":{"@type":"PropertyValueSpecification","valueRequired":true,"valueName":"search_term_string"}}],"inLanguage":"de"},{"@type":"Organization","@id":"https:\/\/www.praxis-ilsegassner.li\/#organization","name":"Naturheilpraxis Ilse Gassner","url":"https:\/\/www.praxis-ilsegassner.li\/","logo":{"@type":"ImageObject","inLanguage":"de","@id":"https:\/\/www.praxis-ilsegassner.li\/#\/schema\/logo\/image\/","url":"https:\/\/www.praxis-ilsegassner.li\/wp-content\/uploads\/2021\/04\/O-Praxislogo_Gassner_Gst_hl.jpg","contentUrl":"https:\/\/www.praxis-ilsegassner.li\/wp-content\/uploads\/2021\/04\/O-Praxislogo_Gassner_Gst_hl.jpg","width":827,"height":299,"caption":"Naturheilpraxis Ilse Gassner"},"image":{"@id":"https:\/\/www.praxis-ilsegassner.li\/#\/schema\/logo\/image\/"}}]}},"_links":{"self":[{"href":"https:\/\/www.praxis-ilsegassner.li\/index.php?rest_route=\/wp\/v2\/pages\/456","targetHints":{"allow":["GET"]}}],"collection":[{"href":"https:\/\/www.praxis-ilsegassner.li\/index.php?rest_route=\/wp\/v2\/pages"}],"about":[{"href":"https:\/\/www.praxis-ilsegassner.li\/index.php?rest_route=\/wp\/v2\/types\/page"}],"author":[{"embeddable":true,"href":"https:\/\/www.praxis-ilsegassner.li\/index.php?rest_route=\/wp\/v2\/users\/1"}],"replies":[{"embeddable":true,"href":"https:\/\/www.praxis-ilsegassner.li\/index.php?rest_route=%2Fwp%2Fv2%2Fcomments&post=456"}],"version-history":[{"count":16,"href":"https:\/\/www.praxis-ilsegassner.li\/index.php?rest_route=\/wp\/v2\/pages\/456\/revisions"}],"predecessor-version":[{"id":1012,"href":"https:\/\/www.praxis-ilsegassner.li\/index.php?rest_route=\/wp\/v2\/pages\/456\/revisions\/1012"}],"wp:attachment":[{"href":"https:\/\/www.praxis-ilsegassner.li\/index.php?rest_route=%2Fwp%2Fv2%2Fmedia&parent=456"}],"curies":[{"name":"wp","href":"https:\/\/api.w.org\/{rel}","templated":true}]}}