{"id":482,"date":"2021-04-16T22:32:45","date_gmt":"2021-04-16T20:32:45","guid":{"rendered":"http:\/\/www.praxis-ilsegassner.com.li\/?page_id=482"},"modified":"2021-05-13T17:13:03","modified_gmt":"2021-05-13T15:13:03","slug":"manuelle-lymphdrainage","status":"publish","type":"page","link":"https:\/\/www.praxis-ilsegassner.li\/?page_id=482","title":{"rendered":"Manuelle Lymphdrainage"},"content":{"rendered":"\t\t<div data-elementor-type=\"wp-page\" data-elementor-id=\"482\" class=\"elementor elementor-482\">\n\t\t\t\t\t\t<section class=\"elementor-section elementor-top-section elementor-element elementor-element-cf8122f elementor-section-boxed elementor-section-height-default elementor-section-height-default\" data-id=\"cf8122f\" data-element_type=\"section\">\n\t\t\t\t\t\t\t<div class=\"elementor-background-overlay\"><\/div>\n\t\t\t\t\t\t\t<div class=\"elementor-container elementor-column-gap-default\">\n\t\t\t\t\t<div class=\"elementor-column elementor-col-100 elementor-top-column elementor-element elementor-element-9728c11\" data-id=\"9728c11\" data-element_type=\"column\">\n\t\t\t<div class=\"elementor-widget-wrap elementor-element-populated\">\n\t\t\t\t\t\t<div class=\"elementor-element elementor-element-744a6d6 elementor-widget elementor-widget-text-editor\" data-id=\"744a6d6\" data-element_type=\"widget\" data-widget_type=\"text-editor.default\">\n\t\t\t\t<div class=\"elementor-widget-container\">\n\t\t\t\t\t\t\t\t\t<h3>Manuelle Lymphdrainage<\/h3><p>\u00a0<\/p><p>Pro Tag produziert unser K\u00f6rper etwa f\u00fcnf Liter Lymphe, eine milchig-w\u00e4ssrige K\u00f6rperfl\u00fcssigkeit, die netzartig durch den ganzen K\u00f6rper fliesst und uns vom \u00abSperrm\u00fcll\u00bb befreit.<\/p><p>\u00a0<\/p><p>Die Lymphbahnen sind neben den Blutgef\u00e4ssen ein eigenst\u00e4ndiges Abflusssystem zum Abtransport von Schadstoffen. Diese Stoffe, Eiweisse und Fette spielen eine bedeutende Rolle in unserem Immunsystem, weil sie Fremdk\u00f6rper und Keime zu den Lymphknoten bringen, wo sie von eigens daf\u00fcr trainierten Blutk\u00f6rperchen (Lymphozyten) bek\u00e4mpft werden k\u00f6nnen. Somit hat das Lymphsystem neben der Entgiftung und Gewebeentstauung auch eine wichtige Funktion f\u00fcr unser Immunsystem.<\/p><p>\u00a0<\/p><p>Bei der manuellen Lymphdrainage wird die angestaute Fl\u00fcssigkeit mit sanften kreisenden Dreh- Pump- und Schr\u00f6pfgriffen vom Bindegewebe in die Lymphbahnen verschoben. Die Griffe werden langsam und mit sanftem Druck durchgef\u00fchrt und f\u00fchren immer von der Peripherie zum Herzen. Eingesetzt wird sie bei Stauungszust\u00e4nden des Lymphsystems (\u00d6demen), nach Operationen, bei denen der Lymphfluss gest\u00f6rt ist, bei Verletzungen wie Zerrungen, Bluterg\u00fcssen, Knochenbr\u00fcchen, bei rheumatischen Erkrankungen und bei Wassereinlagerungen in der Schwangerschaft. Zudem hat die Lymphdrainage eine sehr entspannende und beruhigende Wirkung auf das vegetative Nervensystem und regt unser Immunsystem an.<\/p><p>\u00a0<\/p><p>Durch die Behandlung wird eine allgemeine Harmonisierung erreicht. Energie wird freigesetzt, es entsteht ein Gef\u00fchl des Wohlbefindens und der Leichtigkeit.<\/p>\t\t\t\t\t\t\t\t<\/div>\n\t\t\t\t<\/div>\n\t\t\t\t\t<\/div>\n\t\t<\/div>\n\t\t\t\t\t<\/div>\n\t\t<\/section>\n\t\t\t\t<section class=\"elementor-section elementor-top-section elementor-element elementor-element-f40aa92 elementor-section-boxed elementor-section-height-default elementor-section-height-default\" data-id=\"f40aa92\" data-element_type=\"section\">\n\t\t\t\t\t\t<div class=\"elementor-container elementor-column-gap-default\">\n\t\t\t\t\t<div class=\"elementor-column elementor-col-100 elementor-top-column elementor-element elementor-element-67045c8\" data-id=\"67045c8\" data-element_type=\"column\">\n\t\t\t<div class=\"elementor-widget-wrap elementor-element-populated\">\n\t\t\t\t\t\t<div class=\"elementor-element elementor-element-a0d39b6 elementor-widget elementor-widget-text-editor\" data-id=\"a0d39b6\" data-element_type=\"widget\" data-widget_type=\"text-editor.default\">\n\t\t\t\t<div class=\"elementor-widget-container\">\n\t\t\t\t\t\t\t\t\t<p><a href=\"http:\/\/www.praxis-ilsegassner.li\/?page_id=438\">zur\u00fcck zur \u00dcbersicht<\/a><\/p>\t\t\t\t\t\t\t\t<\/div>\n\t\t\t\t<\/div>\n\t\t\t\t<div class=\"elementor-element elementor-element-8103c84 elementor-widget-divider--view-line elementor-widget elementor-widget-divider\" data-id=\"8103c84\" data-element_type=\"widget\" data-widget_type=\"divider.default\">\n\t\t\t\t<div class=\"elementor-widget-container\">\n\t\t\t\t\t\t\t<div class=\"elementor-divider\">\n\t\t\t<span class=\"elementor-divider-separator\">\n\t\t\t\t\t\t<\/span>\n\t\t<\/div>\n\t\t\t\t\t\t<\/div>\n\t\t\t\t<\/div>\n\t\t\t\t\t<\/div>\n\t\t<\/div>\n\t\t\t\t\t<\/div>\n\t\t<\/section>\n\t\t\t\t<section class=\"elementor-section elementor-top-section elementor-element elementor-element-15ff29f elementor-section-boxed elementor-section-height-default elementor-section-height-default\" data-id=\"15ff29f\" data-element_type=\"section\">\n\t\t\t\t\t\t<div class=\"elementor-container elementor-column-gap-default\">\n\t\t\t\t\t<div class=\"elementor-column elementor-col-100 elementor-top-column elementor-element elementor-element-72730df\" data-id=\"72730df\" data-element_type=\"column\">\n\t\t\t<div class=\"elementor-widget-wrap elementor-element-populated\">\n\t\t\t\t\t\t<div class=\"elementor-element elementor-element-fc90d60 elementor-widget__width-initial elementor-widget elementor-widget-text-editor\" data-id=\"fc90d60\" data-element_type=\"widget\" data-widget_type=\"text-editor.default\">\n\t\t\t\t<div class=\"elementor-widget-container\">\n\t\t\t\t\t\t\t\t\t<p>Naturheilpraxis Ilse Gassner-Gst\u00f6hl<br \/>Bahnstrasse 54<br \/>9494 Schaan<\/p><p>praxis@ilsegassner.li<br \/>+423 233 29 60<\/p>\t\t\t\t\t\t\t\t<\/div>\n\t\t\t\t<\/div>\n\t\t\t\t\t<\/div>\n\t\t<\/div>\n\t\t\t\t\t<\/div>\n\t\t<\/section>\n\t\t\t\t<\/div>\n\t\t","protected":false},"excerpt":{"rendered":"<p>Manuelle Lymphdrainage \u00a0 Pro Tag produziert unser K\u00f6rper etwa f\u00fcnf Liter Lymphe, eine milchig-w\u00e4ssrige K\u00f6rperfl\u00fcssigkeit, die netzartig durch den ganzen K\u00f6rper fliesst und uns vom \u00abSperrm\u00fcll\u00bb befreit. \u00a0 Die Lymphbahnen sind neben den Blutgef\u00e4ssen ein eigenst\u00e4ndiges Abflusssystem zum Abtransport von Schadstoffen. Diese Stoffe, Eiweisse und Fette spielen eine bedeutende Rolle in unserem Immunsystem, weil sie [&hellip;]<\/p>\n","protected":false},"author":1,"featured_media":0,"parent":0,"menu_order":0,"comment_status":"closed","ping_status":"closed","template":"elementor_header_footer","meta":{"footnotes":""},"class_list":["post-482","page","type-page","status-publish","hentry"],"yoast_head":"<!-- This site is optimized with the Yoast SEO plugin v27.4 - https:\/\/yoast.com\/product\/yoast-seo-wordpress\/ -->\n<title>Lymphdrainage<\/title>\n<meta name=\"description\" content=\"Bei der manuellen Lymphdrainage wird die angestaute Fl\u00fcssigkeit mit sanften kreisenden Dreh- Pump- und Schr\u00f6pfgriffen vom Bindegewebe in die Lymphbahnen verschoben. Die Griffe werden langsam und mit sanftem Druck durchgef\u00fchrt und f\u00fchren immer von der Peripherie zum Herzen.\" \/>\n<meta name=\"robots\" content=\"index, follow, max-snippet:-1, max-image-preview:large, max-video-preview:-1\" \/>\n<link rel=\"canonical\" href=\"https:\/\/www.praxis-ilsegassner.li\/?page_id=482\" \/>\n<meta property=\"og:locale\" content=\"de_DE\" \/>\n<meta property=\"og:type\" content=\"article\" \/>\n<meta property=\"og:title\" content=\"Lymphdrainage\" \/>\n<meta property=\"og:description\" content=\"Bei der manuellen Lymphdrainage wird die angestaute Fl\u00fcssigkeit mit sanften kreisenden Dreh- Pump- und Schr\u00f6pfgriffen vom Bindegewebe in die Lymphbahnen verschoben. Die Griffe werden langsam und mit sanftem Druck durchgef\u00fchrt und f\u00fchren immer von der Peripherie zum Herzen.\" \/>\n<meta property=\"og:url\" content=\"https:\/\/www.praxis-ilsegassner.li\/?page_id=482\" \/>\n<meta property=\"og:site_name\" content=\"Naturheilpraxis Ilse Gassner\" \/>\n<meta property=\"article:modified_time\" content=\"2021-05-13T15:13:03+00:00\" \/>\n<meta name=\"twitter:card\" content=\"summary_large_image\" \/>\n<meta name=\"twitter:label1\" content=\"Gesch\u00e4tzte Lesezeit\" \/>\n\t<meta name=\"twitter:data1\" content=\"1\u00a0Minute\" \/>\n<script type=\"application\/ld+json\" class=\"yoast-schema-graph\">{\"@context\":\"https:\\\/\\\/schema.org\",\"@graph\":[{\"@type\":\"WebPage\",\"@id\":\"https:\\\/\\\/www.praxis-ilsegassner.li\\\/?page_id=482\",\"url\":\"https:\\\/\\\/www.praxis-ilsegassner.li\\\/?page_id=482\",\"name\":\"Lymphdrainage\",\"isPartOf\":{\"@id\":\"https:\\\/\\\/www.praxis-ilsegassner.li\\\/#website\"},\"datePublished\":\"2021-04-16T20:32:45+00:00\",\"dateModified\":\"2021-05-13T15:13:03+00:00\",\"description\":\"Bei der manuellen Lymphdrainage wird die angestaute Fl\u00fcssigkeit mit sanften kreisenden Dreh- Pump- und Schr\u00f6pfgriffen vom Bindegewebe in die Lymphbahnen verschoben. Die Griffe werden langsam und mit sanftem Druck durchgef\u00fchrt und f\u00fchren immer von der Peripherie zum Herzen.\",\"breadcrumb\":{\"@id\":\"https:\\\/\\\/www.praxis-ilsegassner.li\\\/?page_id=482#breadcrumb\"},\"inLanguage\":\"de\",\"potentialAction\":[{\"@type\":\"ReadAction\",\"target\":[\"https:\\\/\\\/www.praxis-ilsegassner.li\\\/?page_id=482\"]}]},{\"@type\":\"BreadcrumbList\",\"@id\":\"https:\\\/\\\/www.praxis-ilsegassner.li\\\/?page_id=482#breadcrumb\",\"itemListElement\":[{\"@type\":\"ListItem\",\"position\":1,\"name\":\"Startseite\",\"item\":\"https:\\\/\\\/www.praxis-ilsegassner.li\\\/\"},{\"@type\":\"ListItem\",\"position\":2,\"name\":\"Manuelle Lymphdrainage\"}]},{\"@type\":\"WebSite\",\"@id\":\"https:\\\/\\\/www.praxis-ilsegassner.li\\\/#website\",\"url\":\"https:\\\/\\\/www.praxis-ilsegassner.li\\\/\",\"name\":\"Naturheilpraxis Ilse Gassner\",\"description\":\"Gesundheit hat viele Facetten\",\"publisher\":{\"@id\":\"https:\\\/\\\/www.praxis-ilsegassner.li\\\/#organization\"},\"potentialAction\":[{\"@type\":\"SearchAction\",\"target\":{\"@type\":\"EntryPoint\",\"urlTemplate\":\"https:\\\/\\\/www.praxis-ilsegassner.li\\\/?s={search_term_string}\"},\"query-input\":{\"@type\":\"PropertyValueSpecification\",\"valueRequired\":true,\"valueName\":\"search_term_string\"}}],\"inLanguage\":\"de\"},{\"@type\":\"Organization\",\"@id\":\"https:\\\/\\\/www.praxis-ilsegassner.li\\\/#organization\",\"name\":\"Naturheilpraxis Ilse Gassner\",\"url\":\"https:\\\/\\\/www.praxis-ilsegassner.li\\\/\",\"logo\":{\"@type\":\"ImageObject\",\"inLanguage\":\"de\",\"@id\":\"https:\\\/\\\/www.praxis-ilsegassner.li\\\/#\\\/schema\\\/logo\\\/image\\\/\",\"url\":\"https:\\\/\\\/www.praxis-ilsegassner.li\\\/wp-content\\\/uploads\\\/2021\\\/04\\\/O-Praxislogo_Gassner_Gst_hl.jpg\",\"contentUrl\":\"https:\\\/\\\/www.praxis-ilsegassner.li\\\/wp-content\\\/uploads\\\/2021\\\/04\\\/O-Praxislogo_Gassner_Gst_hl.jpg\",\"width\":827,\"height\":299,\"caption\":\"Naturheilpraxis Ilse Gassner\"},\"image\":{\"@id\":\"https:\\\/\\\/www.praxis-ilsegassner.li\\\/#\\\/schema\\\/logo\\\/image\\\/\"}}]}<\/script>\n<!-- \/ Yoast SEO plugin. -->","yoast_head_json":{"title":"Lymphdrainage","description":"Bei der manuellen Lymphdrainage wird die angestaute Fl\u00fcssigkeit mit sanften kreisenden Dreh- Pump- und Schr\u00f6pfgriffen vom Bindegewebe in die Lymphbahnen verschoben. Die Griffe werden langsam und mit sanftem Druck durchgef\u00fchrt und f\u00fchren immer von der Peripherie zum Herzen.","robots":{"index":"index","follow":"follow","max-snippet":"max-snippet:-1","max-image-preview":"max-image-preview:large","max-video-preview":"max-video-preview:-1"},"canonical":"https:\/\/www.praxis-ilsegassner.li\/?page_id=482","og_locale":"de_DE","og_type":"article","og_title":"Lymphdrainage","og_description":"Bei der manuellen Lymphdrainage wird die angestaute Fl\u00fcssigkeit mit sanften kreisenden Dreh- Pump- und Schr\u00f6pfgriffen vom Bindegewebe in die Lymphbahnen verschoben. Die Griffe werden langsam und mit sanftem Druck durchgef\u00fchrt und f\u00fchren immer von der Peripherie zum Herzen.","og_url":"https:\/\/www.praxis-ilsegassner.li\/?page_id=482","og_site_name":"Naturheilpraxis Ilse Gassner","article_modified_time":"2021-05-13T15:13:03+00:00","twitter_card":"summary_large_image","twitter_misc":{"Gesch\u00e4tzte Lesezeit":"1\u00a0Minute"},"schema":{"@context":"https:\/\/schema.org","@graph":[{"@type":"WebPage","@id":"https:\/\/www.praxis-ilsegassner.li\/?page_id=482","url":"https:\/\/www.praxis-ilsegassner.li\/?page_id=482","name":"Lymphdrainage","isPartOf":{"@id":"https:\/\/www.praxis-ilsegassner.li\/#website"},"datePublished":"2021-04-16T20:32:45+00:00","dateModified":"2021-05-13T15:13:03+00:00","description":"Bei der manuellen Lymphdrainage wird die angestaute Fl\u00fcssigkeit mit sanften kreisenden Dreh- Pump- und Schr\u00f6pfgriffen vom Bindegewebe in die Lymphbahnen verschoben. Die Griffe werden langsam und mit sanftem Druck durchgef\u00fchrt und f\u00fchren immer von der Peripherie zum Herzen.","breadcrumb":{"@id":"https:\/\/www.praxis-ilsegassner.li\/?page_id=482#breadcrumb"},"inLanguage":"de","potentialAction":[{"@type":"ReadAction","target":["https:\/\/www.praxis-ilsegassner.li\/?page_id=482"]}]},{"@type":"BreadcrumbList","@id":"https:\/\/www.praxis-ilsegassner.li\/?page_id=482#breadcrumb","itemListElement":[{"@type":"ListItem","position":1,"name":"Startseite","item":"https:\/\/www.praxis-ilsegassner.li\/"},{"@type":"ListItem","position":2,"name":"Manuelle Lymphdrainage"}]},{"@type":"WebSite","@id":"https:\/\/www.praxis-ilsegassner.li\/#website","url":"https:\/\/www.praxis-ilsegassner.li\/","name":"Naturheilpraxis Ilse Gassner","description":"Gesundheit hat viele Facetten","publisher":{"@id":"https:\/\/www.praxis-ilsegassner.li\/#organization"},"potentialAction":[{"@type":"SearchAction","target":{"@type":"EntryPoint","urlTemplate":"https:\/\/www.praxis-ilsegassner.li\/?s={search_term_string}"},"query-input":{"@type":"PropertyValueSpecification","valueRequired":true,"valueName":"search_term_string"}}],"inLanguage":"de"},{"@type":"Organization","@id":"https:\/\/www.praxis-ilsegassner.li\/#organization","name":"Naturheilpraxis Ilse Gassner","url":"https:\/\/www.praxis-ilsegassner.li\/","logo":{"@type":"ImageObject","inLanguage":"de","@id":"https:\/\/www.praxis-ilsegassner.li\/#\/schema\/logo\/image\/","url":"https:\/\/www.praxis-ilsegassner.li\/wp-content\/uploads\/2021\/04\/O-Praxislogo_Gassner_Gst_hl.jpg","contentUrl":"https:\/\/www.praxis-ilsegassner.li\/wp-content\/uploads\/2021\/04\/O-Praxislogo_Gassner_Gst_hl.jpg","width":827,"height":299,"caption":"Naturheilpraxis Ilse Gassner"},"image":{"@id":"https:\/\/www.praxis-ilsegassner.li\/#\/schema\/logo\/image\/"}}]}},"_links":{"self":[{"href":"https:\/\/www.praxis-ilsegassner.li\/index.php?rest_route=\/wp\/v2\/pages\/482","targetHints":{"allow":["GET"]}}],"collection":[{"href":"https:\/\/www.praxis-ilsegassner.li\/index.php?rest_route=\/wp\/v2\/pages"}],"about":[{"href":"https:\/\/www.praxis-ilsegassner.li\/index.php?rest_route=\/wp\/v2\/types\/page"}],"author":[{"embeddable":true,"href":"https:\/\/www.praxis-ilsegassner.li\/index.php?rest_route=\/wp\/v2\/users\/1"}],"replies":[{"embeddable":true,"href":"https:\/\/www.praxis-ilsegassner.li\/index.php?rest_route=%2Fwp%2Fv2%2Fcomments&post=482"}],"version-history":[{"count":10,"href":"https:\/\/www.praxis-ilsegassner.li\/index.php?rest_route=\/wp\/v2\/pages\/482\/revisions"}],"predecessor-version":[{"id":1021,"href":"https:\/\/www.praxis-ilsegassner.li\/index.php?rest_route=\/wp\/v2\/pages\/482\/revisions\/1021"}],"wp:attachment":[{"href":"https:\/\/www.praxis-ilsegassner.li\/index.php?rest_route=%2Fwp%2Fv2%2Fmedia&parent=482"}],"curies":[{"name":"wp","href":"https:\/\/api.w.org\/{rel}","templated":true}]}}