{"id":490,"date":"2021-04-16T22:34:40","date_gmt":"2021-04-16T20:34:40","guid":{"rendered":"http:\/\/www.praxis-ilsegassner.com.li\/?page_id=490"},"modified":"2021-05-13T17:13:32","modified_gmt":"2021-05-13T15:13:32","slug":"ayurveda-massage","status":"publish","type":"page","link":"https:\/\/www.praxis-ilsegassner.li\/?page_id=490","title":{"rendered":"Ayurveda-Massage"},"content":{"rendered":"\t\t<div data-elementor-type=\"wp-page\" data-elementor-id=\"490\" class=\"elementor elementor-490\">\n\t\t\t\t\t\t<section class=\"elementor-section elementor-top-section elementor-element elementor-element-cf8122f elementor-section-boxed elementor-section-height-default elementor-section-height-default\" data-id=\"cf8122f\" data-element_type=\"section\">\n\t\t\t\t\t\t\t<div class=\"elementor-background-overlay\"><\/div>\n\t\t\t\t\t\t\t<div class=\"elementor-container elementor-column-gap-default\">\n\t\t\t\t\t<div class=\"elementor-column elementor-col-100 elementor-top-column elementor-element elementor-element-9728c11\" data-id=\"9728c11\" data-element_type=\"column\">\n\t\t\t<div class=\"elementor-widget-wrap elementor-element-populated\">\n\t\t\t\t\t\t<div class=\"elementor-element elementor-element-744a6d6 elementor-widget elementor-widget-text-editor\" data-id=\"744a6d6\" data-element_type=\"widget\" data-widget_type=\"text-editor.default\">\n\t\t\t\t<div class=\"elementor-widget-container\">\n\t\t\t\t\t\t\t\t\t<h3>Ayurveda-Massage<\/h3><p><b>Ayurveda Massage<\/b><\/p><p>Ayurveda versteht Krankheit als etwas, das durch die St\u00f6rung bestimmter funktionaler und struktureller Aspekte des K\u00f6rpers verursacht wird. Die Aufgabe der Behandlung ist es, das Gleichgewicht wieder herzustellen. Die Doshas sind die Prinzipien der Lebensenergie, die alle Vorg\u00e4nge im K\u00f6rper steuern. Alle physiologischen Funktionen k\u00f6nnen den drei Prinzipien Vata, Kapha und Pitta zugeordnet werden. Das wird durch verschiedene Arten der Massage und dazu abgestimmten \u00d6le erreicht.<\/p><p>\u00a0<\/p><p><b>Abhyanga Ganzk\u00f6rpermassage<\/b><br \/>gibt dem K\u00f6rper St\u00e4rke, Beweglichkeit u. Flexibilit\u00e4t. Hilft Verletzungen heilen, Geweben und Organe regenerieren. Belebt Haut, Muskeln, Venen, Arterien und Nervensystem. St\u00e4rkt die Lungen, Eingeweide und Knochen, reguliert das Verdauungssystem. Sie facht die Hitze im K\u00f6rper an, bringt ihn dazu seine Abfallprodukte auszuschwemmen. Verbessert Konzentration und Intelligenz. N\u00fctzt jedem, ist von besonderem Wert f\u00fcr alte und gebrechliche Menschen (90min.).<\/p><p>\u00a0<\/p><p><b>Ayurvedische Fu\u00dfreflexzonenmassage<\/b><b><br \/><\/b>hilft gegen Schlaflosigkeit, Nervosit\u00e4t, Trockenheit oder Taubheitsgef\u00fchle in den F\u00fcssen, energetisiert den Bauch, das Becken und den Dickdarm, regt den Kreislauf und die Fruchtbarkeit an und hilft bei Benommenheit.<\/p><p>\u00a0<\/p><p><b>Ayurvedische Gesichts- und Kopfmassage mit kleinem Stirnguss<\/b><b><br \/><\/b>wirkt ausgleichend f\u00fcr Augen, Lunge, Herz, Gehirn, Magen und Dickdarm. Hilft das Ged\u00e4chtnis zu verbessern, f\u00f6rdert Wachsamkeit und Stabilit\u00e4t. Baut Stress ab. Hilfreich bei \u00c4ngsten, Depressionen, Migr\u00e4ne, Bluthochdruck. Hilft bei M\u00fcdigkeit und Schlaflosigkeit, reduziert Taubheitsgef\u00fchl. Kann Kopfschmerzen lindern. Beseitigt geistige Ersch\u00f6pfung und Anspannung.\u00a0<\/p><p>\u00a0<\/p><p><b>R\u00fcckenmassage Prishthabhyanga<\/b><b><br \/><\/b>hilft bei Bandscheibenregeneration, Hals-, Brust- und Lenden-Wirbels\u00e4ulensyndrom, Hexenschuss und R\u00fcckenschmerzen.\u00a0<\/p><p>\u00a0<\/p><p><b>Amnanda <\/b>&#8211; die tibetische Ganzk\u00f6rper\u00f6lung (Beschreibung unter Stress lass nach).<\/p>\t\t\t\t\t\t\t\t<\/div>\n\t\t\t\t<\/div>\n\t\t\t\t\t<\/div>\n\t\t<\/div>\n\t\t\t\t\t<\/div>\n\t\t<\/section>\n\t\t\t\t<section class=\"elementor-section elementor-top-section elementor-element elementor-element-f40aa92 elementor-section-boxed elementor-section-height-default elementor-section-height-default\" data-id=\"f40aa92\" data-element_type=\"section\">\n\t\t\t\t\t\t<div class=\"elementor-container elementor-column-gap-default\">\n\t\t\t\t\t<div class=\"elementor-column elementor-col-100 elementor-top-column elementor-element elementor-element-67045c8\" data-id=\"67045c8\" data-element_type=\"column\">\n\t\t\t<div class=\"elementor-widget-wrap elementor-element-populated\">\n\t\t\t\t\t\t<div class=\"elementor-element elementor-element-a0d39b6 elementor-widget elementor-widget-text-editor\" data-id=\"a0d39b6\" data-element_type=\"widget\" data-widget_type=\"text-editor.default\">\n\t\t\t\t<div class=\"elementor-widget-container\">\n\t\t\t\t\t\t\t\t\t<p><a href=\"http:\/\/www.praxis-ilsegassner.li\/?page_id=438\">zur\u00fcck zur \u00dcbersicht<\/a><\/p>\t\t\t\t\t\t\t\t<\/div>\n\t\t\t\t<\/div>\n\t\t\t\t<div class=\"elementor-element elementor-element-8103c84 elementor-widget-divider--view-line elementor-widget elementor-widget-divider\" data-id=\"8103c84\" data-element_type=\"widget\" data-widget_type=\"divider.default\">\n\t\t\t\t<div class=\"elementor-widget-container\">\n\t\t\t\t\t\t\t<div class=\"elementor-divider\">\n\t\t\t<span class=\"elementor-divider-separator\">\n\t\t\t\t\t\t<\/span>\n\t\t<\/div>\n\t\t\t\t\t\t<\/div>\n\t\t\t\t<\/div>\n\t\t\t\t\t<\/div>\n\t\t<\/div>\n\t\t\t\t\t<\/div>\n\t\t<\/section>\n\t\t\t\t<section class=\"elementor-section elementor-top-section elementor-element elementor-element-15ff29f elementor-section-boxed elementor-section-height-default elementor-section-height-default\" data-id=\"15ff29f\" data-element_type=\"section\">\n\t\t\t\t\t\t<div class=\"elementor-container elementor-column-gap-default\">\n\t\t\t\t\t<div class=\"elementor-column elementor-col-100 elementor-top-column elementor-element elementor-element-72730df\" data-id=\"72730df\" data-element_type=\"column\">\n\t\t\t<div class=\"elementor-widget-wrap elementor-element-populated\">\n\t\t\t\t\t\t<div class=\"elementor-element elementor-element-fc90d60 elementor-widget__width-initial elementor-widget elementor-widget-text-editor\" data-id=\"fc90d60\" data-element_type=\"widget\" data-widget_type=\"text-editor.default\">\n\t\t\t\t<div class=\"elementor-widget-container\">\n\t\t\t\t\t\t\t\t\t<p>Naturheilpraxis Ilse Gassner-Gst\u00f6hl<br \/>Bahnstrasse 54<br \/>9494 Schaan<\/p><p>praxis@ilsegassner.li<br \/>+423 233 29 60<\/p>\t\t\t\t\t\t\t\t<\/div>\n\t\t\t\t<\/div>\n\t\t\t\t\t<\/div>\n\t\t<\/div>\n\t\t\t\t\t<\/div>\n\t\t<\/section>\n\t\t\t\t<\/div>\n\t\t","protected":false},"excerpt":{"rendered":"<p>Ayurveda-Massage Ayurveda Massage Ayurveda versteht Krankheit als etwas, das durch die St\u00f6rung bestimmter funktionaler und struktureller Aspekte des K\u00f6rpers verursacht wird. Die Aufgabe der Behandlung ist es, das Gleichgewicht wieder herzustellen. Die Doshas sind die Prinzipien der Lebensenergie, die alle Vorg\u00e4nge im K\u00f6rper steuern. Alle physiologischen Funktionen k\u00f6nnen den drei Prinzipien Vata, Kapha und Pitta [&hellip;]<\/p>\n","protected":false},"author":1,"featured_media":0,"parent":0,"menu_order":0,"comment_status":"closed","ping_status":"closed","template":"elementor_header_footer","meta":{"footnotes":""},"class_list":["post-490","page","type-page","status-publish","hentry"],"yoast_head":"<!-- This site is optimized with the Yoast SEO plugin v27.4 - https:\/\/yoast.com\/product\/yoast-seo-wordpress\/ -->\n<title>Ayurveda Massage<\/title>\n<meta name=\"description\" content=\"Ayurveda versteht Krankheit als etwas, das durch die St\u00f6rung bestimmter funktionaler und struktureller Aspekte des K\u00f6rpers verursacht wird. Die Aufgabe der Behandlung ist es, das Gleichgewicht wieder herzustellen.\" \/>\n<meta name=\"robots\" content=\"index, follow, max-snippet:-1, max-image-preview:large, max-video-preview:-1\" \/>\n<link rel=\"canonical\" href=\"https:\/\/www.praxis-ilsegassner.li\/?page_id=490\" \/>\n<meta property=\"og:locale\" content=\"de_DE\" \/>\n<meta property=\"og:type\" content=\"article\" \/>\n<meta property=\"og:title\" content=\"Ayurveda Massage\" \/>\n<meta property=\"og:description\" content=\"Ayurveda versteht Krankheit als etwas, das durch die St\u00f6rung bestimmter funktionaler und struktureller Aspekte des K\u00f6rpers verursacht wird. Die Aufgabe der Behandlung ist es, das Gleichgewicht wieder herzustellen.\" \/>\n<meta property=\"og:url\" content=\"https:\/\/www.praxis-ilsegassner.li\/?page_id=490\" \/>\n<meta property=\"og:site_name\" content=\"Naturheilpraxis Ilse Gassner\" \/>\n<meta property=\"article:modified_time\" content=\"2021-05-13T15:13:32+00:00\" \/>\n<meta name=\"twitter:card\" content=\"summary_large_image\" \/>\n<meta name=\"twitter:label1\" content=\"Gesch\u00e4tzte Lesezeit\" \/>\n\t<meta name=\"twitter:data1\" content=\"2\u00a0Minuten\" \/>\n<script type=\"application\/ld+json\" class=\"yoast-schema-graph\">{\"@context\":\"https:\\\/\\\/schema.org\",\"@graph\":[{\"@type\":\"WebPage\",\"@id\":\"https:\\\/\\\/www.praxis-ilsegassner.li\\\/?page_id=490\",\"url\":\"https:\\\/\\\/www.praxis-ilsegassner.li\\\/?page_id=490\",\"name\":\"Ayurveda Massage\",\"isPartOf\":{\"@id\":\"https:\\\/\\\/www.praxis-ilsegassner.li\\\/#website\"},\"datePublished\":\"2021-04-16T20:34:40+00:00\",\"dateModified\":\"2021-05-13T15:13:32+00:00\",\"description\":\"Ayurveda versteht Krankheit als etwas, das durch die St\u00f6rung bestimmter funktionaler und struktureller Aspekte des K\u00f6rpers verursacht wird. Die Aufgabe der Behandlung ist es, das Gleichgewicht wieder herzustellen.\",\"breadcrumb\":{\"@id\":\"https:\\\/\\\/www.praxis-ilsegassner.li\\\/?page_id=490#breadcrumb\"},\"inLanguage\":\"de\",\"potentialAction\":[{\"@type\":\"ReadAction\",\"target\":[\"https:\\\/\\\/www.praxis-ilsegassner.li\\\/?page_id=490\"]}]},{\"@type\":\"BreadcrumbList\",\"@id\":\"https:\\\/\\\/www.praxis-ilsegassner.li\\\/?page_id=490#breadcrumb\",\"itemListElement\":[{\"@type\":\"ListItem\",\"position\":1,\"name\":\"Startseite\",\"item\":\"https:\\\/\\\/www.praxis-ilsegassner.li\\\/\"},{\"@type\":\"ListItem\",\"position\":2,\"name\":\"Ayurveda-Massage\"}]},{\"@type\":\"WebSite\",\"@id\":\"https:\\\/\\\/www.praxis-ilsegassner.li\\\/#website\",\"url\":\"https:\\\/\\\/www.praxis-ilsegassner.li\\\/\",\"name\":\"Naturheilpraxis Ilse Gassner\",\"description\":\"Gesundheit hat viele Facetten\",\"publisher\":{\"@id\":\"https:\\\/\\\/www.praxis-ilsegassner.li\\\/#organization\"},\"potentialAction\":[{\"@type\":\"SearchAction\",\"target\":{\"@type\":\"EntryPoint\",\"urlTemplate\":\"https:\\\/\\\/www.praxis-ilsegassner.li\\\/?s={search_term_string}\"},\"query-input\":{\"@type\":\"PropertyValueSpecification\",\"valueRequired\":true,\"valueName\":\"search_term_string\"}}],\"inLanguage\":\"de\"},{\"@type\":\"Organization\",\"@id\":\"https:\\\/\\\/www.praxis-ilsegassner.li\\\/#organization\",\"name\":\"Naturheilpraxis Ilse Gassner\",\"url\":\"https:\\\/\\\/www.praxis-ilsegassner.li\\\/\",\"logo\":{\"@type\":\"ImageObject\",\"inLanguage\":\"de\",\"@id\":\"https:\\\/\\\/www.praxis-ilsegassner.li\\\/#\\\/schema\\\/logo\\\/image\\\/\",\"url\":\"https:\\\/\\\/www.praxis-ilsegassner.li\\\/wp-content\\\/uploads\\\/2021\\\/04\\\/O-Praxislogo_Gassner_Gst_hl.jpg\",\"contentUrl\":\"https:\\\/\\\/www.praxis-ilsegassner.li\\\/wp-content\\\/uploads\\\/2021\\\/04\\\/O-Praxislogo_Gassner_Gst_hl.jpg\",\"width\":827,\"height\":299,\"caption\":\"Naturheilpraxis Ilse Gassner\"},\"image\":{\"@id\":\"https:\\\/\\\/www.praxis-ilsegassner.li\\\/#\\\/schema\\\/logo\\\/image\\\/\"}}]}<\/script>\n<!-- \/ Yoast SEO plugin. -->","yoast_head_json":{"title":"Ayurveda Massage","description":"Ayurveda versteht Krankheit als etwas, das durch die St\u00f6rung bestimmter funktionaler und struktureller Aspekte des K\u00f6rpers verursacht wird. Die Aufgabe der Behandlung ist es, das Gleichgewicht wieder herzustellen.","robots":{"index":"index","follow":"follow","max-snippet":"max-snippet:-1","max-image-preview":"max-image-preview:large","max-video-preview":"max-video-preview:-1"},"canonical":"https:\/\/www.praxis-ilsegassner.li\/?page_id=490","og_locale":"de_DE","og_type":"article","og_title":"Ayurveda Massage","og_description":"Ayurveda versteht Krankheit als etwas, das durch die St\u00f6rung bestimmter funktionaler und struktureller Aspekte des K\u00f6rpers verursacht wird. Die Aufgabe der Behandlung ist es, das Gleichgewicht wieder herzustellen.","og_url":"https:\/\/www.praxis-ilsegassner.li\/?page_id=490","og_site_name":"Naturheilpraxis Ilse Gassner","article_modified_time":"2021-05-13T15:13:32+00:00","twitter_card":"summary_large_image","twitter_misc":{"Gesch\u00e4tzte Lesezeit":"2\u00a0Minuten"},"schema":{"@context":"https:\/\/schema.org","@graph":[{"@type":"WebPage","@id":"https:\/\/www.praxis-ilsegassner.li\/?page_id=490","url":"https:\/\/www.praxis-ilsegassner.li\/?page_id=490","name":"Ayurveda Massage","isPartOf":{"@id":"https:\/\/www.praxis-ilsegassner.li\/#website"},"datePublished":"2021-04-16T20:34:40+00:00","dateModified":"2021-05-13T15:13:32+00:00","description":"Ayurveda versteht Krankheit als etwas, das durch die St\u00f6rung bestimmter funktionaler und struktureller Aspekte des K\u00f6rpers verursacht wird. Die Aufgabe der Behandlung ist es, das Gleichgewicht wieder herzustellen.","breadcrumb":{"@id":"https:\/\/www.praxis-ilsegassner.li\/?page_id=490#breadcrumb"},"inLanguage":"de","potentialAction":[{"@type":"ReadAction","target":["https:\/\/www.praxis-ilsegassner.li\/?page_id=490"]}]},{"@type":"BreadcrumbList","@id":"https:\/\/www.praxis-ilsegassner.li\/?page_id=490#breadcrumb","itemListElement":[{"@type":"ListItem","position":1,"name":"Startseite","item":"https:\/\/www.praxis-ilsegassner.li\/"},{"@type":"ListItem","position":2,"name":"Ayurveda-Massage"}]},{"@type":"WebSite","@id":"https:\/\/www.praxis-ilsegassner.li\/#website","url":"https:\/\/www.praxis-ilsegassner.li\/","name":"Naturheilpraxis Ilse Gassner","description":"Gesundheit hat viele Facetten","publisher":{"@id":"https:\/\/www.praxis-ilsegassner.li\/#organization"},"potentialAction":[{"@type":"SearchAction","target":{"@type":"EntryPoint","urlTemplate":"https:\/\/www.praxis-ilsegassner.li\/?s={search_term_string}"},"query-input":{"@type":"PropertyValueSpecification","valueRequired":true,"valueName":"search_term_string"}}],"inLanguage":"de"},{"@type":"Organization","@id":"https:\/\/www.praxis-ilsegassner.li\/#organization","name":"Naturheilpraxis Ilse Gassner","url":"https:\/\/www.praxis-ilsegassner.li\/","logo":{"@type":"ImageObject","inLanguage":"de","@id":"https:\/\/www.praxis-ilsegassner.li\/#\/schema\/logo\/image\/","url":"https:\/\/www.praxis-ilsegassner.li\/wp-content\/uploads\/2021\/04\/O-Praxislogo_Gassner_Gst_hl.jpg","contentUrl":"https:\/\/www.praxis-ilsegassner.li\/wp-content\/uploads\/2021\/04\/O-Praxislogo_Gassner_Gst_hl.jpg","width":827,"height":299,"caption":"Naturheilpraxis Ilse Gassner"},"image":{"@id":"https:\/\/www.praxis-ilsegassner.li\/#\/schema\/logo\/image\/"}}]}},"_links":{"self":[{"href":"https:\/\/www.praxis-ilsegassner.li\/index.php?rest_route=\/wp\/v2\/pages\/490","targetHints":{"allow":["GET"]}}],"collection":[{"href":"https:\/\/www.praxis-ilsegassner.li\/index.php?rest_route=\/wp\/v2\/pages"}],"about":[{"href":"https:\/\/www.praxis-ilsegassner.li\/index.php?rest_route=\/wp\/v2\/types\/page"}],"author":[{"embeddable":true,"href":"https:\/\/www.praxis-ilsegassner.li\/index.php?rest_route=\/wp\/v2\/users\/1"}],"replies":[{"embeddable":true,"href":"https:\/\/www.praxis-ilsegassner.li\/index.php?rest_route=%2Fwp%2Fv2%2Fcomments&post=490"}],"version-history":[{"count":19,"href":"https:\/\/www.praxis-ilsegassner.li\/index.php?rest_route=\/wp\/v2\/pages\/490\/revisions"}],"predecessor-version":[{"id":1024,"href":"https:\/\/www.praxis-ilsegassner.li\/index.php?rest_route=\/wp\/v2\/pages\/490\/revisions\/1024"}],"wp:attachment":[{"href":"https:\/\/www.praxis-ilsegassner.li\/index.php?rest_route=%2Fwp%2Fv2%2Fmedia&parent=490"}],"curies":[{"name":"wp","href":"https:\/\/api.w.org\/{rel}","templated":true}]}}