{"id":498,"date":"2021-04-16T22:36:06","date_gmt":"2021-04-16T20:36:06","guid":{"rendered":"http:\/\/www.praxis-ilsegassner.com.li\/?page_id=498"},"modified":"2021-05-13T17:14:04","modified_gmt":"2021-05-13T15:14:04","slug":"thai-yoga-massage","status":"publish","type":"page","link":"https:\/\/www.praxis-ilsegassner.li\/?page_id=498","title":{"rendered":"Thai-Yoga-Massage"},"content":{"rendered":"\t\t<div data-elementor-type=\"wp-page\" data-elementor-id=\"498\" class=\"elementor elementor-498\">\n\t\t\t\t\t\t<section class=\"elementor-section elementor-top-section elementor-element elementor-element-cf8122f elementor-section-boxed elementor-section-height-default elementor-section-height-default\" data-id=\"cf8122f\" data-element_type=\"section\">\n\t\t\t\t\t\t\t<div class=\"elementor-background-overlay\"><\/div>\n\t\t\t\t\t\t\t<div class=\"elementor-container elementor-column-gap-default\">\n\t\t\t\t\t<div class=\"elementor-column elementor-col-100 elementor-top-column elementor-element elementor-element-9728c11\" data-id=\"9728c11\" data-element_type=\"column\">\n\t\t\t<div class=\"elementor-widget-wrap elementor-element-populated\">\n\t\t\t\t\t\t<div class=\"elementor-element elementor-element-744a6d6 elementor-widget elementor-widget-text-editor\" data-id=\"744a6d6\" data-element_type=\"widget\" data-widget_type=\"text-editor.default\">\n\t\t\t\t<div class=\"elementor-widget-container\">\n\t\t\t\t\t\t\t\t\t<h3>Thai Yoga Massage<\/h3><p>\u00a0<\/p><p>Die traditionelle Thai Yoga Massage hat ihren Ursprung in Indien und fand \u00fcber buddhistische M\u00f6nche Verbreitung \u00fcber S\u00fcdostasien. In Thailand ist sie unter dem Namen \u201eNuad Phaen Boran\u201c bekannt, der \u201euralten heilenden Ber\u00fchrung\u201c. Im Gegensatz zu anderen Massagen wird ohne \u00d6l und in bekleidetem Zustand auf einer Bodenmatte gearbeitet.<\/p><p>\u00a0<\/p><p>Durch die Kombination von Atmung, Drucktechniken und Yogaelemente wird der Energiefluss im K\u00f6rper reguliert, Verspannungen k\u00f6nnen abgebaut werden, was zu besserer Beweglichkeit und einer gesteigerten Vitalit\u00e4t f\u00fchrt.<\/p><p>\u00a0<\/p><p>Bei der Thai Yoga Massage werden zehn Energielinien, die nach ayurvedischen Lehre den K\u00f6rper als energetisches Netz durchziehen bearbeitet. Gelenk f\u00fcr Gelenk, Muskel f\u00fcr Muskel bekommen wieder mehr Raum zum Atmen. Der Kreislauf wird stimuliert, und Energieblockaden werden gel\u00f6st, sodass die Lebensenergie (Qi, Prana) wieder frei fliessen kann.<\/p><p>\u00a0<\/p><p>\u00c4usserlich bewegt und innerlich zur Ruhe kommen: Eine wunderbar, wohltuende Erfahrung die die Lebenskraft aktiviert und tiefe Regeneration erm\u00f6glicht.<\/p>\t\t\t\t\t\t\t\t<\/div>\n\t\t\t\t<\/div>\n\t\t\t\t\t<\/div>\n\t\t<\/div>\n\t\t\t\t\t<\/div>\n\t\t<\/section>\n\t\t\t\t<section class=\"elementor-section elementor-top-section elementor-element elementor-element-f40aa92 elementor-section-boxed elementor-section-height-default elementor-section-height-default\" data-id=\"f40aa92\" data-element_type=\"section\">\n\t\t\t\t\t\t<div class=\"elementor-container elementor-column-gap-default\">\n\t\t\t\t\t<div class=\"elementor-column elementor-col-100 elementor-top-column elementor-element elementor-element-67045c8\" data-id=\"67045c8\" data-element_type=\"column\">\n\t\t\t<div class=\"elementor-widget-wrap elementor-element-populated\">\n\t\t\t\t\t\t<div class=\"elementor-element elementor-element-a0d39b6 elementor-widget elementor-widget-text-editor\" data-id=\"a0d39b6\" data-element_type=\"widget\" data-widget_type=\"text-editor.default\">\n\t\t\t\t<div class=\"elementor-widget-container\">\n\t\t\t\t\t\t\t\t\t<p><a href=\"http:\/\/www.praxis-ilsegassner.li\/?page_id=438\">zur\u00fcck zur \u00dcbersicht<\/a><\/p>\t\t\t\t\t\t\t\t<\/div>\n\t\t\t\t<\/div>\n\t\t\t\t<div class=\"elementor-element elementor-element-8103c84 elementor-widget-divider--view-line elementor-widget elementor-widget-divider\" data-id=\"8103c84\" data-element_type=\"widget\" data-widget_type=\"divider.default\">\n\t\t\t\t<div class=\"elementor-widget-container\">\n\t\t\t\t\t\t\t<div class=\"elementor-divider\">\n\t\t\t<span class=\"elementor-divider-separator\">\n\t\t\t\t\t\t<\/span>\n\t\t<\/div>\n\t\t\t\t\t\t<\/div>\n\t\t\t\t<\/div>\n\t\t\t\t\t<\/div>\n\t\t<\/div>\n\t\t\t\t\t<\/div>\n\t\t<\/section>\n\t\t\t\t<section class=\"elementor-section elementor-top-section elementor-element elementor-element-15ff29f elementor-section-boxed elementor-section-height-default elementor-section-height-default\" data-id=\"15ff29f\" data-element_type=\"section\">\n\t\t\t\t\t\t<div class=\"elementor-container elementor-column-gap-default\">\n\t\t\t\t\t<div class=\"elementor-column elementor-col-100 elementor-top-column elementor-element elementor-element-72730df\" data-id=\"72730df\" data-element_type=\"column\">\n\t\t\t<div class=\"elementor-widget-wrap elementor-element-populated\">\n\t\t\t\t\t\t<div class=\"elementor-element elementor-element-fc90d60 elementor-widget__width-initial elementor-widget elementor-widget-text-editor\" data-id=\"fc90d60\" data-element_type=\"widget\" data-widget_type=\"text-editor.default\">\n\t\t\t\t<div class=\"elementor-widget-container\">\n\t\t\t\t\t\t\t\t\t<p>Naturheilpraxis Ilse Gassner-Gst\u00f6hl<br \/>Bahnstrasse 54<br \/>9494 Schaan<\/p><p>praxis@ilsegassner.li<br \/>+423 233 29 60<\/p>\t\t\t\t\t\t\t\t<\/div>\n\t\t\t\t<\/div>\n\t\t\t\t\t<\/div>\n\t\t<\/div>\n\t\t\t\t\t<\/div>\n\t\t<\/section>\n\t\t\t\t<\/div>\n\t\t","protected":false},"excerpt":{"rendered":"<p>Thai Yoga Massage \u00a0 Die traditionelle Thai Yoga Massage hat ihren Ursprung in Indien und fand \u00fcber buddhistische M\u00f6nche Verbreitung \u00fcber S\u00fcdostasien. In Thailand ist sie unter dem Namen \u201eNuad Phaen Boran\u201c bekannt, der \u201euralten heilenden Ber\u00fchrung\u201c. Im Gegensatz zu anderen Massagen wird ohne \u00d6l und in bekleidetem Zustand auf einer Bodenmatte gearbeitet. \u00a0 Durch [&hellip;]<\/p>\n","protected":false},"author":1,"featured_media":0,"parent":0,"menu_order":0,"comment_status":"closed","ping_status":"closed","template":"elementor_header_footer","meta":{"footnotes":""},"class_list":["post-498","page","type-page","status-publish","hentry"],"yoast_head":"<!-- This site is optimized with the Yoast SEO plugin v27.4 - https:\/\/yoast.com\/product\/yoast-seo-wordpress\/ -->\n<title>Thai Yoga Massage<\/title>\n<meta name=\"description\" content=\"Die traditionelle Thai Yoga Massage hat ihren Ursprung in Indien und fand \u00fcber buddhistische M\u00f6nche Verbreitung \u00fcber S\u00fcdostasien. In Thailand ist sie unter dem Namen \u201eNuad Phaen Boran\u201c bekannt, der \u201euralten heilenden Ber\u00fchrung\u201c. Im Gegensatz zu anderen Massagen wird ohne \u00d6l und in bekleidetem Zustand auf einer Bodenmatte gearbeitet.\" \/>\n<meta name=\"robots\" content=\"index, follow, max-snippet:-1, max-image-preview:large, max-video-preview:-1\" \/>\n<link rel=\"canonical\" href=\"https:\/\/www.praxis-ilsegassner.li\/?page_id=498\" \/>\n<meta property=\"og:locale\" content=\"de_DE\" \/>\n<meta property=\"og:type\" content=\"article\" \/>\n<meta property=\"og:title\" content=\"Thai Yoga Massage\" \/>\n<meta property=\"og:description\" content=\"Die traditionelle Thai Yoga Massage hat ihren Ursprung in Indien und fand \u00fcber buddhistische M\u00f6nche Verbreitung \u00fcber S\u00fcdostasien. In Thailand ist sie unter dem Namen \u201eNuad Phaen Boran\u201c bekannt, der \u201euralten heilenden Ber\u00fchrung\u201c. Im Gegensatz zu anderen Massagen wird ohne \u00d6l und in bekleidetem Zustand auf einer Bodenmatte gearbeitet.\" \/>\n<meta property=\"og:url\" content=\"https:\/\/www.praxis-ilsegassner.li\/?page_id=498\" \/>\n<meta property=\"og:site_name\" content=\"Naturheilpraxis Ilse Gassner\" \/>\n<meta property=\"article:modified_time\" content=\"2021-05-13T15:14:04+00:00\" \/>\n<meta name=\"twitter:card\" content=\"summary_large_image\" \/>\n<meta name=\"twitter:label1\" content=\"Gesch\u00e4tzte Lesezeit\" \/>\n\t<meta name=\"twitter:data1\" content=\"1\u00a0Minute\" \/>\n<script type=\"application\/ld+json\" class=\"yoast-schema-graph\">{\"@context\":\"https:\\\/\\\/schema.org\",\"@graph\":[{\"@type\":\"WebPage\",\"@id\":\"https:\\\/\\\/www.praxis-ilsegassner.li\\\/?page_id=498\",\"url\":\"https:\\\/\\\/www.praxis-ilsegassner.li\\\/?page_id=498\",\"name\":\"Thai Yoga Massage\",\"isPartOf\":{\"@id\":\"https:\\\/\\\/www.praxis-ilsegassner.li\\\/#website\"},\"datePublished\":\"2021-04-16T20:36:06+00:00\",\"dateModified\":\"2021-05-13T15:14:04+00:00\",\"description\":\"Die traditionelle Thai Yoga Massage hat ihren Ursprung in Indien und fand \u00fcber buddhistische M\u00f6nche Verbreitung \u00fcber S\u00fcdostasien. In Thailand ist sie unter dem Namen \u201eNuad Phaen Boran\u201c bekannt, der \u201euralten heilenden Ber\u00fchrung\u201c. Im Gegensatz zu anderen Massagen wird ohne \u00d6l und in bekleidetem Zustand auf einer Bodenmatte gearbeitet.\",\"breadcrumb\":{\"@id\":\"https:\\\/\\\/www.praxis-ilsegassner.li\\\/?page_id=498#breadcrumb\"},\"inLanguage\":\"de\",\"potentialAction\":[{\"@type\":\"ReadAction\",\"target\":[\"https:\\\/\\\/www.praxis-ilsegassner.li\\\/?page_id=498\"]}]},{\"@type\":\"BreadcrumbList\",\"@id\":\"https:\\\/\\\/www.praxis-ilsegassner.li\\\/?page_id=498#breadcrumb\",\"itemListElement\":[{\"@type\":\"ListItem\",\"position\":1,\"name\":\"Startseite\",\"item\":\"https:\\\/\\\/www.praxis-ilsegassner.li\\\/\"},{\"@type\":\"ListItem\",\"position\":2,\"name\":\"Thai-Yoga-Massage\"}]},{\"@type\":\"WebSite\",\"@id\":\"https:\\\/\\\/www.praxis-ilsegassner.li\\\/#website\",\"url\":\"https:\\\/\\\/www.praxis-ilsegassner.li\\\/\",\"name\":\"Naturheilpraxis Ilse Gassner\",\"description\":\"Gesundheit hat viele Facetten\",\"publisher\":{\"@id\":\"https:\\\/\\\/www.praxis-ilsegassner.li\\\/#organization\"},\"potentialAction\":[{\"@type\":\"SearchAction\",\"target\":{\"@type\":\"EntryPoint\",\"urlTemplate\":\"https:\\\/\\\/www.praxis-ilsegassner.li\\\/?s={search_term_string}\"},\"query-input\":{\"@type\":\"PropertyValueSpecification\",\"valueRequired\":true,\"valueName\":\"search_term_string\"}}],\"inLanguage\":\"de\"},{\"@type\":\"Organization\",\"@id\":\"https:\\\/\\\/www.praxis-ilsegassner.li\\\/#organization\",\"name\":\"Naturheilpraxis Ilse Gassner\",\"url\":\"https:\\\/\\\/www.praxis-ilsegassner.li\\\/\",\"logo\":{\"@type\":\"ImageObject\",\"inLanguage\":\"de\",\"@id\":\"https:\\\/\\\/www.praxis-ilsegassner.li\\\/#\\\/schema\\\/logo\\\/image\\\/\",\"url\":\"https:\\\/\\\/www.praxis-ilsegassner.li\\\/wp-content\\\/uploads\\\/2021\\\/04\\\/O-Praxislogo_Gassner_Gst_hl.jpg\",\"contentUrl\":\"https:\\\/\\\/www.praxis-ilsegassner.li\\\/wp-content\\\/uploads\\\/2021\\\/04\\\/O-Praxislogo_Gassner_Gst_hl.jpg\",\"width\":827,\"height\":299,\"caption\":\"Naturheilpraxis Ilse Gassner\"},\"image\":{\"@id\":\"https:\\\/\\\/www.praxis-ilsegassner.li\\\/#\\\/schema\\\/logo\\\/image\\\/\"}}]}<\/script>\n<!-- \/ Yoast SEO plugin. -->","yoast_head_json":{"title":"Thai Yoga Massage","description":"Die traditionelle Thai Yoga Massage hat ihren Ursprung in Indien und fand \u00fcber buddhistische M\u00f6nche Verbreitung \u00fcber S\u00fcdostasien. In Thailand ist sie unter dem Namen \u201eNuad Phaen Boran\u201c bekannt, der \u201euralten heilenden Ber\u00fchrung\u201c. Im Gegensatz zu anderen Massagen wird ohne \u00d6l und in bekleidetem Zustand auf einer Bodenmatte gearbeitet.","robots":{"index":"index","follow":"follow","max-snippet":"max-snippet:-1","max-image-preview":"max-image-preview:large","max-video-preview":"max-video-preview:-1"},"canonical":"https:\/\/www.praxis-ilsegassner.li\/?page_id=498","og_locale":"de_DE","og_type":"article","og_title":"Thai Yoga Massage","og_description":"Die traditionelle Thai Yoga Massage hat ihren Ursprung in Indien und fand \u00fcber buddhistische M\u00f6nche Verbreitung \u00fcber S\u00fcdostasien. In Thailand ist sie unter dem Namen \u201eNuad Phaen Boran\u201c bekannt, der \u201euralten heilenden Ber\u00fchrung\u201c. Im Gegensatz zu anderen Massagen wird ohne \u00d6l und in bekleidetem Zustand auf einer Bodenmatte gearbeitet.","og_url":"https:\/\/www.praxis-ilsegassner.li\/?page_id=498","og_site_name":"Naturheilpraxis Ilse Gassner","article_modified_time":"2021-05-13T15:14:04+00:00","twitter_card":"summary_large_image","twitter_misc":{"Gesch\u00e4tzte Lesezeit":"1\u00a0Minute"},"schema":{"@context":"https:\/\/schema.org","@graph":[{"@type":"WebPage","@id":"https:\/\/www.praxis-ilsegassner.li\/?page_id=498","url":"https:\/\/www.praxis-ilsegassner.li\/?page_id=498","name":"Thai Yoga Massage","isPartOf":{"@id":"https:\/\/www.praxis-ilsegassner.li\/#website"},"datePublished":"2021-04-16T20:36:06+00:00","dateModified":"2021-05-13T15:14:04+00:00","description":"Die traditionelle Thai Yoga Massage hat ihren Ursprung in Indien und fand \u00fcber buddhistische M\u00f6nche Verbreitung \u00fcber S\u00fcdostasien. In Thailand ist sie unter dem Namen \u201eNuad Phaen Boran\u201c bekannt, der \u201euralten heilenden Ber\u00fchrung\u201c. Im Gegensatz zu anderen Massagen wird ohne \u00d6l und in bekleidetem Zustand auf einer Bodenmatte gearbeitet.","breadcrumb":{"@id":"https:\/\/www.praxis-ilsegassner.li\/?page_id=498#breadcrumb"},"inLanguage":"de","potentialAction":[{"@type":"ReadAction","target":["https:\/\/www.praxis-ilsegassner.li\/?page_id=498"]}]},{"@type":"BreadcrumbList","@id":"https:\/\/www.praxis-ilsegassner.li\/?page_id=498#breadcrumb","itemListElement":[{"@type":"ListItem","position":1,"name":"Startseite","item":"https:\/\/www.praxis-ilsegassner.li\/"},{"@type":"ListItem","position":2,"name":"Thai-Yoga-Massage"}]},{"@type":"WebSite","@id":"https:\/\/www.praxis-ilsegassner.li\/#website","url":"https:\/\/www.praxis-ilsegassner.li\/","name":"Naturheilpraxis Ilse Gassner","description":"Gesundheit hat viele Facetten","publisher":{"@id":"https:\/\/www.praxis-ilsegassner.li\/#organization"},"potentialAction":[{"@type":"SearchAction","target":{"@type":"EntryPoint","urlTemplate":"https:\/\/www.praxis-ilsegassner.li\/?s={search_term_string}"},"query-input":{"@type":"PropertyValueSpecification","valueRequired":true,"valueName":"search_term_string"}}],"inLanguage":"de"},{"@type":"Organization","@id":"https:\/\/www.praxis-ilsegassner.li\/#organization","name":"Naturheilpraxis Ilse Gassner","url":"https:\/\/www.praxis-ilsegassner.li\/","logo":{"@type":"ImageObject","inLanguage":"de","@id":"https:\/\/www.praxis-ilsegassner.li\/#\/schema\/logo\/image\/","url":"https:\/\/www.praxis-ilsegassner.li\/wp-content\/uploads\/2021\/04\/O-Praxislogo_Gassner_Gst_hl.jpg","contentUrl":"https:\/\/www.praxis-ilsegassner.li\/wp-content\/uploads\/2021\/04\/O-Praxislogo_Gassner_Gst_hl.jpg","width":827,"height":299,"caption":"Naturheilpraxis Ilse Gassner"},"image":{"@id":"https:\/\/www.praxis-ilsegassner.li\/#\/schema\/logo\/image\/"}}]}},"_links":{"self":[{"href":"https:\/\/www.praxis-ilsegassner.li\/index.php?rest_route=\/wp\/v2\/pages\/498","targetHints":{"allow":["GET"]}}],"collection":[{"href":"https:\/\/www.praxis-ilsegassner.li\/index.php?rest_route=\/wp\/v2\/pages"}],"about":[{"href":"https:\/\/www.praxis-ilsegassner.li\/index.php?rest_route=\/wp\/v2\/types\/page"}],"author":[{"embeddable":true,"href":"https:\/\/www.praxis-ilsegassner.li\/index.php?rest_route=\/wp\/v2\/users\/1"}],"replies":[{"embeddable":true,"href":"https:\/\/www.praxis-ilsegassner.li\/index.php?rest_route=%2Fwp%2Fv2%2Fcomments&post=498"}],"version-history":[{"count":10,"href":"https:\/\/www.praxis-ilsegassner.li\/index.php?rest_route=\/wp\/v2\/pages\/498\/revisions"}],"predecessor-version":[{"id":1027,"href":"https:\/\/www.praxis-ilsegassner.li\/index.php?rest_route=\/wp\/v2\/pages\/498\/revisions\/1027"}],"wp:attachment":[{"href":"https:\/\/www.praxis-ilsegassner.li\/index.php?rest_route=%2Fwp%2Fv2%2Fmedia&parent=498"}],"curies":[{"name":"wp","href":"https:\/\/api.w.org\/{rel}","templated":true}]}}