{"id":536,"date":"2021-04-17T01:46:50","date_gmt":"2021-04-16T23:46:50","guid":{"rendered":"http:\/\/www.praxis-ilsegassner.com.li\/?page_id=536"},"modified":"2021-05-13T16:47:24","modified_gmt":"2021-05-13T14:47:24","slug":"praxisbeschreibung","status":"publish","type":"page","link":"https:\/\/www.praxis-ilsegassner.li\/?page_id=536","title":{"rendered":"Praxisbeschreibung"},"content":{"rendered":"\t\t<div data-elementor-type=\"wp-page\" data-elementor-id=\"536\" class=\"elementor elementor-536\">\n\t\t\t\t\t\t<section class=\"elementor-section elementor-top-section elementor-element elementor-element-cf8122f elementor-section-boxed elementor-section-height-default elementor-section-height-default\" data-id=\"cf8122f\" data-element_type=\"section\">\n\t\t\t\t\t\t\t<div class=\"elementor-background-overlay\"><\/div>\n\t\t\t\t\t\t\t<div class=\"elementor-container elementor-column-gap-default\">\n\t\t\t\t\t<div class=\"elementor-column elementor-col-100 elementor-top-column elementor-element elementor-element-9728c11\" data-id=\"9728c11\" data-element_type=\"column\">\n\t\t\t<div class=\"elementor-widget-wrap elementor-element-populated\">\n\t\t\t\t\t\t<div class=\"elementor-element elementor-element-744a6d6 elementor-widget elementor-widget-text-editor\" data-id=\"744a6d6\" data-element_type=\"widget\" data-widget_type=\"text-editor.default\">\n\t\t\t\t<div class=\"elementor-widget-container\">\n\t\t\t\t\t\t\t\t\t<h3>Praxisbeschreibung<\/h3><p>Die ganze Praxis ist ca. 200 m2 gross und beinhaltet nebst Empfang, Warteraum, Labor und f\u00fcnf Behandlungsr\u00e4umen auch einen Seminarraum mit 50 m2, in dem wir vorwiegend hauseigene Seminare durchf\u00fchren (verlangen Sie unser Seminarprogramm).<\/p><p>\u00a0<\/p><p>Mitglied bei NVS Natur\u00e4rzte Vereinigung Schweiz, Alternativmedizin Liechtenstein. Unsere Leistungen werden von Krankenkassen (mit Zusatzversicherung f\u00fcr Alternativmedizin) gr\u00f6sstenteils zur\u00fcckerstattet.<\/p><h3>\u00a0<\/h3><h3>So finden Sie uns<\/h3><p>Unsere Naturheilpraxis liegt in der Bahnstrasse, nur 400 m vom Zentrum, dem Bahnhof und der Post Schaan entfernt.<br \/>Die Lage ist sehr ruhig und doch leicht und einfach zu erreichen.<\/p><p>\u00a0<\/p><p>Die R\u00e4umlichkeiten unserer Naturheilpraxis sind im ersten Stock einer alten, kleinen, ehemaligen Stickerei untergebracht. Durch die alte Substanz hat die Praxis ein eigenes Ambiente erhalten. Alle R\u00e4ume sind hell und grossz\u00fcgig.<\/p>\t\t\t\t\t\t\t\t<\/div>\n\t\t\t\t<\/div>\n\t\t\t\t<div class=\"elementor-element elementor-element-49b4756 elementor-widget elementor-widget-google_maps\" data-id=\"49b4756\" data-element_type=\"widget\" data-widget_type=\"google_maps.default\">\n\t\t\t\t<div class=\"elementor-widget-container\">\n\t\t\t\t\t\t\t<div class=\"elementor-custom-embed\">\n\t\t\t<iframe loading=\"lazy\"\n\t\t\t\t\tsrc=\"https:\/\/maps.google.com\/maps?q=Praxis%20Ilse%20Gassner-Gst%C3%B6hl%2C%20Bahnstrasse%2054%2C%20Schaan&#038;t=m&#038;z=14&#038;output=embed&#038;iwloc=near\"\n\t\t\t\t\ttitle=\"Praxis Ilse Gassner-Gst\u00f6hl, Bahnstrasse 54, Schaan\"\n\t\t\t\t\taria-label=\"Praxis Ilse Gassner-Gst\u00f6hl, Bahnstrasse 54, Schaan\"\n\t\t\t><\/iframe>\n\t\t<\/div>\n\t\t\t\t\t\t<\/div>\n\t\t\t\t<\/div>\n\t\t\t\t\t<\/div>\n\t\t<\/div>\n\t\t\t\t\t<\/div>\n\t\t<\/section>\n\t\t\t\t<section class=\"elementor-section elementor-top-section elementor-element elementor-element-f40aa92 elementor-section-boxed elementor-section-height-default elementor-section-height-default\" data-id=\"f40aa92\" data-element_type=\"section\">\n\t\t\t\t\t\t<div class=\"elementor-container elementor-column-gap-default\">\n\t\t\t\t\t<div class=\"elementor-column elementor-col-100 elementor-top-column elementor-element elementor-element-67045c8\" data-id=\"67045c8\" data-element_type=\"column\">\n\t\t\t<div class=\"elementor-widget-wrap elementor-element-populated\">\n\t\t\t\t\t\t<div class=\"elementor-element elementor-element-a0d39b6 elementor-widget elementor-widget-text-editor\" data-id=\"a0d39b6\" data-element_type=\"widget\" data-widget_type=\"text-editor.default\">\n\t\t\t\t<div class=\"elementor-widget-container\">\n\t\t\t\t\t\t\t\t\t<p><a href=\"http:\/\/www.praxis-ilsegassner.li\/?page_id=521\">zur\u00fcck zur \u00dcbersicht<\/a><\/p>\t\t\t\t\t\t\t\t<\/div>\n\t\t\t\t<\/div>\n\t\t\t\t<div class=\"elementor-element elementor-element-8103c84 elementor-widget-divider--view-line elementor-widget elementor-widget-divider\" data-id=\"8103c84\" data-element_type=\"widget\" data-widget_type=\"divider.default\">\n\t\t\t\t<div class=\"elementor-widget-container\">\n\t\t\t\t\t\t\t<div class=\"elementor-divider\">\n\t\t\t<span class=\"elementor-divider-separator\">\n\t\t\t\t\t\t<\/span>\n\t\t<\/div>\n\t\t\t\t\t\t<\/div>\n\t\t\t\t<\/div>\n\t\t\t\t\t<\/div>\n\t\t<\/div>\n\t\t\t\t\t<\/div>\n\t\t<\/section>\n\t\t\t\t<section class=\"elementor-section elementor-top-section elementor-element elementor-element-15ff29f elementor-section-boxed elementor-section-height-default elementor-section-height-default\" data-id=\"15ff29f\" data-element_type=\"section\">\n\t\t\t\t\t\t<div class=\"elementor-container elementor-column-gap-default\">\n\t\t\t\t\t<div class=\"elementor-column elementor-col-100 elementor-top-column elementor-element elementor-element-72730df\" data-id=\"72730df\" data-element_type=\"column\">\n\t\t\t<div class=\"elementor-widget-wrap elementor-element-populated\">\n\t\t\t\t\t\t<div class=\"elementor-element elementor-element-fc90d60 elementor-widget__width-initial elementor-widget elementor-widget-text-editor\" data-id=\"fc90d60\" data-element_type=\"widget\" data-widget_type=\"text-editor.default\">\n\t\t\t\t<div class=\"elementor-widget-container\">\n\t\t\t\t\t\t\t\t\t<p>Naturheilpraxis Ilse Gassner-Gst\u00f6hl<br \/>Bahnstrasse 54<br \/>9494 Schaan<\/p><p>praxis@ilsegassner.li<br \/>+423 233 29 60<\/p>\t\t\t\t\t\t\t\t<\/div>\n\t\t\t\t<\/div>\n\t\t\t\t\t<\/div>\n\t\t<\/div>\n\t\t\t\t\t<\/div>\n\t\t<\/section>\n\t\t\t\t<\/div>\n\t\t","protected":false},"excerpt":{"rendered":"<p>Praxisbeschreibung Die ganze Praxis ist ca. 200 m2 gross und beinhaltet nebst Empfang, Warteraum, Labor und f\u00fcnf Behandlungsr\u00e4umen auch einen Seminarraum mit 50 m2, in dem wir vorwiegend hauseigene Seminare durchf\u00fchren (verlangen Sie unser Seminarprogramm). \u00a0 Mitglied bei NVS Natur\u00e4rzte Vereinigung Schweiz, Alternativmedizin Liechtenstein. Unsere Leistungen werden von Krankenkassen (mit Zusatzversicherung f\u00fcr Alternativmedizin) gr\u00f6sstenteils zur\u00fcckerstattet. [&hellip;]<\/p>\n","protected":false},"author":1,"featured_media":0,"parent":0,"menu_order":0,"comment_status":"closed","ping_status":"closed","template":"elementor_header_footer","meta":{"footnotes":""},"class_list":["post-536","page","type-page","status-publish","hentry"],"yoast_head":"<!-- This site is optimized with the Yoast SEO plugin v27.4 - https:\/\/yoast.com\/product\/yoast-seo-wordpress\/ -->\n<title>Praxisbeschreibung<\/title>\n<meta name=\"description\" content=\"Die ganze Praxis ist ca. 200 m2 gross und beinhaltet nebst Empfang, Warteraum, Labor und f\u00fcnf Behandlungsr\u00e4umen auch einen Seminarraum mit 50 m2, in dem wir vorwiegend hauseigene Seminare durchf\u00fchren (verlangen Sie unser Seminarprogramm).\" \/>\n<meta name=\"robots\" content=\"index, follow, max-snippet:-1, max-image-preview:large, max-video-preview:-1\" \/>\n<link rel=\"canonical\" href=\"https:\/\/www.praxis-ilsegassner.li\/?page_id=536\" \/>\n<meta property=\"og:locale\" content=\"de_DE\" \/>\n<meta property=\"og:type\" content=\"article\" \/>\n<meta property=\"og:title\" content=\"Praxisbeschreibung\" \/>\n<meta property=\"og:description\" content=\"Die ganze Praxis ist ca. 200 m2 gross und beinhaltet nebst Empfang, Warteraum, Labor und f\u00fcnf Behandlungsr\u00e4umen auch einen Seminarraum mit 50 m2, in dem wir vorwiegend hauseigene Seminare durchf\u00fchren (verlangen Sie unser Seminarprogramm).\" \/>\n<meta property=\"og:url\" content=\"https:\/\/www.praxis-ilsegassner.li\/?page_id=536\" \/>\n<meta property=\"og:site_name\" content=\"Naturheilpraxis Ilse Gassner\" \/>\n<meta property=\"article:modified_time\" content=\"2021-05-13T14:47:24+00:00\" \/>\n<meta name=\"twitter:card\" content=\"summary_large_image\" \/>\n<meta name=\"twitter:label1\" content=\"Gesch\u00e4tzte Lesezeit\" \/>\n\t<meta name=\"twitter:data1\" content=\"1\u00a0Minute\" \/>\n<script type=\"application\/ld+json\" class=\"yoast-schema-graph\">{\"@context\":\"https:\\\/\\\/schema.org\",\"@graph\":[{\"@type\":\"WebPage\",\"@id\":\"https:\\\/\\\/www.praxis-ilsegassner.li\\\/?page_id=536\",\"url\":\"https:\\\/\\\/www.praxis-ilsegassner.li\\\/?page_id=536\",\"name\":\"Praxisbeschreibung\",\"isPartOf\":{\"@id\":\"https:\\\/\\\/www.praxis-ilsegassner.li\\\/#website\"},\"datePublished\":\"2021-04-16T23:46:50+00:00\",\"dateModified\":\"2021-05-13T14:47:24+00:00\",\"description\":\"Die ganze Praxis ist ca. 200 m2 gross und beinhaltet nebst Empfang, Warteraum, Labor und f\u00fcnf Behandlungsr\u00e4umen auch einen Seminarraum mit 50 m2, in dem wir vorwiegend hauseigene Seminare durchf\u00fchren (verlangen Sie unser Seminarprogramm).\",\"breadcrumb\":{\"@id\":\"https:\\\/\\\/www.praxis-ilsegassner.li\\\/?page_id=536#breadcrumb\"},\"inLanguage\":\"de\",\"potentialAction\":[{\"@type\":\"ReadAction\",\"target\":[\"https:\\\/\\\/www.praxis-ilsegassner.li\\\/?page_id=536\"]}]},{\"@type\":\"BreadcrumbList\",\"@id\":\"https:\\\/\\\/www.praxis-ilsegassner.li\\\/?page_id=536#breadcrumb\",\"itemListElement\":[{\"@type\":\"ListItem\",\"position\":1,\"name\":\"Startseite\",\"item\":\"https:\\\/\\\/www.praxis-ilsegassner.li\\\/\"},{\"@type\":\"ListItem\",\"position\":2,\"name\":\"Praxisbeschreibung\"}]},{\"@type\":\"WebSite\",\"@id\":\"https:\\\/\\\/www.praxis-ilsegassner.li\\\/#website\",\"url\":\"https:\\\/\\\/www.praxis-ilsegassner.li\\\/\",\"name\":\"Naturheilpraxis Ilse Gassner\",\"description\":\"Gesundheit hat viele Facetten\",\"publisher\":{\"@id\":\"https:\\\/\\\/www.praxis-ilsegassner.li\\\/#organization\"},\"potentialAction\":[{\"@type\":\"SearchAction\",\"target\":{\"@type\":\"EntryPoint\",\"urlTemplate\":\"https:\\\/\\\/www.praxis-ilsegassner.li\\\/?s={search_term_string}\"},\"query-input\":{\"@type\":\"PropertyValueSpecification\",\"valueRequired\":true,\"valueName\":\"search_term_string\"}}],\"inLanguage\":\"de\"},{\"@type\":\"Organization\",\"@id\":\"https:\\\/\\\/www.praxis-ilsegassner.li\\\/#organization\",\"name\":\"Naturheilpraxis Ilse Gassner\",\"url\":\"https:\\\/\\\/www.praxis-ilsegassner.li\\\/\",\"logo\":{\"@type\":\"ImageObject\",\"inLanguage\":\"de\",\"@id\":\"https:\\\/\\\/www.praxis-ilsegassner.li\\\/#\\\/schema\\\/logo\\\/image\\\/\",\"url\":\"https:\\\/\\\/www.praxis-ilsegassner.li\\\/wp-content\\\/uploads\\\/2021\\\/04\\\/O-Praxislogo_Gassner_Gst_hl.jpg\",\"contentUrl\":\"https:\\\/\\\/www.praxis-ilsegassner.li\\\/wp-content\\\/uploads\\\/2021\\\/04\\\/O-Praxislogo_Gassner_Gst_hl.jpg\",\"width\":827,\"height\":299,\"caption\":\"Naturheilpraxis Ilse Gassner\"},\"image\":{\"@id\":\"https:\\\/\\\/www.praxis-ilsegassner.li\\\/#\\\/schema\\\/logo\\\/image\\\/\"}}]}<\/script>\n<!-- \/ Yoast SEO plugin. -->","yoast_head_json":{"title":"Praxisbeschreibung","description":"Die ganze Praxis ist ca. 200 m2 gross und beinhaltet nebst Empfang, Warteraum, Labor und f\u00fcnf Behandlungsr\u00e4umen auch einen Seminarraum mit 50 m2, in dem wir vorwiegend hauseigene Seminare durchf\u00fchren (verlangen Sie unser Seminarprogramm).","robots":{"index":"index","follow":"follow","max-snippet":"max-snippet:-1","max-image-preview":"max-image-preview:large","max-video-preview":"max-video-preview:-1"},"canonical":"https:\/\/www.praxis-ilsegassner.li\/?page_id=536","og_locale":"de_DE","og_type":"article","og_title":"Praxisbeschreibung","og_description":"Die ganze Praxis ist ca. 200 m2 gross und beinhaltet nebst Empfang, Warteraum, Labor und f\u00fcnf Behandlungsr\u00e4umen auch einen Seminarraum mit 50 m2, in dem wir vorwiegend hauseigene Seminare durchf\u00fchren (verlangen Sie unser Seminarprogramm).","og_url":"https:\/\/www.praxis-ilsegassner.li\/?page_id=536","og_site_name":"Naturheilpraxis Ilse Gassner","article_modified_time":"2021-05-13T14:47:24+00:00","twitter_card":"summary_large_image","twitter_misc":{"Gesch\u00e4tzte Lesezeit":"1\u00a0Minute"},"schema":{"@context":"https:\/\/schema.org","@graph":[{"@type":"WebPage","@id":"https:\/\/www.praxis-ilsegassner.li\/?page_id=536","url":"https:\/\/www.praxis-ilsegassner.li\/?page_id=536","name":"Praxisbeschreibung","isPartOf":{"@id":"https:\/\/www.praxis-ilsegassner.li\/#website"},"datePublished":"2021-04-16T23:46:50+00:00","dateModified":"2021-05-13T14:47:24+00:00","description":"Die ganze Praxis ist ca. 200 m2 gross und beinhaltet nebst Empfang, Warteraum, Labor und f\u00fcnf Behandlungsr\u00e4umen auch einen Seminarraum mit 50 m2, in dem wir vorwiegend hauseigene Seminare durchf\u00fchren (verlangen Sie unser Seminarprogramm).","breadcrumb":{"@id":"https:\/\/www.praxis-ilsegassner.li\/?page_id=536#breadcrumb"},"inLanguage":"de","potentialAction":[{"@type":"ReadAction","target":["https:\/\/www.praxis-ilsegassner.li\/?page_id=536"]}]},{"@type":"BreadcrumbList","@id":"https:\/\/www.praxis-ilsegassner.li\/?page_id=536#breadcrumb","itemListElement":[{"@type":"ListItem","position":1,"name":"Startseite","item":"https:\/\/www.praxis-ilsegassner.li\/"},{"@type":"ListItem","position":2,"name":"Praxisbeschreibung"}]},{"@type":"WebSite","@id":"https:\/\/www.praxis-ilsegassner.li\/#website","url":"https:\/\/www.praxis-ilsegassner.li\/","name":"Naturheilpraxis Ilse Gassner","description":"Gesundheit hat viele Facetten","publisher":{"@id":"https:\/\/www.praxis-ilsegassner.li\/#organization"},"potentialAction":[{"@type":"SearchAction","target":{"@type":"EntryPoint","urlTemplate":"https:\/\/www.praxis-ilsegassner.li\/?s={search_term_string}"},"query-input":{"@type":"PropertyValueSpecification","valueRequired":true,"valueName":"search_term_string"}}],"inLanguage":"de"},{"@type":"Organization","@id":"https:\/\/www.praxis-ilsegassner.li\/#organization","name":"Naturheilpraxis Ilse Gassner","url":"https:\/\/www.praxis-ilsegassner.li\/","logo":{"@type":"ImageObject","inLanguage":"de","@id":"https:\/\/www.praxis-ilsegassner.li\/#\/schema\/logo\/image\/","url":"https:\/\/www.praxis-ilsegassner.li\/wp-content\/uploads\/2021\/04\/O-Praxislogo_Gassner_Gst_hl.jpg","contentUrl":"https:\/\/www.praxis-ilsegassner.li\/wp-content\/uploads\/2021\/04\/O-Praxislogo_Gassner_Gst_hl.jpg","width":827,"height":299,"caption":"Naturheilpraxis Ilse Gassner"},"image":{"@id":"https:\/\/www.praxis-ilsegassner.li\/#\/schema\/logo\/image\/"}}]}},"_links":{"self":[{"href":"https:\/\/www.praxis-ilsegassner.li\/index.php?rest_route=\/wp\/v2\/pages\/536","targetHints":{"allow":["GET"]}}],"collection":[{"href":"https:\/\/www.praxis-ilsegassner.li\/index.php?rest_route=\/wp\/v2\/pages"}],"about":[{"href":"https:\/\/www.praxis-ilsegassner.li\/index.php?rest_route=\/wp\/v2\/types\/page"}],"author":[{"embeddable":true,"href":"https:\/\/www.praxis-ilsegassner.li\/index.php?rest_route=\/wp\/v2\/users\/1"}],"replies":[{"embeddable":true,"href":"https:\/\/www.praxis-ilsegassner.li\/index.php?rest_route=%2Fwp%2Fv2%2Fcomments&post=536"}],"version-history":[{"count":16,"href":"https:\/\/www.praxis-ilsegassner.li\/index.php?rest_route=\/wp\/v2\/pages\/536\/revisions"}],"predecessor-version":[{"id":979,"href":"https:\/\/www.praxis-ilsegassner.li\/index.php?rest_route=\/wp\/v2\/pages\/536\/revisions\/979"}],"wp:attachment":[{"href":"https:\/\/www.praxis-ilsegassner.li\/index.php?rest_route=%2Fwp%2Fv2%2Fmedia&parent=536"}],"curies":[{"name":"wp","href":"https:\/\/api.w.org\/{rel}","templated":true}]}}