{"id":637,"date":"2021-04-19T02:01:16","date_gmt":"2021-04-19T00:01:16","guid":{"rendered":"http:\/\/www.praxis-ilsegassner.com.li\/?page_id=637"},"modified":"2021-05-13T16:39:08","modified_gmt":"2021-05-13T14:39:08","slug":"kinesiologie","status":"publish","type":"page","link":"https:\/\/www.praxis-ilsegassner.li\/?page_id=637","title":{"rendered":"Kinesiologie"},"content":{"rendered":"\t\t<div data-elementor-type=\"wp-page\" data-elementor-id=\"637\" class=\"elementor elementor-637\">\n\t\t\t\t\t\t<section class=\"elementor-section elementor-top-section elementor-element elementor-element-cf8122f elementor-section-boxed elementor-section-height-default elementor-section-height-default\" data-id=\"cf8122f\" data-element_type=\"section\">\n\t\t\t\t\t\t\t<div class=\"elementor-background-overlay\"><\/div>\n\t\t\t\t\t\t\t<div class=\"elementor-container elementor-column-gap-default\">\n\t\t\t\t\t<div class=\"elementor-column elementor-col-100 elementor-top-column elementor-element elementor-element-9728c11\" data-id=\"9728c11\" data-element_type=\"column\">\n\t\t\t<div class=\"elementor-widget-wrap elementor-element-populated\">\n\t\t\t\t\t\t<div class=\"elementor-element elementor-element-744a6d6 elementor-widget elementor-widget-text-editor\" data-id=\"744a6d6\" data-element_type=\"widget\" data-widget_type=\"text-editor.default\">\n\t\t\t\t<div class=\"elementor-widget-container\">\n\t\t\t\t\t\t\t\t\t<h3>Kinesiologie<\/h3><p>\u00a0<\/p><p>Nicht der Arzt heilt die Krankheit, sondern der K\u00f6rper heilt die Krankheit (Hippokrates).<\/p><p>\u00a0<\/p><p>Die Kinesiologie ist eine k\u00f6rpereigene Feedback-Methode, bei der der K\u00f6rper durch einen Muskeltest r\u00fcckmeldet, was ihm gut tut oder nicht. Da alle vom Menschen gemachten Erfahrungen im Nervensystem und im Zellged\u00e4chtnis abgespeichert sind, sind die Antworten auf Fragen, was der Mensch braucht, um wieder ins Gleichgewicht zu kommen, in ihm selber.<\/p><p>\u00a0<\/p><p>Beim sogenannten \u201eMuskeltest\u201c h\u00e4lt der Patient z.B. seinen Arm in einer bestimmten Position, mit der Aufgabe, den Arm gegen den Druck des Therapeuten stabil zu halten, w\u00e4hrend der Therapeut ganz leicht dagegen dr\u00fcckt. Dieser Widerstand, der jetzt f\u00fcr den Testenden sp\u00fcrbar wird, ist die normale Muskelspannung des getesteten Menschen. Bekommt der Mensch Stress, indem ihm z.B. eine f\u00fcr ihn sch\u00e4dliche Substanz auf den K\u00f6rper gelegt wird, ver\u00e4ndert sich der Muskelwiderstand, die Spannung kann nicht mehr gehalten werden. Dieser Stress wird aber nicht nur durch Substanzen ausgel\u00f6st, auch ein Gedanke oder eine Vorstellung kann bewirken, dass durch den erzeugten Stress unser Muskel nachgibt, weil er die Spannung nicht mehr halten kann. Andererseits bewirkt eine Substanz, die dem Menschen guttut (eine Pflanze, ein hom\u00f6opathisches Mittel etc.), einen stabilen Muskelwiderstand als Zeichen, dass es den Menschen st\u00e4rkt.<\/p><p>\u00a0<\/p><p>Damit kann ausgetestet werden, ob eine bestimmte Substanz f\u00fcr den Betroffenen gut ist oder Stress verursacht. Dies kann vor allem zum Austesten von Lebensmittelunvertr\u00e4glichkeiten, K\u00f6rperpflegeprodukten, Allergien, Heuschnupfen etc., eingesetzt werden. Aber auch mentale Stressfaktoren, Pr\u00fcfungsangst oder Belastungen verschiedensten Ursprungs k\u00f6nnen ausgetestet und dementsprechend behandelt werden.<\/p>\t\t\t\t\t\t\t\t<\/div>\n\t\t\t\t<\/div>\n\t\t\t\t\t<\/div>\n\t\t<\/div>\n\t\t\t\t\t<\/div>\n\t\t<\/section>\n\t\t\t\t<section class=\"elementor-section elementor-top-section elementor-element elementor-element-f40aa92 elementor-section-boxed elementor-section-height-default elementor-section-height-default\" data-id=\"f40aa92\" data-element_type=\"section\">\n\t\t\t\t\t\t<div class=\"elementor-container elementor-column-gap-default\">\n\t\t\t\t\t<div class=\"elementor-column elementor-col-100 elementor-top-column elementor-element elementor-element-67045c8\" data-id=\"67045c8\" data-element_type=\"column\">\n\t\t\t<div class=\"elementor-widget-wrap elementor-element-populated\">\n\t\t\t\t\t\t<div class=\"elementor-element elementor-element-a0d39b6 elementor-widget elementor-widget-text-editor\" data-id=\"a0d39b6\" data-element_type=\"widget\" data-widget_type=\"text-editor.default\">\n\t\t\t\t<div class=\"elementor-widget-container\">\n\t\t\t\t\t\t\t\t\t<p><a href=\"http:\/\/www.praxis-ilsegassner.li\/?page_id=134\">zur\u00fcck zur \u00dcbersicht<\/a><\/p>\t\t\t\t\t\t\t\t<\/div>\n\t\t\t\t<\/div>\n\t\t\t\t<div class=\"elementor-element elementor-element-8103c84 elementor-widget-divider--view-line elementor-widget elementor-widget-divider\" data-id=\"8103c84\" data-element_type=\"widget\" data-widget_type=\"divider.default\">\n\t\t\t\t<div class=\"elementor-widget-container\">\n\t\t\t\t\t\t\t<div class=\"elementor-divider\">\n\t\t\t<span class=\"elementor-divider-separator\">\n\t\t\t\t\t\t<\/span>\n\t\t<\/div>\n\t\t\t\t\t\t<\/div>\n\t\t\t\t<\/div>\n\t\t\t\t\t<\/div>\n\t\t<\/div>\n\t\t\t\t\t<\/div>\n\t\t<\/section>\n\t\t\t\t<section class=\"elementor-section elementor-top-section elementor-element elementor-element-15ff29f elementor-section-boxed elementor-section-height-default elementor-section-height-default\" data-id=\"15ff29f\" data-element_type=\"section\">\n\t\t\t\t\t\t<div class=\"elementor-container elementor-column-gap-default\">\n\t\t\t\t\t<div class=\"elementor-column elementor-col-100 elementor-top-column elementor-element elementor-element-72730df\" data-id=\"72730df\" data-element_type=\"column\">\n\t\t\t<div class=\"elementor-widget-wrap elementor-element-populated\">\n\t\t\t\t\t\t<div class=\"elementor-element elementor-element-fc90d60 elementor-widget__width-initial elementor-widget elementor-widget-text-editor\" data-id=\"fc90d60\" data-element_type=\"widget\" data-widget_type=\"text-editor.default\">\n\t\t\t\t<div class=\"elementor-widget-container\">\n\t\t\t\t\t\t\t\t\t<p>Naturheilpraxis Ilse Gassner-Gst\u00f6hl<br \/>Bahnstrasse 54<br \/>9494 Schaan<\/p><p>praxis@ilsegassner.li<br \/>+423 233 29 60<\/p>\t\t\t\t\t\t\t\t<\/div>\n\t\t\t\t<\/div>\n\t\t\t\t\t<\/div>\n\t\t<\/div>\n\t\t\t\t\t<\/div>\n\t\t<\/section>\n\t\t\t\t<\/div>\n\t\t","protected":false},"excerpt":{"rendered":"<p>Kinesiologie \u00a0 Nicht der Arzt heilt die Krankheit, sondern der K\u00f6rper heilt die Krankheit (Hippokrates). \u00a0 Die Kinesiologie ist eine k\u00f6rpereigene Feedback-Methode, bei der der K\u00f6rper durch einen Muskeltest r\u00fcckmeldet, was ihm gut tut oder nicht. Da alle vom Menschen gemachten Erfahrungen im Nervensystem und im Zellged\u00e4chtnis abgespeichert sind, sind die Antworten auf Fragen, was [&hellip;]<\/p>\n","protected":false},"author":1,"featured_media":0,"parent":0,"menu_order":0,"comment_status":"closed","ping_status":"closed","template":"elementor_header_footer","meta":{"footnotes":""},"class_list":["post-637","page","type-page","status-publish","hentry"],"yoast_head":"<!-- This site is optimized with the Yoast SEO plugin v27.4 - https:\/\/yoast.com\/product\/yoast-seo-wordpress\/ -->\n<title>Kinesiologie<\/title>\n<meta name=\"description\" content=\"Die Kinesiologie ist eine k\u00f6rpereigene Feedback-Methode, bei der der K\u00f6rper durch einen Muskeltest r\u00fcckmeldet, was ihm gut tut oder nicht. Da alle vom Menschen gemachten Erfahrungen im Nervensystem und im Zellged\u00e4chtnis abgespeichert sind, sind die Antworten auf Fragen, was der Mensch braucht, um wieder ins Gleichgewicht zu kommen, in ihm selber.\" \/>\n<meta name=\"robots\" content=\"index, follow, max-snippet:-1, max-image-preview:large, max-video-preview:-1\" \/>\n<link rel=\"canonical\" href=\"https:\/\/www.praxis-ilsegassner.li\/?page_id=637\" \/>\n<meta property=\"og:locale\" content=\"de_DE\" \/>\n<meta property=\"og:type\" content=\"article\" \/>\n<meta property=\"og:title\" content=\"Kinesiologie\" \/>\n<meta property=\"og:description\" content=\"Die Kinesiologie ist eine k\u00f6rpereigene Feedback-Methode, bei der der K\u00f6rper durch einen Muskeltest r\u00fcckmeldet, was ihm gut tut oder nicht. Da alle vom Menschen gemachten Erfahrungen im Nervensystem und im Zellged\u00e4chtnis abgespeichert sind, sind die Antworten auf Fragen, was der Mensch braucht, um wieder ins Gleichgewicht zu kommen, in ihm selber.\" \/>\n<meta property=\"og:url\" content=\"https:\/\/www.praxis-ilsegassner.li\/?page_id=637\" \/>\n<meta property=\"og:site_name\" content=\"Naturheilpraxis Ilse Gassner\" \/>\n<meta property=\"article:modified_time\" content=\"2021-05-13T14:39:08+00:00\" \/>\n<meta name=\"twitter:card\" content=\"summary_large_image\" \/>\n<meta name=\"twitter:label1\" content=\"Gesch\u00e4tzte Lesezeit\" \/>\n\t<meta name=\"twitter:data1\" content=\"2\u00a0Minuten\" \/>\n<script type=\"application\/ld+json\" class=\"yoast-schema-graph\">{\"@context\":\"https:\\\/\\\/schema.org\",\"@graph\":[{\"@type\":\"WebPage\",\"@id\":\"https:\\\/\\\/www.praxis-ilsegassner.li\\\/?page_id=637\",\"url\":\"https:\\\/\\\/www.praxis-ilsegassner.li\\\/?page_id=637\",\"name\":\"Kinesiologie\",\"isPartOf\":{\"@id\":\"https:\\\/\\\/www.praxis-ilsegassner.li\\\/#website\"},\"datePublished\":\"2021-04-19T00:01:16+00:00\",\"dateModified\":\"2021-05-13T14:39:08+00:00\",\"description\":\"Die Kinesiologie ist eine k\u00f6rpereigene Feedback-Methode, bei der der K\u00f6rper durch einen Muskeltest r\u00fcckmeldet, was ihm gut tut oder nicht. Da alle vom Menschen gemachten Erfahrungen im Nervensystem und im Zellged\u00e4chtnis abgespeichert sind, sind die Antworten auf Fragen, was der Mensch braucht, um wieder ins Gleichgewicht zu kommen, in ihm selber.\",\"breadcrumb\":{\"@id\":\"https:\\\/\\\/www.praxis-ilsegassner.li\\\/?page_id=637#breadcrumb\"},\"inLanguage\":\"de\",\"potentialAction\":[{\"@type\":\"ReadAction\",\"target\":[\"https:\\\/\\\/www.praxis-ilsegassner.li\\\/?page_id=637\"]}]},{\"@type\":\"BreadcrumbList\",\"@id\":\"https:\\\/\\\/www.praxis-ilsegassner.li\\\/?page_id=637#breadcrumb\",\"itemListElement\":[{\"@type\":\"ListItem\",\"position\":1,\"name\":\"Startseite\",\"item\":\"https:\\\/\\\/www.praxis-ilsegassner.li\\\/\"},{\"@type\":\"ListItem\",\"position\":2,\"name\":\"Kinesiologie\"}]},{\"@type\":\"WebSite\",\"@id\":\"https:\\\/\\\/www.praxis-ilsegassner.li\\\/#website\",\"url\":\"https:\\\/\\\/www.praxis-ilsegassner.li\\\/\",\"name\":\"Naturheilpraxis Ilse Gassner\",\"description\":\"Gesundheit hat viele Facetten\",\"publisher\":{\"@id\":\"https:\\\/\\\/www.praxis-ilsegassner.li\\\/#organization\"},\"potentialAction\":[{\"@type\":\"SearchAction\",\"target\":{\"@type\":\"EntryPoint\",\"urlTemplate\":\"https:\\\/\\\/www.praxis-ilsegassner.li\\\/?s={search_term_string}\"},\"query-input\":{\"@type\":\"PropertyValueSpecification\",\"valueRequired\":true,\"valueName\":\"search_term_string\"}}],\"inLanguage\":\"de\"},{\"@type\":\"Organization\",\"@id\":\"https:\\\/\\\/www.praxis-ilsegassner.li\\\/#organization\",\"name\":\"Naturheilpraxis Ilse Gassner\",\"url\":\"https:\\\/\\\/www.praxis-ilsegassner.li\\\/\",\"logo\":{\"@type\":\"ImageObject\",\"inLanguage\":\"de\",\"@id\":\"https:\\\/\\\/www.praxis-ilsegassner.li\\\/#\\\/schema\\\/logo\\\/image\\\/\",\"url\":\"https:\\\/\\\/www.praxis-ilsegassner.li\\\/wp-content\\\/uploads\\\/2021\\\/04\\\/O-Praxislogo_Gassner_Gst_hl.jpg\",\"contentUrl\":\"https:\\\/\\\/www.praxis-ilsegassner.li\\\/wp-content\\\/uploads\\\/2021\\\/04\\\/O-Praxislogo_Gassner_Gst_hl.jpg\",\"width\":827,\"height\":299,\"caption\":\"Naturheilpraxis Ilse Gassner\"},\"image\":{\"@id\":\"https:\\\/\\\/www.praxis-ilsegassner.li\\\/#\\\/schema\\\/logo\\\/image\\\/\"}}]}<\/script>\n<!-- \/ Yoast SEO plugin. -->","yoast_head_json":{"title":"Kinesiologie","description":"Die Kinesiologie ist eine k\u00f6rpereigene Feedback-Methode, bei der der K\u00f6rper durch einen Muskeltest r\u00fcckmeldet, was ihm gut tut oder nicht. Da alle vom Menschen gemachten Erfahrungen im Nervensystem und im Zellged\u00e4chtnis abgespeichert sind, sind die Antworten auf Fragen, was der Mensch braucht, um wieder ins Gleichgewicht zu kommen, in ihm selber.","robots":{"index":"index","follow":"follow","max-snippet":"max-snippet:-1","max-image-preview":"max-image-preview:large","max-video-preview":"max-video-preview:-1"},"canonical":"https:\/\/www.praxis-ilsegassner.li\/?page_id=637","og_locale":"de_DE","og_type":"article","og_title":"Kinesiologie","og_description":"Die Kinesiologie ist eine k\u00f6rpereigene Feedback-Methode, bei der der K\u00f6rper durch einen Muskeltest r\u00fcckmeldet, was ihm gut tut oder nicht. Da alle vom Menschen gemachten Erfahrungen im Nervensystem und im Zellged\u00e4chtnis abgespeichert sind, sind die Antworten auf Fragen, was der Mensch braucht, um wieder ins Gleichgewicht zu kommen, in ihm selber.","og_url":"https:\/\/www.praxis-ilsegassner.li\/?page_id=637","og_site_name":"Naturheilpraxis Ilse Gassner","article_modified_time":"2021-05-13T14:39:08+00:00","twitter_card":"summary_large_image","twitter_misc":{"Gesch\u00e4tzte Lesezeit":"2\u00a0Minuten"},"schema":{"@context":"https:\/\/schema.org","@graph":[{"@type":"WebPage","@id":"https:\/\/www.praxis-ilsegassner.li\/?page_id=637","url":"https:\/\/www.praxis-ilsegassner.li\/?page_id=637","name":"Kinesiologie","isPartOf":{"@id":"https:\/\/www.praxis-ilsegassner.li\/#website"},"datePublished":"2021-04-19T00:01:16+00:00","dateModified":"2021-05-13T14:39:08+00:00","description":"Die Kinesiologie ist eine k\u00f6rpereigene Feedback-Methode, bei der der K\u00f6rper durch einen Muskeltest r\u00fcckmeldet, was ihm gut tut oder nicht. Da alle vom Menschen gemachten Erfahrungen im Nervensystem und im Zellged\u00e4chtnis abgespeichert sind, sind die Antworten auf Fragen, was der Mensch braucht, um wieder ins Gleichgewicht zu kommen, in ihm selber.","breadcrumb":{"@id":"https:\/\/www.praxis-ilsegassner.li\/?page_id=637#breadcrumb"},"inLanguage":"de","potentialAction":[{"@type":"ReadAction","target":["https:\/\/www.praxis-ilsegassner.li\/?page_id=637"]}]},{"@type":"BreadcrumbList","@id":"https:\/\/www.praxis-ilsegassner.li\/?page_id=637#breadcrumb","itemListElement":[{"@type":"ListItem","position":1,"name":"Startseite","item":"https:\/\/www.praxis-ilsegassner.li\/"},{"@type":"ListItem","position":2,"name":"Kinesiologie"}]},{"@type":"WebSite","@id":"https:\/\/www.praxis-ilsegassner.li\/#website","url":"https:\/\/www.praxis-ilsegassner.li\/","name":"Naturheilpraxis Ilse Gassner","description":"Gesundheit hat viele Facetten","publisher":{"@id":"https:\/\/www.praxis-ilsegassner.li\/#organization"},"potentialAction":[{"@type":"SearchAction","target":{"@type":"EntryPoint","urlTemplate":"https:\/\/www.praxis-ilsegassner.li\/?s={search_term_string}"},"query-input":{"@type":"PropertyValueSpecification","valueRequired":true,"valueName":"search_term_string"}}],"inLanguage":"de"},{"@type":"Organization","@id":"https:\/\/www.praxis-ilsegassner.li\/#organization","name":"Naturheilpraxis Ilse Gassner","url":"https:\/\/www.praxis-ilsegassner.li\/","logo":{"@type":"ImageObject","inLanguage":"de","@id":"https:\/\/www.praxis-ilsegassner.li\/#\/schema\/logo\/image\/","url":"https:\/\/www.praxis-ilsegassner.li\/wp-content\/uploads\/2021\/04\/O-Praxislogo_Gassner_Gst_hl.jpg","contentUrl":"https:\/\/www.praxis-ilsegassner.li\/wp-content\/uploads\/2021\/04\/O-Praxislogo_Gassner_Gst_hl.jpg","width":827,"height":299,"caption":"Naturheilpraxis Ilse Gassner"},"image":{"@id":"https:\/\/www.praxis-ilsegassner.li\/#\/schema\/logo\/image\/"}}]}},"_links":{"self":[{"href":"https:\/\/www.praxis-ilsegassner.li\/index.php?rest_route=\/wp\/v2\/pages\/637","targetHints":{"allow":["GET"]}}],"collection":[{"href":"https:\/\/www.praxis-ilsegassner.li\/index.php?rest_route=\/wp\/v2\/pages"}],"about":[{"href":"https:\/\/www.praxis-ilsegassner.li\/index.php?rest_route=\/wp\/v2\/types\/page"}],"author":[{"embeddable":true,"href":"https:\/\/www.praxis-ilsegassner.li\/index.php?rest_route=\/wp\/v2\/users\/1"}],"replies":[{"embeddable":true,"href":"https:\/\/www.praxis-ilsegassner.li\/index.php?rest_route=%2Fwp%2Fv2%2Fcomments&post=637"}],"version-history":[{"count":10,"href":"https:\/\/www.praxis-ilsegassner.li\/index.php?rest_route=\/wp\/v2\/pages\/637\/revisions"}],"predecessor-version":[{"id":949,"href":"https:\/\/www.praxis-ilsegassner.li\/index.php?rest_route=\/wp\/v2\/pages\/637\/revisions\/949"}],"wp:attachment":[{"href":"https:\/\/www.praxis-ilsegassner.li\/index.php?rest_route=%2Fwp%2Fv2%2Fmedia&parent=637"}],"curies":[{"name":"wp","href":"https:\/\/api.w.org\/{rel}","templated":true}]}}